{"id":26764,"date":"2023-04-10T08:28:50","date_gmt":"2023-04-10T08:43:32","guid":{"rendered":"https:\/\/factory.sale\/?post_type=product&#038;p=26764"},"modified":"2026-04-03T16:50:49","modified_gmt":"2026-04-03T13:50:49","slug":"termopuidust-kumblustunn-valis-voi-siseahjule","status":"publish","type":"product","link":"https:\/\/factory.sale\/et\/toode\/termopuidust-kumblustunn-valis-voi-siseahjule\/","title":{"rendered":"Termopuidust k\u00fcmblust\u00fcnn (v\u00e4lis- v\u00f5i siseahjule)"},"content":{"rendered":"<p>Kauakestev puuk\u00fcttega k\u00fcmblust\u00fcnn termopuitkattega. V\u00e4line korpus on valmistatud termopuidust. See materjal on paremini kaitstud kokkut\u00f5mbumise ja lekete eest kui toorpuit, seda kahjustavad v\u00e4hem seened ja hallitus, sellel on paremad termilised ja h\u00fcgieenilised omadused, erksam ja \u00fchtlasem v\u00e4rv ning v\u00e4ljendunud tekstuur.<\/p>\n<p>&nbsp;<\/p>\n<p><strong>P\u00f5hikomplekt sisaldab:<\/strong><\/p>\n<ul>\n<li>Puidust t\u00fcnn kahe roostevabast terasest r\u00f5ngaga<\/li>\n<li>Pingid ja ahjupiire (sisekerisega mudelile)<\/li>\n<li>K\u00fcljed kaetud termopuiduga<\/li>\n<li>\u00c4ravool<\/li>\n<\/ul>\n<p>&nbsp;<\/p>\n<p>&nbsp;<\/p>\n<table id=\"tablepress-15\" class=\"tablepress tablepress-id-15\" style=\"height: 161px;\" width=\"454\">\n<thead>\n<tr class=\"row-1 odd\">\n<th class=\"column-1\"><b>Tehniline informatsioon:<\/b><\/th>\n<th class=\"column-2\"><\/th>\n<th class=\"column-3\"><\/th>\n<th class=\"column-4\"><\/th>\n<th class=\"column-5\"><\/th>\n<th class=\"column-6\"><\/th>\n<\/tr>\n<\/thead>\n<tbody class=\"row-hover\">\n<tr class=\"row-2 even\">\n<td class=\"column-1\">Suurus (m):<\/td>\n<td class=\"column-2\">\u00d81,6<\/td>\n<td class=\"column-3\">\u00d81,8<\/td>\n<td class=\"column-4\">\u00d82,0<\/td>\n<td class=\"column-5\">\u00d82,2<\/td>\n<td class=\"column-6\">\u00d82,4<\/td>\n<\/tr>\n<tr class=\"row-3 odd\">\n<td class=\"column-1\">Mahutavus (inimesed.):<\/td>\n<td class=\"column-2\">3-4<\/td>\n<td class=\"column-3\">5-6<\/td>\n<td class=\"column-4\">6-8<\/td>\n<td class=\"column-5\">7-9<\/td>\n<td class=\"column-6\">8-10<\/td>\n<\/tr>\n<tr class=\"row-4 even\">\n<td class=\"column-1\">Mahutavus (l):<\/td>\n<td class=\"column-2\">1300<\/td>\n<td class=\"column-3\">1800<\/td>\n<td class=\"column-4\">2300<\/td>\n<td class=\"column-5\">2900<\/td>\n<td class=\"column-6\">3600<\/td>\n<\/tr>\n<tr class=\"row-5 odd\">\n<td class=\"column-1\">Kaal (kg):<\/td>\n<td class=\"column-2\">190<\/td>\n<td class=\"column-3\">240<\/td>\n<td class=\"column-4\">290<\/td>\n<td class=\"column-5\">340<\/td>\n<td class=\"column-6\">400<\/td>\n<\/tr>\n<\/tbody>\n<\/table>\n<ul>\n<li>K\u00f5rgus: 1,12 m<\/li>\n<li>S\u00fcgavus: 0,98 m<\/li>\n<li>Istmete k\u00f5rgus: 320 mm<\/li>\n<li>Istmete laius: 350 mm<\/li>\n<li>Istmete paksus: 41 mm<\/li>\n<li>Puidu v\u00e4lispaksus: 41 mm<\/li>\n<li>P\u00f5randa paksus: 39 mm<\/li>\n<\/ul>\n<p>&nbsp;<\/p>\n<p><strong>Hinnad (ei sisalda k\u00e4ibemaksu):<\/strong><\/p>\n<ul>\n<li><strong>\u00d81,6 (LT16)<\/strong> &#8211; 1000,50 EUR<\/li>\n<li><strong>\u00d81,8 \u00a0(LT18)<\/strong> &#8211; 1092,50 EUR<\/li>\n<li><strong>\u00d82,0 (LT20)<\/strong> \u00a0&#8211; 1219 EUR<\/li>\n<li><strong>\u00d82,2 (LT22)<\/strong> &#8211; 1357 EUR<\/li>\n<li><strong>\u00d82,4 (LT24)<\/strong> &#8211; 1506,50 EUR<\/li>\n<\/ul>\n<p>&nbsp;<\/p>\n<p><strong>* Saadaval on palju tarvikuid. Saada meile p\u00e4ring ja k\u00fcsi lisainfot!<\/strong><\/p>\n<p>&nbsp;<\/p>\n<p>&nbsp;<\/p>\n<p><b>Transpordi informatsioon:<\/b><\/p>\n<p>Kohaletoimetamine t\u00f5stukiga veoautoga.<\/p>\n","protected":false},"excerpt":{"rendered":"<p>Kauakestev puuk\u00fcttega k\u00fcmblust\u00fcnn termopuitkattega. V\u00e4line korpus on valmistatud termopuidust. See materjal on paremini kaitstud kokkut\u00f5mbumise ja lekete eest kui toorpuit, seda kahjustavad v\u00e4hem seened ja hallitus, sellel on paremad termilised ja h\u00fcgieenilised omadused, erksam ja \u00fchtlasem v\u00e4rv ning v\u00e4ljendunud tekstuur.<\/p>\n<p>&nbsp;<\/p>\n<p><strong>Ostes Eesti tooteid, saate ainult k\u00f5rgeima kvaliteediga tooted.<\/strong><\/p>\n<p><img loading=\"lazy\" decoding=\"async\" class=\"alignnone wp-image-100903\" src=\"https:\/\/factory.sale\/wp-content\/uploads\/2023\/04\/made-inestonia-3-factory-sale-300x300.webp\" alt=\"Made in Estonia.\" width=\"255\" height=\"255\" srcset=\"https:\/\/factory.sale\/wp-content\/uploads\/2023\/04\/made-inestonia-3-factory-sale-300x300.webp 300w, https:\/\/factory.sale\/wp-content\/uploads\/2023\/04\/made-inestonia-3-factory-sale-1024x1024.webp 1024w, https:\/\/factory.sale\/wp-content\/uploads\/2023\/04\/made-inestonia-3-factory-sale-150x150.webp 150w, https:\/\/factory.sale\/wp-content\/uploads\/2023\/04\/made-inestonia-3-factory-sale-1536x1536.webp 1536w, https:\/\/factory.sale\/wp-content\/uploads\/2023\/04\/made-inestonia-3-factory-sale-600x600.webp 600w, https:\/\/factory.sale\/wp-content\/uploads\/2023\/04\/made-inestonia-3-factory-sale-100x100.webp 100w, https:\/\/factory.sale\/wp-content\/uploads\/2023\/04\/made-inestonia-3-factory-sale.webp 2048w\" sizes=\"auto, (max-width: 255px) 100vw, 255px\" \/><\/p>\n","protected":false},"featured_media":102383,"comment_status":"open","ping_status":"closed","template":"","meta":{"_acf_changed":false},"factory":[],"free-shipment":[],"product_brand":[],"product_cat":[2209,2593],"product_tag":[2842],"class_list":{"0":"post-26764","1":"product","2":"type-product","3":"status-publish","4":"has-post-thumbnail","6":"product_cat-kumblustunnid","7":"product_cat-puidust-kumblustunnid","8":"product_tag-hot-tub-et","10":"first","11":"instock","12":"sale","13":"taxable","14":"shipping-taxable","15":"purchasable","16":"product-type-simple"},"acf":[],"_links":{"self":[{"href":"https:\/\/factory.sale\/et\/wp-json\/wp\/v2\/product\/26764","targetHints":{"allow":["GET"]}}],"collection":[{"href":"https:\/\/factory.sale\/et\/wp-json\/wp\/v2\/product"}],"about":[{"href":"https:\/\/factory.sale\/et\/wp-json\/wp\/v2\/types\/product"}],"replies":[{"embeddable":true,"href":"https:\/\/factory.sale\/et\/wp-json\/wp\/v2\/comments?post=26764"}],"wp:featuredmedia":[{"embeddable":true,"href":"https:\/\/factory.sale\/et\/wp-json\/wp\/v2\/media\/102383"}],"wp:attachment":[{"href":"https:\/\/factory.sale\/et\/wp-json\/wp\/v2\/media?parent=26764"}],"wp:term":[{"taxonomy":"factory","embeddable":true,"href":"https:\/\/factory.sale\/et\/wp-json\/wp\/v2\/factory?post=26764"},{"taxonomy":"free-shipment","embeddable":true,"href":"https:\/\/factory.sale\/et\/wp-json\/wp\/v2\/free-shipment?post=26764"},{"taxonomy":"product_brand","embeddable":true,"href":"https:\/\/factory.sale\/et\/wp-json\/wp\/v2\/product_brand?post=26764"},{"taxonomy":"product_cat","embeddable":true,"href":"https:\/\/factory.sale\/et\/wp-json\/wp\/v2\/product_cat?post=26764"},{"taxonomy":"product_tag","embeddable":true,"href":"https:\/\/factory.sale\/et\/wp-json\/wp\/v2\/product_tag?post=26764"}],"curies":[{"name":"wp","href":"https:\/\/api.w.org\/{rel}","templated":true}]}}