{"id":26754,"date":"2023-04-10T08:00:55","date_gmt":"2023-04-10T08:11:10","guid":{"rendered":"https:\/\/factory.sale\/?post_type=product&#038;p=26754"},"modified":"2026-04-03T16:54:55","modified_gmt":"2026-04-03T13:54:55","slug":"kumblustunn-kuusestvalis-voi-siseahju-jaoks","status":"publish","type":"product","link":"https:\/\/factory.sale\/et\/toode\/kumblustunn-kuusestvalis-voi-siseahju-jaoks\/","title":{"rendered":"K\u00fcmblust\u00fcnn kuusest(v\u00e4lis- v\u00f5i siseahju jaoks)"},"content":{"rendered":"<p>Puuk\u00fcttega k\u00fcmblust\u00fcnn sise- v\u00f5i v\u00e4likerisega on klassikaline ja traditsiooniline naturaalsest puidust valmistatud mudel. See on peaaegu \u00fcks meeter s\u00fcgav ja sellel on mugav pink istumiseks. Pink sobib t\u00e4pselt puidust k\u00fcmblust\u00fcnni kujuga, seega on see turvaline ning seinaprofiili ja istmete vahele ei j\u00e4\u00e4 t\u00fchikuid. S\u00f5ltuvalt inimeste arvust saate valida \u00fcksk\u00f5ik millise viie erineva suuruse puidust k\u00fcmblust\u00fcnni hulgast. Iga puidust t\u00fcnn on k\u00e4sitsi valmistatud ja t\u00e4iendatud puuk\u00fcttega kerisega. Sisekeris on supluskohast eraldatud puitt\u00f5kkega, mis kaitseb nii kerist kui ka inimesi. Suurim sisek\u00fcttekehaga puidust t\u00fcnn mahutab kuni 10 inimest!<\/p>\n<p>&nbsp;<\/p>\n<p><strong>P\u00f5hikomplekt sisaldab:<\/strong><\/p>\n<ul>\n<li>K\u00fcmblust\u00fcnn kahe roostevabast terasest r\u00f5ngaga<\/li>\n<li>Pingid<\/li>\n<\/ul>\n<p>&nbsp;<\/p>\n<table id=\"tablepress-14\" class=\"tablepress tablepress-id-14\" style=\"height: 153px;\" width=\"521\">\n<thead>\n<tr class=\"row-1\">\n<th class=\"column-1\"><b>Tehniline teave:<\/b><\/th>\n<th class=\"column-2\"><\/th>\n<th class=\"column-3\"><\/th>\n<th class=\"column-4\"><\/th>\n<th class=\"column-5\"><\/th>\n<th class=\"column-6\"><\/th>\n<\/tr>\n<\/thead>\n<tbody class=\"row-striping row-hover\">\n<tr class=\"row-2\">\n<td class=\"column-1\">Suurus (m)<\/td>\n<td class=\"column-2\">\u00d81,6<\/td>\n<td class=\"column-3\">\u00d81,8<\/td>\n<td class=\"column-4\">\u00d82,0<\/td>\n<td class=\"column-5\">\u00d82,2<\/td>\n<td class=\"column-6\">\u00d82,4<\/td>\n<\/tr>\n<tr class=\"row-3\">\n<td class=\"column-1\">Mahutavus (inimesi)<\/td>\n<td class=\"column-2\">4-6<\/td>\n<td class=\"column-3\">7-8<\/td>\n<td class=\"column-4\">8-10<\/td>\n<td class=\"column-5\">9-11<\/td>\n<td class=\"column-6\">10-12<\/td>\n<\/tr>\n<tr class=\"row-4\">\n<td class=\"column-1\">Mahutavus (l)<\/td>\n<td class=\"column-2\">1400<\/td>\n<td class=\"column-3\">1900<\/td>\n<td class=\"column-4\">2400<\/td>\n<td class=\"column-5\">3000<\/td>\n<td class=\"column-6\">3700<\/td>\n<\/tr>\n<tr class=\"row-5\">\n<td class=\"column-1\">Kaal (kg)<\/td>\n<td class=\"column-2\">200<\/td>\n<td class=\"column-3\">250<\/td>\n<td class=\"column-4\">300<\/td>\n<td class=\"column-5\">350<\/td>\n<td class=\"column-6\">410<\/td>\n<\/tr>\n<\/tbody>\n<\/table>\n<div class=\"porto-block\" data-id=\"16046\">\n<div class=\"vc_row wpb_row row top-row wpb_custom_034b39d9bc6c6b310d69e39f0ccf274f\">\n<div class=\"vc_column_container col-md-12\">\n<div class=\"wpb_wrapper vc_column-inner\">\n<div class=\"wpb_text_column wpb_content_element wpb_custom_7c91d232724f73626cc933bd95b25ff0\">\n<div class=\"wpb_wrapper\">\n<p>&nbsp;<\/p>\n<\/div>\n<\/div>\n<\/div>\n<\/div>\n<\/div>\n<\/div>\n<p>&nbsp;<\/p>\n<ul>\n<li>K\u00f5rgus: 1,12 m<\/li>\n<li>S\u00fcgavus: 0,98 m<\/li>\n<li>Istmete k\u00f5rgus: 320 mm<\/li>\n<li>Istmete laius: 350 mm<\/li>\n<li>Istmete paksus: 41 mm<\/li>\n<li>Puidu v\u00e4lispaksus: 41 mm<\/li>\n<li>P\u00f5randa paksus: 39 mm<\/li>\n<\/ul>\n<p>&nbsp;<\/p>\n<p><strong>Hinnad (ei sisalda k\u00e4ibemaksu):<\/strong><\/p>\n<ul>\n<li><strong>\u00d81,6 (LE16)<\/strong> &#8211; 632,50 EUR<\/li>\n<li><strong>\u00d81,8 (LE18)<\/strong> &#8211; 713 EUR<\/li>\n<li><strong>\u00d82,0 (LE20)<\/strong> &#8211; 782 EUR<\/li>\n<li><strong>\u00d82,2 (LE22)<\/strong> &#8211; 931,50 EUR<\/li>\n<li><strong>\u00d82,4 (LE24)<\/strong> &#8211; 1069,50 EUR<\/li>\n<\/ul>\n<p>&nbsp;<\/p>\n<p>&nbsp;<\/p>\n<p>&nbsp;<\/p>\n<p>&nbsp;<\/p>\n<p><strong>* Saadaval on palju tarvikuid. Saada meile p\u00e4ring ja k\u00fcsi lisainfot!<\/strong><\/p>\n<p>&nbsp;<\/p>\n<p>&nbsp;<\/p>\n<div id=\"productTabContent\" class=\"tab-content\">\n<div id=\"description\" class=\"tab-pane fade show active\" role=\"tabpanel\" aria-labelledby=\"description-tab\">\n<p><b>Transpordi informatsioon:<\/b><\/p>\n<p>Kohaletoimetamine t\u00f5stukiga veoautoga.<\/p>\n<\/div>\n<\/div>\n<div class=\"pt-3\"><\/div>\n","protected":false},"excerpt":{"rendered":"<p>Puuk\u00fcttega k\u00fcmblust\u00fcnn sise- v\u00f5i v\u00e4likerisega on klassikaline ja traditsiooniline naturaalsest puidust valmistatud mudel. See on peaaegu \u00fcks meeter s\u00fcgav ja sellel on mugav pink istumiseks. Pink sobib t\u00e4pselt puidust k\u00fcmblust\u00fcnni kujuga, seega on see turvaline ning seinaprofiili ja istmete vahele ei j\u00e4\u00e4 t\u00fchikuid. S\u00f5ltuvalt inimeste arvust saate valida \u00fcksk\u00f5ik millise viie erineva suuruse puidust k\u00fcmblust\u00fcnni hulgast. Iga puidust t\u00fcnn on k\u00e4sitsi valmistatud ja t\u00e4iendatud puuk\u00fcttega kerisega. Sisekeris on supluskohast eraldatud puitt\u00f5kkega, mis kaitseb nii kerist kui ka inimesi. Suurim sisek\u00fcttekehaga puidust t\u00fcnn mahutab kuni 12 inimest!<\/p>\n<p><strong>Ostes Eesti tooteid, saate ainult k\u00f5rgeima kvaliteediga tooted.<\/strong><\/p>\n<p><img loading=\"lazy\" decoding=\"async\" class=\"alignnone wp-image-100903\" src=\"https:\/\/factory.sale\/wp-content\/uploads\/2023\/04\/made-inestonia-3-factory-sale-300x300.webp\" alt=\"Made in Estonia.\" width=\"255\" height=\"255\" srcset=\"https:\/\/factory.sale\/wp-content\/uploads\/2023\/04\/made-inestonia-3-factory-sale-300x300.webp 300w, https:\/\/factory.sale\/wp-content\/uploads\/2023\/04\/made-inestonia-3-factory-sale-1024x1024.webp 1024w, https:\/\/factory.sale\/wp-content\/uploads\/2023\/04\/made-inestonia-3-factory-sale-150x150.webp 150w, https:\/\/factory.sale\/wp-content\/uploads\/2023\/04\/made-inestonia-3-factory-sale-1536x1536.webp 1536w, https:\/\/factory.sale\/wp-content\/uploads\/2023\/04\/made-inestonia-3-factory-sale-600x600.webp 600w, https:\/\/factory.sale\/wp-content\/uploads\/2023\/04\/made-inestonia-3-factory-sale-100x100.webp 100w, https:\/\/factory.sale\/wp-content\/uploads\/2023\/04\/made-inestonia-3-factory-sale.webp 2048w\" sizes=\"auto, (max-width: 255px) 100vw, 255px\" \/><\/p>\n","protected":false},"featured_media":102371,"comment_status":"open","ping_status":"closed","template":"","meta":{"_acf_changed":false},"factory":[],"free-shipment":[],"product_brand":[],"product_cat":[2209,2593],"product_tag":[2842,1609],"class_list":{"0":"post-26754","1":"product","2":"type-product","3":"status-publish","4":"has-post-thumbnail","6":"product_cat-kumblustunnid","7":"product_cat-puidust-kumblustunnid","8":"product_tag-hot-tub-et","9":"product_tag-spruce-et","11":"first","12":"instock","13":"sale","14":"taxable","15":"shipping-taxable","16":"purchasable","17":"product-type-simple"},"acf":[],"_links":{"self":[{"href":"https:\/\/factory.sale\/et\/wp-json\/wp\/v2\/product\/26754","targetHints":{"allow":["GET"]}}],"collection":[{"href":"https:\/\/factory.sale\/et\/wp-json\/wp\/v2\/product"}],"about":[{"href":"https:\/\/factory.sale\/et\/wp-json\/wp\/v2\/types\/product"}],"replies":[{"embeddable":true,"href":"https:\/\/factory.sale\/et\/wp-json\/wp\/v2\/comments?post=26754"}],"wp:featuredmedia":[{"embeddable":true,"href":"https:\/\/factory.sale\/et\/wp-json\/wp\/v2\/media\/102371"}],"wp:attachment":[{"href":"https:\/\/factory.sale\/et\/wp-json\/wp\/v2\/media?parent=26754"}],"wp:term":[{"taxonomy":"factory","embeddable":true,"href":"https:\/\/factory.sale\/et\/wp-json\/wp\/v2\/factory?post=26754"},{"taxonomy":"free-shipment","embeddable":true,"href":"https:\/\/factory.sale\/et\/wp-json\/wp\/v2\/free-shipment?post=26754"},{"taxonomy":"product_brand","embeddable":true,"href":"https:\/\/factory.sale\/et\/wp-json\/wp\/v2\/product_brand?post=26754"},{"taxonomy":"product_cat","embeddable":true,"href":"https:\/\/factory.sale\/et\/wp-json\/wp\/v2\/product_cat?post=26754"},{"taxonomy":"product_tag","embeddable":true,"href":"https:\/\/factory.sale\/et\/wp-json\/wp\/v2\/product_tag?post=26754"}],"curies":[{"name":"wp","href":"https:\/\/api.w.org\/{rel}","templated":true}]}}