{"id":26736,"date":"2023-04-09T22:32:45","date_gmt":"2023-04-09T22:40:30","guid":{"rendered":"https:\/\/factory.sale\/?post_type=product&#038;p=26736"},"modified":"2026-02-16T08:53:14","modified_gmt":"2026-02-16T05:53:14","slug":"ovaalne-kumblustunn-terrassi-sisse-185-x-095-m","status":"publish","type":"product","link":"https:\/\/factory.sale\/et\/toode\/ovaalne-kumblustunn-terrassi-sisse-185-x-095-m\/","title":{"rendered":"1,85 x 0,95m Ovaalne klaasplast k\u00fcmblust\u00fcnn terrassile"},"content":{"rendered":"<p><strong>Tootekood: P19<\/strong><\/p>\n<p>&nbsp;<\/p>\n<p>V\u00e4iksem k\u00fcmblust\u00fcnni mudel v\u00f5imaldab s\u00e4\u00e4sta ruumi terrassil ja samal ajal saada maksimaalset r\u00f5\u00f5mu ja mugavust selle kasutamisel. T\u00fcnni ovaalne kuju on patenteeritud, varustatud mugavate istmete ja 2 pehme peatoega teie t\u00e4ielikuks l\u00f5\u00f5gastumiseks. K\u00f5ige \u00f6konoomsem klaaskiust t\u00fcnni maht (800 l) tagab kiire vee soojendamise ja madala k\u00fcttepuude kulu ning on \u00a0optimaalne valik 1-2 inimesele.<\/p>\n<p>&nbsp;<\/p>\n<p><strong>Komplekt sisaldab:<\/strong><\/p>\n<ul>\n<li>Klaasplastist sisu Gelcoat kattega<\/li>\n<li>2 pehmet peatuge<\/li>\n<\/ul>\n<p>&nbsp;<\/p>\n<p><strong>Parameetrid:<\/strong><\/p>\n<ul>\n<li>Suurus &#8211; 1,85 m x 0,95 m<\/li>\n<li>Maht \u2014 800 l<\/li>\n<li>Kaal (kg) &#8211; 36 (ilma ahjuta)<\/li>\n<li>S\u00fcgavus &#8211; 0,96 m<\/li>\n<li>Istmete k\u00f5rgus &#8211; 280 mm<\/li>\n<li>Istmete laius \u2013 480 mm<\/li>\n<\/ul>\n<p>&nbsp;<\/p>\n<p>&nbsp;<\/p>\n<p><strong>Korpuse v\u00e4rvivariatsioon vastavalt RAL paletile:<\/strong> RAL5010, RAL6034, RAL7016, RAL1013, RAL9005<\/p>\n<p>&nbsp;<\/p>\n<p><strong>* Saadaval on palju tarvikuid. Saada meile p\u00e4ring ja k\u00fcsi lisainfot!<\/strong><\/p>\n","protected":false},"excerpt":{"rendered":"<p>V\u00e4iksem k\u00fcmblust\u00fcnni mudel v\u00f5imaldab s\u00e4\u00e4sta ruumi terrassil ja samal ajal saada maksimaalset r\u00f5\u00f5mu ja mugavust selle kasutamisel. T\u00fcnni ovaalne kuju on patenteeritud, varustatud mugavate istmete ja 2 pehme peatoega teie t\u00e4ielikuks l\u00f5\u00f5gastumiseks. K\u00f5ige \u00f6konoomsem klaaskiust t\u00fcnni maht (800 l) tagab kiire vee soojendamise ja madala k\u00fcttepuude kulu ning on \u00a0optimaalne valik 1-2 inimesele.<\/p>\n<p>&nbsp;<\/p>\n<p>&nbsp;<\/p>\n","protected":false},"featured_media":26728,"comment_status":"open","ping_status":"closed","template":"","meta":{"_acf_changed":false},"factory":[],"free-shipment":[],"product_brand":[],"product_cat":[2209,2590],"product_tag":[2842],"class_list":{"0":"post-26736","1":"product","2":"type-product","3":"status-publish","4":"has-post-thumbnail","6":"product_cat-kumblustunnid","7":"product_cat-terrassikomplektid","8":"product_tag-hot-tub-et","10":"first","11":"instock","12":"sale","13":"taxable","14":"shipping-taxable","15":"purchasable","16":"product-type-simple"},"acf":[],"_links":{"self":[{"href":"https:\/\/factory.sale\/et\/wp-json\/wp\/v2\/product\/26736","targetHints":{"allow":["GET"]}}],"collection":[{"href":"https:\/\/factory.sale\/et\/wp-json\/wp\/v2\/product"}],"about":[{"href":"https:\/\/factory.sale\/et\/wp-json\/wp\/v2\/types\/product"}],"replies":[{"embeddable":true,"href":"https:\/\/factory.sale\/et\/wp-json\/wp\/v2\/comments?post=26736"}],"wp:featuredmedia":[{"embeddable":true,"href":"https:\/\/factory.sale\/et\/wp-json\/wp\/v2\/media\/26728"}],"wp:attachment":[{"href":"https:\/\/factory.sale\/et\/wp-json\/wp\/v2\/media?parent=26736"}],"wp:term":[{"taxonomy":"factory","embeddable":true,"href":"https:\/\/factory.sale\/et\/wp-json\/wp\/v2\/factory?post=26736"},{"taxonomy":"free-shipment","embeddable":true,"href":"https:\/\/factory.sale\/et\/wp-json\/wp\/v2\/free-shipment?post=26736"},{"taxonomy":"product_brand","embeddable":true,"href":"https:\/\/factory.sale\/et\/wp-json\/wp\/v2\/product_brand?post=26736"},{"taxonomy":"product_cat","embeddable":true,"href":"https:\/\/factory.sale\/et\/wp-json\/wp\/v2\/product_cat?post=26736"},{"taxonomy":"product_tag","embeddable":true,"href":"https:\/\/factory.sale\/et\/wp-json\/wp\/v2\/product_tag?post=26736"}],"curies":[{"name":"wp","href":"https:\/\/api.w.org\/{rel}","templated":true}]}}