{"id":26721,"date":"2023-04-09T22:22:00","date_gmt":"2023-04-09T22:26:15","guid":{"rendered":"https:\/\/factory.sale\/?post_type=product&#038;p=26721"},"modified":"2026-03-24T00:29:58","modified_gmt":"2026-03-23T21:29:58","slug":"18m-ummargune-kumblustunn-terrassile-uputatavale-ahjule","status":"publish","type":"product","link":"https:\/\/factory.sale\/et\/toode\/18m-ummargune-kumblustunn-terrassile-uputatavale-ahjule\/","title":{"rendered":"1,8m \u00dcmmargune klaasplast k\u00fcmblust\u00fcnn terrassile (uputatavale ahjule)"},"content":{"rendered":"<p><strong>Tootekood: P18V<\/strong><\/p>\n<p>&nbsp;<\/p>\n<p>V\u00e4ike hubane klaasplastist k\u00fcmblust\u00fcnni mudel terrassile sobib 2-3-liikmelisele perele v\u00f5i seltskonnale. Klaasplastist t\u00fcnn on v\u00e4ike ja \u00f6konoomne 1000-liitrine k\u00fcmblust\u00fcnn ning sisemine puuk\u00fcttega ahi tagab vee kiire soojendamise. T\u00fcnni sisse ehitatud ja kaitsva vaheseinaga varustatud k\u00fcmblust\u00fcnni kest n\u00e4eb teie terrassil esteetilisem v\u00e4lja. \u00dcmmargune k\u00fcmblust\u00fcnni kest on kompaktne, hermeetiliselt suletud konstruktsioon, mida saate t\u00e4iendada lisatarvikutega.<\/p>\n<p>&nbsp;<\/p>\n<p><strong>Terrassi komplekt sisaldab:<\/strong><\/p>\n<ul>\n<li>Klaasplastist sisu Gelcoat kattega<\/li>\n<li>Kamina piirdeaed uputava kamina jaoks (kui tellimuses on ka kamin)<\/li>\n<\/ul>\n<p>&nbsp;<\/p>\n<p><strong>Parameetrid:<\/strong><\/p>\n<ul>\n<li>L\u00e4bim\u00f5\u00f5t \u2013 1,8 m<\/li>\n<li>Maht \u2013 1 000 l<\/li>\n<li>Kaal (kg) &#8211; 55 (ilma ahjuta)<\/li>\n<li>S\u00fcgavus \u2013 0,96 m<\/li>\n<li>Istmete k\u00f5rgus &#8211; 280 mm<\/li>\n<li>Istmete laius \u2013 290 mm<\/li>\n<\/ul>\n<p>&nbsp;<\/p>\n<p><strong>Korpuse v\u00e4rvivariatsioon vastavalt RAL paletile:<\/strong> RAL5010, RAL6034, RAL7016, RAL1013, RAL9005<\/p>\n<p>&nbsp;<\/p>\n<p><strong>* Saadaval on palju tarvikuid. Saada meile p\u00e4ring ja k\u00fcsi lisainfot!<\/strong><\/p>\n<p>&nbsp;<\/p>\n<p>&nbsp;<\/p>\n<p><b>Transpordi informatsioon:<\/b><\/p>\n<p>Kohaletoimetamine t\u00f5stukiga veoautoga.<\/p>\n","protected":false},"excerpt":{"rendered":"<p>V\u00e4ike hubane klaasplastist k\u00fcmblust\u00fcnni mudel terrassile sobib 2-3-liikmelisele perele v\u00f5i seltskonnale. Klaasplastist t\u00fcnn on v\u00e4ike ja \u00f6konoomne 1000-liitrine k\u00fcmblust\u00fcnn ning sisemine puuk\u00fcttega ahi tagab vee kiire soojendamise. T\u00fcnni sisse ehitatud ja kaitsva vaheseinaga varustatud k\u00fcmblust\u00fcnni kest n\u00e4eb teie terrassil esteetilisem v\u00e4lja. \u00dcmmargune k\u00fcmblust\u00fcnni kest on kompaktne, hermeetiliselt suletud konstruktsioon, mida saate t\u00e4iendada lisatarvikutega.<\/p>\n<p><strong>Ostes Eesti tooteid, saate ainult k\u00f5rgeima kvaliteediga tooted.<\/strong><\/p>\n<p><img loading=\"lazy\" decoding=\"async\" class=\"alignnone wp-image-99203\" src=\"https:\/\/factory.sale\/wp-content\/uploads\/2023\/04\/made-in-estonia-factory-sale-300x102.webp\" alt=\"\" width=\"435\" height=\"148\" srcset=\"https:\/\/factory.sale\/wp-content\/uploads\/2023\/04\/made-in-estonia-factory-sale-300x102.webp 300w, https:\/\/factory.sale\/wp-content\/uploads\/2023\/04\/made-in-estonia-factory-sale-1024x349.webp 1024w, https:\/\/factory.sale\/wp-content\/uploads\/2023\/04\/made-in-estonia-factory-sale-150x51.webp 150w, https:\/\/factory.sale\/wp-content\/uploads\/2023\/04\/made-in-estonia-factory-sale-600x205.webp 600w, https:\/\/factory.sale\/wp-content\/uploads\/2023\/04\/made-in-estonia-factory-sale.webp 1244w\" sizes=\"auto, (max-width: 435px) 100vw, 435px\" \/><\/p>\n<p>&nbsp;<\/p>\n","protected":false},"featured_media":26719,"comment_status":"open","ping_status":"closed","template":"","meta":{"_acf_changed":false},"factory":[],"free-shipment":[],"product_brand":[],"product_cat":[2209,2590],"product_tag":[2842],"class_list":{"0":"post-26721","1":"product","2":"type-product","3":"status-publish","4":"has-post-thumbnail","6":"product_cat-kumblustunnid","7":"product_cat-terrassikomplektid","8":"product_tag-hot-tub-et","10":"first","11":"instock","12":"sale","13":"taxable","14":"shipping-taxable","15":"purchasable","16":"product-type-simple"},"acf":[],"_links":{"self":[{"href":"https:\/\/factory.sale\/et\/wp-json\/wp\/v2\/product\/26721","targetHints":{"allow":["GET"]}}],"collection":[{"href":"https:\/\/factory.sale\/et\/wp-json\/wp\/v2\/product"}],"about":[{"href":"https:\/\/factory.sale\/et\/wp-json\/wp\/v2\/types\/product"}],"replies":[{"embeddable":true,"href":"https:\/\/factory.sale\/et\/wp-json\/wp\/v2\/comments?post=26721"}],"wp:featuredmedia":[{"embeddable":true,"href":"https:\/\/factory.sale\/et\/wp-json\/wp\/v2\/media\/26719"}],"wp:attachment":[{"href":"https:\/\/factory.sale\/et\/wp-json\/wp\/v2\/media?parent=26721"}],"wp:term":[{"taxonomy":"factory","embeddable":true,"href":"https:\/\/factory.sale\/et\/wp-json\/wp\/v2\/factory?post=26721"},{"taxonomy":"free-shipment","embeddable":true,"href":"https:\/\/factory.sale\/et\/wp-json\/wp\/v2\/free-shipment?post=26721"},{"taxonomy":"product_brand","embeddable":true,"href":"https:\/\/factory.sale\/et\/wp-json\/wp\/v2\/product_brand?post=26721"},{"taxonomy":"product_cat","embeddable":true,"href":"https:\/\/factory.sale\/et\/wp-json\/wp\/v2\/product_cat?post=26721"},{"taxonomy":"product_tag","embeddable":true,"href":"https:\/\/factory.sale\/et\/wp-json\/wp\/v2\/product_tag?post=26721"}],"curies":[{"name":"wp","href":"https:\/\/api.w.org\/{rel}","templated":true}]}}