{"id":26712,"date":"2023-04-09T22:09:22","date_gmt":"2023-04-09T22:13:56","guid":{"rendered":"https:\/\/factory.sale\/?post_type=product&#038;p=26712"},"modified":"2026-02-16T08:50:39","modified_gmt":"2026-02-16T05:50:39","slug":"ummargune-kumblustunn-terrassi-sisse-valise-ahjuga-o18-m","status":"publish","type":"product","link":"https:\/\/factory.sale\/et\/toode\/ummargune-kumblustunn-terrassi-sisse-valise-ahjuga-o18-m\/","title":{"rendered":"1,8m \u00fcmmargune klaasplast k\u00fcmblust\u00fcnn terrassi sisse"},"content":{"rendered":"<p><strong>Tootekood: P18<\/strong><\/p>\n<p>&nbsp;<\/p>\n<p>Klassikaline \u00fcmmargune terrassile m\u00f5eldud k\u00fcmblust\u00fcnn sobib suurep\u00e4raselt ka v\u00e4ikeste lastega peredele. V\u00e4lisahjuga lahendus on mugav ja praktiline, kuna j\u00e4tab k\u00fcmblejatele rohkem ruumi ning muudab kasutamise lihtsamaks. Samas tagab 1100-liitrine veemaht \u00f6konoomse vee- ja k\u00fcttepuidu kulu.<br \/>\nT\u00e4nu v\u00e4lisele ahjule p\u00fcsib t\u00fcnn puhtam ning selle hooldamine on m\u00e4rksa lihtsam. \u00dcmmargune terrassi sisse paigaldatav k\u00fcmblust\u00fcnn on valmistatud kvaliteetsest ja vastupidavast klaasplastist, mis on turvaline ning kergesti hooldatav materjal. Paigaldamiseks on kaks v\u00f5imalust \u2013 s\u00fcvistatult terrassi sisse v\u00f5i raamitud lahendusena.<\/p>\n<p>&nbsp;<\/p>\n<p><strong>Terrassi komplekt sisaldab:<\/strong><\/p>\n<ul>\n<li>Klaasplast 1,8m t\u00fcnn Gelcoat kattega<\/li>\n<\/ul>\n<p>&nbsp;<\/p>\n<p><strong>Parameetrid:<\/strong><\/p>\n<ul>\n<li>L\u00e4bim\u00f5\u00f5t \u2013 1,8 m<\/li>\n<li>Maht \u2013 1 100 l<\/li>\n<li>Kaal (kg) &#8211; 46 (ilma ahjuta)<\/li>\n<li>S\u00fcgavus \u2013 0,96 m<\/li>\n<li>Istmete k\u00f5rgus &#8211; 280 mm<\/li>\n<li>Istmete laius \u2013 290 mm<\/li>\n<\/ul>\n<p><strong>Korpuse v\u00e4rvivariatsioon vastavalt RAL paletile:<\/strong> RAL5010, RAL6034, RAL7016, RAL1013, RAL9005<\/p>\n<p>&nbsp;<\/p>\n<p>* Saadaval on palju <strong>tarvikuid.<\/strong> Saada meile p\u00e4ring ja k\u00fcsi lisainfot!<\/p>\n","protected":false},"excerpt":{"rendered":"<p>Klassikaline \u00fcmmargune terrassile m\u00f5eldud k\u00fcmblust\u00fcnn sobib suurep\u00e4raselt ka v\u00e4ikeste lastega peredele. V\u00e4lisahjuga lahendus on mugav ja praktiline, kuna j\u00e4tab k\u00fcmblejatele rohkem ruumi ning muudab kasutamise lihtsamaks. Samas tagab 1100-liitrine veemaht \u00f6konoomse vee- ja k\u00fcttepuidu kulu.<br \/>\nT\u00e4nu v\u00e4lisele ahjule p\u00fcsib t\u00fcnn puhtam ning selle hooldamine on m\u00e4rksa lihtsam. \u00dcmmargune terrassi sisse paigaldatav k\u00fcmblust\u00fcnn on valmistatud kvaliteetsest ja vastupidavast klaasplastist, mis on turvaline ning kergesti hooldatav materjal. Paigaldamiseks on kaks v\u00f5imalust \u2013 s\u00fcvistatult terrassi sisse v\u00f5i raamitud lahendusena.<\/p>\n<p>&nbsp;<\/p>\n<p><strong>Ostes Eesti tooteid, saate ainult k\u00f5rgeima kvaliteediga tooted.<\/strong><\/p>\n<p><img loading=\"lazy\" decoding=\"async\" class=\"alignnone wp-image-100903\" src=\"https:\/\/factory.sale\/wp-content\/uploads\/2023\/04\/made-inestonia-3-factory-sale-300x300.webp\" alt=\"Made in Estonia.\" width=\"255\" height=\"255\" srcset=\"https:\/\/factory.sale\/wp-content\/uploads\/2023\/04\/made-inestonia-3-factory-sale-300x300.webp 300w, https:\/\/factory.sale\/wp-content\/uploads\/2023\/04\/made-inestonia-3-factory-sale-1024x1024.webp 1024w, https:\/\/factory.sale\/wp-content\/uploads\/2023\/04\/made-inestonia-3-factory-sale-150x150.webp 150w, https:\/\/factory.sale\/wp-content\/uploads\/2023\/04\/made-inestonia-3-factory-sale-1536x1536.webp 1536w, https:\/\/factory.sale\/wp-content\/uploads\/2023\/04\/made-inestonia-3-factory-sale-600x600.webp 600w, https:\/\/factory.sale\/wp-content\/uploads\/2023\/04\/made-inestonia-3-factory-sale-100x100.webp 100w, https:\/\/factory.sale\/wp-content\/uploads\/2023\/04\/made-inestonia-3-factory-sale.webp 2048w\" sizes=\"auto, (max-width: 255px) 100vw, 255px\" \/><\/p>\n","protected":false},"featured_media":26704,"comment_status":"open","ping_status":"closed","template":"","meta":{"_acf_changed":false},"factory":[],"free-shipment":[],"product_brand":[],"product_cat":[2209,2590],"product_tag":[2842],"class_list":{"0":"post-26712","1":"product","2":"type-product","3":"status-publish","4":"has-post-thumbnail","6":"product_cat-kumblustunnid","7":"product_cat-terrassikomplektid","8":"product_tag-hot-tub-et","10":"first","11":"instock","12":"sale","13":"taxable","14":"shipping-taxable","15":"purchasable","16":"product-type-simple"},"acf":[],"_links":{"self":[{"href":"https:\/\/factory.sale\/et\/wp-json\/wp\/v2\/product\/26712","targetHints":{"allow":["GET"]}}],"collection":[{"href":"https:\/\/factory.sale\/et\/wp-json\/wp\/v2\/product"}],"about":[{"href":"https:\/\/factory.sale\/et\/wp-json\/wp\/v2\/types\/product"}],"replies":[{"embeddable":true,"href":"https:\/\/factory.sale\/et\/wp-json\/wp\/v2\/comments?post=26712"}],"wp:featuredmedia":[{"embeddable":true,"href":"https:\/\/factory.sale\/et\/wp-json\/wp\/v2\/media\/26704"}],"wp:attachment":[{"href":"https:\/\/factory.sale\/et\/wp-json\/wp\/v2\/media?parent=26712"}],"wp:term":[{"taxonomy":"factory","embeddable":true,"href":"https:\/\/factory.sale\/et\/wp-json\/wp\/v2\/factory?post=26712"},{"taxonomy":"free-shipment","embeddable":true,"href":"https:\/\/factory.sale\/et\/wp-json\/wp\/v2\/free-shipment?post=26712"},{"taxonomy":"product_brand","embeddable":true,"href":"https:\/\/factory.sale\/et\/wp-json\/wp\/v2\/product_brand?post=26712"},{"taxonomy":"product_cat","embeddable":true,"href":"https:\/\/factory.sale\/et\/wp-json\/wp\/v2\/product_cat?post=26712"},{"taxonomy":"product_tag","embeddable":true,"href":"https:\/\/factory.sale\/et\/wp-json\/wp\/v2\/product_tag?post=26712"}],"curies":[{"name":"wp","href":"https:\/\/api.w.org\/{rel}","templated":true}]}}