{"id":26697,"date":"2025-10-12T21:58:34","date_gmt":"2023-04-09T22:03:10","guid":{"rendered":"https:\/\/factory.sale\/?post_type=product&#038;p=26697"},"modified":"2026-03-24T00:22:21","modified_gmt":"2026-03-23T21:22:21","slug":"quattro-kumblustunn-terrassi-sisse-17x2m","status":"publish","type":"product","link":"https:\/\/factory.sale\/et\/toode\/quattro-kumblustunn-terrassi-sisse-17x2m\/","title":{"rendered":"1,7x2m \u201cQuattro\u201d klaasplast k\u00fcmblust\u00fcnn terrassi sisse"},"content":{"rendered":"<p><video style=\"max-width: 100%; height: auto; display: block;\" preload=\"auto\" autoplay=\"autoplay\" loop=\"loop\" muted=\"\" controls=\"controls\" width=\"900\" height=\"1350\"><source src=\"https:\/\/factory.sale\/wp-content\/uploads\/2023\/04\/video-8lle-palju-terassille-quattro-tee-se-itse-2.0\u04451.7.mp4\" type=\"video\/mp4\" \/>Your browser does not support the video tag.<\/video><\/p>\n<p><strong>Tootekood: P217<\/strong><\/p>\n<p>&nbsp;<\/p>\n<p>Terrassile ehitatataval ruumikal ja suurel neljakandilisel k\u00fcmblust\u00fcnnil on suhteliselt v\u00e4ike veemaht (1400 l), mis tagab vee kiire soojenemise ja k\u00fcttepuude s\u00e4\u00e4stlikku kasutamise. T\u00e4nu ainulaadsele patenteeritud istmekujule, 4-le integreeritud peatoele ja astmele (v\u00f5i lapseistmele) on see klaasplast mudel \u00fcks mugavamaid. See terrassile m\u00f5eldud k\u00fcmblust\u00fcnn mahutab kuni 10 inimest, mis sobib suurele perele v\u00f5i seltskonnale. Lisades erinevaid kasulikke tarvikuid, saate kohandada k\u00fcmblust\u00fcnni enda eelistuste j\u00e4rgi.<\/p>\n<p>&nbsp;<\/p>\n<p><strong>Terrassi komplekt sisaldab:<\/strong><\/p>\n<ul>\n<li>Klaaskiust vann Gelcoat kattega<\/li>\n<li>4 pehme peatuge<\/li>\n<\/ul>\n<p>&nbsp;<\/p>\n<p><strong>Parameetrid:<\/strong><\/p>\n<ul>\n<li>Suurus-2,0 \u0445 1,7 m<\/li>\n<li>Maht \u2013 1 400 l<\/li>\n<li>Kaal (kg) &#8211; 68 (ilma ahjuta)<\/li>\n<li>S\u00fcgavus &#8211; 0,96 m<\/li>\n<li>Istmete k\u00f5rgus &#8211; 280 mm<\/li>\n<li>Istmete laius \u2013 460 mm<\/li>\n<\/ul>\n<p>&nbsp;<\/p>\n<p><strong>Korpuse v\u00e4rvivariatsioon vastavalt RAL paletile:<\/strong> RAL5010, RAL6034, RAL7016, RAL1013, RAL9005<\/p>\n<p>&nbsp;<\/p>\n<p><strong>* Saadaval on palju tarvikuid. Saada meile p\u00e4ring ja k\u00fcsi lisainfot!<\/strong><\/p>\n<p>&nbsp;<\/p>\n<p>&nbsp;<\/p>\n<p><b>Transpordi informatsioon:<\/b><\/p>\n<p>Kohaletoimetamine t\u00f5stukiga veoautoga.<\/p>\n","protected":false},"excerpt":{"rendered":"<p>Terrassile ehitatataval ruumikal ja suurel neljakandilisel k\u00fcmblust\u00fcnnil on suhteliselt v\u00e4ike veemaht (1400 l), mis tagab vee kiire soojenemise ja k\u00fcttepuude s\u00e4\u00e4stlikku kasutamise. T\u00e4nu ainulaadsele patenteeritud istmekujule, 4-le integreeritud peatoele ja astmele (v\u00f5i lapseistmele) on see klaasplast mudel \u00fcks mugavamaid. See terrassile m\u00f5eldud k\u00fcmblust\u00fcnn mahutab kuni 10 inimest, mis sobib suurele perele v\u00f5i seltskonnale. Lisades erinevaid kasulikke tarvikuid, saate kohandada k\u00fcmblust\u00fcnni enda eelistuste j\u00e4rgi.<\/p>\n<p><strong>Ostes Eesti tooteid, saate ainult k\u00f5rgeima kvaliteediga tooted.<\/strong><\/p>\n<p><img loading=\"lazy\" decoding=\"async\" class=\"alignnone wp-image-100903\" src=\"https:\/\/factory.sale\/wp-content\/uploads\/2023\/04\/made-inestonia-3-factory-sale-300x300.webp\" alt=\"Made in Estonia.\" width=\"255\" height=\"255\" srcset=\"https:\/\/factory.sale\/wp-content\/uploads\/2023\/04\/made-inestonia-3-factory-sale-300x300.webp 300w, https:\/\/factory.sale\/wp-content\/uploads\/2023\/04\/made-inestonia-3-factory-sale-1024x1024.webp 1024w, https:\/\/factory.sale\/wp-content\/uploads\/2023\/04\/made-inestonia-3-factory-sale-150x150.webp 150w, https:\/\/factory.sale\/wp-content\/uploads\/2023\/04\/made-inestonia-3-factory-sale-1536x1536.webp 1536w, https:\/\/factory.sale\/wp-content\/uploads\/2023\/04\/made-inestonia-3-factory-sale-600x600.webp 600w, https:\/\/factory.sale\/wp-content\/uploads\/2023\/04\/made-inestonia-3-factory-sale-100x100.webp 100w, https:\/\/factory.sale\/wp-content\/uploads\/2023\/04\/made-inestonia-3-factory-sale.webp 2048w\" sizes=\"auto, (max-width: 255px) 100vw, 255px\" \/><\/p>\n<p>&nbsp;<\/p>\n","protected":false},"featured_media":26692,"comment_status":"open","ping_status":"closed","template":"","meta":{"_acf_changed":false},"factory":[],"free-shipment":[],"product_brand":[],"product_cat":[2209,2590],"product_tag":[2842],"class_list":{"0":"post-26697","1":"product","2":"type-product","3":"status-publish","4":"has-post-thumbnail","6":"product_cat-kumblustunnid","7":"product_cat-terrassikomplektid","8":"product_tag-hot-tub-et","10":"first","11":"instock","12":"sale","13":"taxable","14":"shipping-taxable","15":"purchasable","16":"product-type-simple"},"acf":[],"_links":{"self":[{"href":"https:\/\/factory.sale\/et\/wp-json\/wp\/v2\/product\/26697","targetHints":{"allow":["GET"]}}],"collection":[{"href":"https:\/\/factory.sale\/et\/wp-json\/wp\/v2\/product"}],"about":[{"href":"https:\/\/factory.sale\/et\/wp-json\/wp\/v2\/types\/product"}],"replies":[{"embeddable":true,"href":"https:\/\/factory.sale\/et\/wp-json\/wp\/v2\/comments?post=26697"}],"wp:featuredmedia":[{"embeddable":true,"href":"https:\/\/factory.sale\/et\/wp-json\/wp\/v2\/media\/26692"}],"wp:attachment":[{"href":"https:\/\/factory.sale\/et\/wp-json\/wp\/v2\/media?parent=26697"}],"wp:term":[{"taxonomy":"factory","embeddable":true,"href":"https:\/\/factory.sale\/et\/wp-json\/wp\/v2\/factory?post=26697"},{"taxonomy":"free-shipment","embeddable":true,"href":"https:\/\/factory.sale\/et\/wp-json\/wp\/v2\/free-shipment?post=26697"},{"taxonomy":"product_brand","embeddable":true,"href":"https:\/\/factory.sale\/et\/wp-json\/wp\/v2\/product_brand?post=26697"},{"taxonomy":"product_cat","embeddable":true,"href":"https:\/\/factory.sale\/et\/wp-json\/wp\/v2\/product_cat?post=26697"},{"taxonomy":"product_tag","embeddable":true,"href":"https:\/\/factory.sale\/et\/wp-json\/wp\/v2\/product_tag?post=26697"}],"curies":[{"name":"wp","href":"https:\/\/api.w.org\/{rel}","templated":true}]}}