{"id":26685,"date":"2023-04-09T21:48:04","date_gmt":"2023-04-09T21:52:21","guid":{"rendered":"https:\/\/factory.sale\/?post_type=product&#038;p=26685"},"modified":"2026-03-24T00:32:28","modified_gmt":"2026-03-23T21:32:28","slug":"kaheksanurkne-kumblustunn-terrassi-sisse-24x18m","status":"publish","type":"product","link":"https:\/\/factory.sale\/et\/toode\/kaheksanurkne-kumblustunn-terrassi-sisse-24x18m\/","title":{"rendered":"2,4&#215;1,8m Kaheksanurkne klaasplastist k\u00fcmblust\u00fcnn terrassile"},"content":{"rendered":"<p><strong>Tootekood: P24<\/strong><\/p>\n<p>&nbsp;<\/p>\n<p>Omap\u00e4rase kaheksanurkse kujuga k\u00fcmblust\u00fcnn sobib suurele perele v\u00f5i seltskonnale. Seda saab korraga kasutada 9-11 inimest. Olles suhteliselt v\u00e4ikese veemahuga 1600 l, on sees palju ruumi (2,4&#215;1,8m). Mugavad anatoomiliste peatugedega istmed (4 istme kohta 4 kohta) mugavaks olemiseks. Vooder on valmistatud spetsiaalselt basseinide jaoks m\u00f5eldud klaasplastist, mis t\u00e4hendab, et materjal on uskumatult vastupidav, kaitstud pragude ja lekete eest.<br \/>\nSaate selle varustada k\u00f5ige vajalikuga, et luua oma hoovis oma spaa, n\u00e4iteks \u00a0lisades \u00f5humassaa\u017eis\u00fcsteem, h\u00fcdromassaa\u017eis\u00fcsteem, LED-valgustus, filtreerimiss\u00fcsteem jne. Seda k\u00fcmblust\u00fcnni saab integreerida kahel viisil: s\u00fcvistatud ja raamitud.<\/p>\n<p>&nbsp;<\/p>\n<p><strong>Terrassi komplekt sisaldab:<\/strong><\/p>\n<ul>\n<li>Klaasplastist sisu Gelcoat kattega<\/li>\n<li>4 pehmet integreeritud peatuge<\/li>\n<\/ul>\n<p>&nbsp;<\/p>\n<p>&nbsp;<\/p>\n<p><strong>Parameetrid:<\/strong><\/p>\n<ul>\n<li>Suurus \u2013 2,4 \u0445 1,8 m<\/li>\n<li>Maht \u2013 1600 l<\/li>\n<li>Kaal (kg) &#8211; 77 (ilma ahjuta)<\/li>\n<li>S\u00fcgavus \u2013 0,96 m<\/li>\n<\/ul>\n<p>&nbsp;<\/p>\n<p>&nbsp;<\/p>\n<p><strong>Korpuse v\u00e4rvivariatsioon vastavalt RAL paletile:<\/strong> RAL5010, RAL6034, RAL7016, RAL1013, RAL9005<\/p>\n<p>&nbsp;<\/p>\n<p><strong>* Saadaval on palju tarvikuid. Saada meile p\u00e4ring ja k\u00fcsi lisainfot!<\/strong><\/p>\n<p>&nbsp;<\/p>\n<p>&nbsp;<\/p>\n<p><b>Transpordi informatsioon:<\/b><\/p>\n<p>Kohaletoimetamine t\u00f5stukiga veoautoga.<\/p>\n","protected":false},"excerpt":{"rendered":"<p>Omap\u00e4rase kaheksanurkse kujuga k\u00fcmblust\u00fcnn sobib suurele perele v\u00f5i peole. Seda saab korraga kasutada 9-11 inimest. Olles suhteliselt v\u00e4ikese veemahuga 1600 l, on sees palju ruumi (2,4&#215;1,8m).Mugavad anatoomiliste peatugedega istmed (4 istme kohta 4 kohta) mugavaks olemiseks. Vooder on valmistatud spetsiaalselt basseinide jaoks m\u00f5eldud klaaskiust, mis t\u00e4hendab, et materjal on uskumatult vastupidav, kaitstud pragude ja lekete eest.<br \/>\nSaate selle varustada k\u00f5ige vajalikuga, et luua oma hoovis oma spaa, n\u00e4iteks \u00a0lisades \u00f5humassaa\u017eis\u00fcsteem, h\u00fcdromassaa\u017eis\u00fcsteem, LED-valgustus, filtreerimiss\u00fcsteem jne. Seda k\u00fcmblust\u00fcnni saab integreerida kahel viisil: s\u00fcvistatud ja raamitud.<\/p>\n<p>&nbsp;<\/p>\n<p><strong>Ostes Eesti tooteid, saate ainult k\u00f5rgeima kvaliteediga tooted.<\/strong><\/p>\n<p><img loading=\"lazy\" decoding=\"async\" class=\"alignnone wp-image-100903\" src=\"https:\/\/factory.sale\/wp-content\/uploads\/2023\/04\/made-inestonia-3-factory-sale-300x300.webp\" alt=\"Made in Estonia.\" width=\"255\" height=\"255\" srcset=\"https:\/\/factory.sale\/wp-content\/uploads\/2023\/04\/made-inestonia-3-factory-sale-300x300.webp 300w, https:\/\/factory.sale\/wp-content\/uploads\/2023\/04\/made-inestonia-3-factory-sale-1024x1024.webp 1024w, https:\/\/factory.sale\/wp-content\/uploads\/2023\/04\/made-inestonia-3-factory-sale-150x150.webp 150w, https:\/\/factory.sale\/wp-content\/uploads\/2023\/04\/made-inestonia-3-factory-sale-1536x1536.webp 1536w, https:\/\/factory.sale\/wp-content\/uploads\/2023\/04\/made-inestonia-3-factory-sale-600x600.webp 600w, https:\/\/factory.sale\/wp-content\/uploads\/2023\/04\/made-inestonia-3-factory-sale-100x100.webp 100w, https:\/\/factory.sale\/wp-content\/uploads\/2023\/04\/made-inestonia-3-factory-sale.webp 2048w\" sizes=\"auto, (max-width: 255px) 100vw, 255px\" \/><\/p>\n<p>&nbsp;<\/p>\n","protected":false},"featured_media":26683,"comment_status":"open","ping_status":"closed","template":"","meta":{"_acf_changed":false},"factory":[],"free-shipment":[],"product_brand":[],"product_cat":[2209,2590],"product_tag":[2842],"class_list":{"0":"post-26685","1":"product","2":"type-product","3":"status-publish","4":"has-post-thumbnail","6":"product_cat-kumblustunnid","7":"product_cat-terrassikomplektid","8":"product_tag-hot-tub-et","10":"first","11":"instock","12":"sale","13":"taxable","14":"shipping-taxable","15":"purchasable","16":"product-type-simple"},"acf":[],"_links":{"self":[{"href":"https:\/\/factory.sale\/et\/wp-json\/wp\/v2\/product\/26685","targetHints":{"allow":["GET"]}}],"collection":[{"href":"https:\/\/factory.sale\/et\/wp-json\/wp\/v2\/product"}],"about":[{"href":"https:\/\/factory.sale\/et\/wp-json\/wp\/v2\/types\/product"}],"replies":[{"embeddable":true,"href":"https:\/\/factory.sale\/et\/wp-json\/wp\/v2\/comments?post=26685"}],"wp:featuredmedia":[{"embeddable":true,"href":"https:\/\/factory.sale\/et\/wp-json\/wp\/v2\/media\/26683"}],"wp:attachment":[{"href":"https:\/\/factory.sale\/et\/wp-json\/wp\/v2\/media?parent=26685"}],"wp:term":[{"taxonomy":"factory","embeddable":true,"href":"https:\/\/factory.sale\/et\/wp-json\/wp\/v2\/factory?post=26685"},{"taxonomy":"free-shipment","embeddable":true,"href":"https:\/\/factory.sale\/et\/wp-json\/wp\/v2\/free-shipment?post=26685"},{"taxonomy":"product_brand","embeddable":true,"href":"https:\/\/factory.sale\/et\/wp-json\/wp\/v2\/product_brand?post=26685"},{"taxonomy":"product_cat","embeddable":true,"href":"https:\/\/factory.sale\/et\/wp-json\/wp\/v2\/product_cat?post=26685"},{"taxonomy":"product_tag","embeddable":true,"href":"https:\/\/factory.sale\/et\/wp-json\/wp\/v2\/product_tag?post=26685"}],"curies":[{"name":"wp","href":"https:\/\/api.w.org\/{rel}","templated":true}]}}