{"id":26676,"date":"2023-04-09T21:37:25","date_gmt":"2023-04-09T21:41:01","guid":{"rendered":"https:\/\/factory.sale\/?post_type=product&#038;p=26676"},"modified":"2026-03-24T00:35:23","modified_gmt":"2026-03-23T21:35:23","slug":"kaheksanurkne-kumblustunn-terrassi-sisse-2x2m","status":"publish","type":"product","link":"https:\/\/factory.sale\/et\/toode\/kaheksanurkne-kumblustunn-terrassi-sisse-2x2m\/","title":{"rendered":"2x2m Kaheksanurkne klaasplast k\u00fcmblust\u00fcnn terrassi sisse"},"content":{"rendered":"<p><strong>Tootekood: P82<\/strong><\/p>\n<p>&nbsp;<\/p>\n<p>Terrassi sisse ehitatavad k\u00fcmblust\u00fcnnid on stiilsed ja praktilised klaaskiudkonstruktsiooniga lahendused, mis on saadaval viies erinevas v\u00e4rvitoonis. Need sobivad suurep\u00e4raselt nii perega l\u00f5\u00f5gastumiseks kui ka v\u00e4iksemateks seltskondlikeks hetkedeks.<br \/>\nKlaasplastist k\u00fcmblust\u00fcnn on eriti vastupidav ja lihtsasti hooldatav \u2013 materjal ei pragune ega paisu nagu puit ning vajab minimaalselt hoolt. T\u00fcnnil on mugavad istumispingid ja neli pehmet peatuge, mis tagavad maksimaalse mugavuse igal kasutuskorral.<br \/>\nSoovi korral saate k\u00fcmblust\u00fcnni kujundada t\u00e4pselt oma maitse j\u00e4rgi, lisades praktilisi lisavarustusi nagu \u00f5humassaa\u017e, mullis\u00fcsteem v\u00f5i LED-valgustus.<\/p>\n<p>&nbsp;<\/p>\n<p><strong>Terrassi komplekt sisaldab:<\/strong><\/p>\n<ul>\n<li>Klaasplastist sisu Gelcoat kattega<\/li>\n<li>4 pehmet peatuge<\/li>\n<\/ul>\n<p>&nbsp;<\/p>\n<p>&nbsp;<\/p>\n<p><strong>Parameetrid:<\/strong><\/p>\n<ul>\n<li>Suurus-2,0 \u0445 2,0 m<\/li>\n<li>Maht \u2013 1 600 l<\/li>\n<li>Kaal (kg) &#8211; 54 (ilma ahjuta)<\/li>\n<li>S\u00fcgavus &#8211; 0,96 m<\/li>\n<li>Istmete k\u00f5rgus \u2013 274 mm<\/li>\n<li>Istmete laius \u2013 341 mm<\/li>\n<\/ul>\n<p>&nbsp;<\/p>\n<p><strong>Klaasplast sisu v\u00e4rvivariatsioon vastavalt RAL paletile:<\/strong> RAL5010, RAL6034, RAL7016, RAL1013, RAL9005<\/p>\n<p>&nbsp;<\/p>\n<p><strong>* Saadaval on palju tarvikuid. Saada meile p\u00e4ring ja k\u00fcsi lisainfot!<\/strong><\/p>\n<p>&nbsp;<\/p>\n<p>&nbsp;<\/p>\n<p><b>Transpordi informatsioon:<\/b><\/p>\n<p>Kohaletoimetamine t\u00f5stukiga veoautoga.<\/p>\n","protected":false},"excerpt":{"rendered":"<p>Klaasplastist k\u00fcmblust\u00fcnn on eriti vastupidav ja lihtsasti hooldatav \u2013 materjal ei pragune ega paisu nagu puit ning vajab minimaalselt hoolt. T\u00fcnnil on mugavad istumispingid ja neli pehmet peatuge, mis tagavad maksimaalse mugavuse igal kasutuskorral. Soovi korral saate k\u00fcmblust\u00fcnni kujundada t\u00e4pselt oma maitse j\u00e4rgi, lisades praktilisi lisavarustusi nagu \u00f5humassaa\u017e, mullis\u00fcsteem v\u00f5i LED-valgustus.<\/p>\n<p><strong>Ostes Eesti tooteid, saate ainult k\u00f5rgeima kvaliteediga tooted.<\/strong><\/p>\n<p><img loading=\"lazy\" decoding=\"async\" class=\"alignnone wp-image-100903\" src=\"https:\/\/factory.sale\/wp-content\/uploads\/2023\/04\/made-inestonia-3-factory-sale-300x300.webp\" alt=\"Made in Estonia.\" width=\"255\" height=\"255\" srcset=\"https:\/\/factory.sale\/wp-content\/uploads\/2023\/04\/made-inestonia-3-factory-sale-300x300.webp 300w, https:\/\/factory.sale\/wp-content\/uploads\/2023\/04\/made-inestonia-3-factory-sale-1024x1024.webp 1024w, https:\/\/factory.sale\/wp-content\/uploads\/2023\/04\/made-inestonia-3-factory-sale-150x150.webp 150w, https:\/\/factory.sale\/wp-content\/uploads\/2023\/04\/made-inestonia-3-factory-sale-1536x1536.webp 1536w, https:\/\/factory.sale\/wp-content\/uploads\/2023\/04\/made-inestonia-3-factory-sale-600x600.webp 600w, https:\/\/factory.sale\/wp-content\/uploads\/2023\/04\/made-inestonia-3-factory-sale-100x100.webp 100w, https:\/\/factory.sale\/wp-content\/uploads\/2023\/04\/made-inestonia-3-factory-sale.webp 2048w\" sizes=\"auto, (max-width: 255px) 100vw, 255px\" \/><\/p>\n<p>&nbsp;<\/p>\n","protected":false},"featured_media":26667,"comment_status":"open","ping_status":"closed","template":"","meta":{"_acf_changed":false},"factory":[],"free-shipment":[],"product_brand":[],"product_cat":[2209,2590],"product_tag":[2842],"class_list":{"0":"post-26676","1":"product","2":"type-product","3":"status-publish","4":"has-post-thumbnail","6":"product_cat-kumblustunnid","7":"product_cat-terrassikomplektid","8":"product_tag-hot-tub-et","10":"first","11":"instock","12":"sale","13":"taxable","14":"shipping-taxable","15":"purchasable","16":"product-type-simple"},"acf":[],"_links":{"self":[{"href":"https:\/\/factory.sale\/et\/wp-json\/wp\/v2\/product\/26676","targetHints":{"allow":["GET"]}}],"collection":[{"href":"https:\/\/factory.sale\/et\/wp-json\/wp\/v2\/product"}],"about":[{"href":"https:\/\/factory.sale\/et\/wp-json\/wp\/v2\/types\/product"}],"replies":[{"embeddable":true,"href":"https:\/\/factory.sale\/et\/wp-json\/wp\/v2\/comments?post=26676"}],"wp:featuredmedia":[{"embeddable":true,"href":"https:\/\/factory.sale\/et\/wp-json\/wp\/v2\/media\/26667"}],"wp:attachment":[{"href":"https:\/\/factory.sale\/et\/wp-json\/wp\/v2\/media?parent=26676"}],"wp:term":[{"taxonomy":"factory","embeddable":true,"href":"https:\/\/factory.sale\/et\/wp-json\/wp\/v2\/factory?post=26676"},{"taxonomy":"free-shipment","embeddable":true,"href":"https:\/\/factory.sale\/et\/wp-json\/wp\/v2\/free-shipment?post=26676"},{"taxonomy":"product_brand","embeddable":true,"href":"https:\/\/factory.sale\/et\/wp-json\/wp\/v2\/product_brand?post=26676"},{"taxonomy":"product_cat","embeddable":true,"href":"https:\/\/factory.sale\/et\/wp-json\/wp\/v2\/product_cat?post=26676"},{"taxonomy":"product_tag","embeddable":true,"href":"https:\/\/factory.sale\/et\/wp-json\/wp\/v2\/product_tag?post=26676"}],"curies":[{"name":"wp","href":"https:\/\/api.w.org\/{rel}","templated":true}]}}