{"id":26669,"date":"2025-10-12T21:04:11","date_gmt":"2023-04-09T21:28:33","guid":{"rendered":"https:\/\/factory.sale\/?post_type=product&#038;p=26669"},"modified":"2026-03-24T00:27:12","modified_gmt":"2026-03-23T21:27:12","slug":"kaheksanurkne-kumblustunn-terrassi-sisse-18x18m","status":"publish","type":"product","link":"https:\/\/factory.sale\/et\/toode\/kaheksanurkne-kumblustunn-terrassi-sisse-18x18m\/","title":{"rendered":"1,8&#215;1,8m Kaheksanurkne klaasplast k\u00fcmblust\u00fcnn terrassi sisse"},"content":{"rendered":"<p><strong>Tootekood: P8<\/strong><\/p>\n<p>&nbsp;<\/p>\n<p>Praktiline, turvaline ja vastupidav kaheksanurkne k\u00fcmblust\u00fcnn terrassile. T\u00e4nu mugavatele istmetele ja 4 pehmele peakomplektile v\u00f5ite olla kindel, et sellises t\u00fcnnis saate t\u00e4ielikult l\u00f5\u00f5gastuda. Toode tarnitakse kokkupanduna ja kasutusvalmis, lisada on vaja vaid puitkarkass. T\u00e4iuslik kombinatsioon kaasaegsetest tehnoloogiatest ning m\u00f5istlikust hinnast.<\/p>\n<p>&nbsp;<\/p>\n<p><strong>Terrassi komplekt sisaldab:<\/strong><\/p>\n<ul>\n<li>Klaaspalst t\u00fcnn Gelcoat kattega<\/li>\n<li>4 pehmet peatuge<\/li>\n<\/ul>\n<p>&nbsp;<\/p>\n<p><strong>Parameetrid:<\/strong><\/p>\n<ul>\n<li>Suurus-1,8 \u0445 1,8 m<\/li>\n<li>Maht \u2013 1 200 l<\/li>\n<li>Kaal (kg) &#8211; 51 (ilma ahjuta)<\/li>\n<li>S\u00fcgavus &#8211; 0,96 m<\/li>\n<li>Istmete k\u00f5rgus \u2013 274 mm<\/li>\n<li>Istmete laius \u2013 341 mm<\/li>\n<\/ul>\n<p>&nbsp;<\/p>\n<p>&nbsp;<\/p>\n<p><strong>Korpuse v\u00e4rvivariatsioon vastavalt RAL paletile:<\/strong> RAL5010, RAL6034, RAL7016, RAL1013, RAL9005<\/p>\n<p>&nbsp;<\/p>\n<p><strong>* Saadaval on palju tarvikuid. Saada meile p\u00e4ring ja k\u00fcsi lisainfot!<\/strong><\/p>\n<p>&nbsp;<\/p>\n<p>&nbsp;<\/p>\n<p><b>Transpordi informatsioon:<\/b><\/p>\n<p>Kohaletoimetamine t\u00f5stukiga veoautoga.<\/p>\n","protected":false},"excerpt":{"rendered":"<p>Praktiline, turvaline ja vastupidav kaheksanurkne k\u00fcmblust\u00fcnn terrassile. T\u00e4nu mugavatele istmetele ja 4 pehmele peakomplektile v\u00f5ite olla kindel, et sellises t\u00fcnnis saate t\u00e4ielikult l\u00f5\u00f5gastuda. Toode tarnitakse kokkupanduna ja kasutusvalmis, lisada on vaja vaid puitkarkass. T\u00e4iuslik kombinatsioon kaasaegsetest tehnoloogiatest ning m\u00f5istlikust hinnast.<\/p>\n<p>&nbsp;<\/p>\n<p><strong>Ostes Eesti tooteid, saate ainult k\u00f5rgeima kvaliteediga tooted.<\/strong><\/p>\n<p><img loading=\"lazy\" decoding=\"async\" class=\"alignnone wp-image-100903\" src=\"https:\/\/factory.sale\/wp-content\/uploads\/2023\/04\/made-inestonia-3-factory-sale-300x300.webp\" alt=\"Made in Estonia.\" width=\"255\" height=\"255\" srcset=\"https:\/\/factory.sale\/wp-content\/uploads\/2023\/04\/made-inestonia-3-factory-sale-300x300.webp 300w, https:\/\/factory.sale\/wp-content\/uploads\/2023\/04\/made-inestonia-3-factory-sale-1024x1024.webp 1024w, https:\/\/factory.sale\/wp-content\/uploads\/2023\/04\/made-inestonia-3-factory-sale-150x150.webp 150w, https:\/\/factory.sale\/wp-content\/uploads\/2023\/04\/made-inestonia-3-factory-sale-1536x1536.webp 1536w, https:\/\/factory.sale\/wp-content\/uploads\/2023\/04\/made-inestonia-3-factory-sale-600x600.webp 600w, https:\/\/factory.sale\/wp-content\/uploads\/2023\/04\/made-inestonia-3-factory-sale-100x100.webp 100w, https:\/\/factory.sale\/wp-content\/uploads\/2023\/04\/made-inestonia-3-factory-sale.webp 2048w\" sizes=\"auto, (max-width: 255px) 100vw, 255px\" \/><\/p>\n","protected":false},"featured_media":26667,"comment_status":"open","ping_status":"closed","template":"","meta":{"_acf_changed":false},"factory":[],"free-shipment":[],"product_brand":[],"product_cat":[2209,2590],"product_tag":[1483,2842],"class_list":{"0":"post-26669","1":"product","2":"type-product","3":"status-publish","4":"has-post-thumbnail","6":"product_cat-kumblustunnid","7":"product_cat-terrassikomplektid","8":"product_tag-garden-et","9":"product_tag-hot-tub-et","11":"first","12":"instock","13":"sale","14":"taxable","15":"shipping-taxable","16":"purchasable","17":"product-type-simple"},"acf":[],"_links":{"self":[{"href":"https:\/\/factory.sale\/et\/wp-json\/wp\/v2\/product\/26669","targetHints":{"allow":["GET"]}}],"collection":[{"href":"https:\/\/factory.sale\/et\/wp-json\/wp\/v2\/product"}],"about":[{"href":"https:\/\/factory.sale\/et\/wp-json\/wp\/v2\/types\/product"}],"replies":[{"embeddable":true,"href":"https:\/\/factory.sale\/et\/wp-json\/wp\/v2\/comments?post=26669"}],"wp:featuredmedia":[{"embeddable":true,"href":"https:\/\/factory.sale\/et\/wp-json\/wp\/v2\/media\/26667"}],"wp:attachment":[{"href":"https:\/\/factory.sale\/et\/wp-json\/wp\/v2\/media?parent=26669"}],"wp:term":[{"taxonomy":"factory","embeddable":true,"href":"https:\/\/factory.sale\/et\/wp-json\/wp\/v2\/factory?post=26669"},{"taxonomy":"free-shipment","embeddable":true,"href":"https:\/\/factory.sale\/et\/wp-json\/wp\/v2\/free-shipment?post=26669"},{"taxonomy":"product_brand","embeddable":true,"href":"https:\/\/factory.sale\/et\/wp-json\/wp\/v2\/product_brand?post=26669"},{"taxonomy":"product_cat","embeddable":true,"href":"https:\/\/factory.sale\/et\/wp-json\/wp\/v2\/product_cat?post=26669"},{"taxonomy":"product_tag","embeddable":true,"href":"https:\/\/factory.sale\/et\/wp-json\/wp\/v2\/product_tag?post=26669"}],"curies":[{"name":"wp","href":"https:\/\/api.w.org\/{rel}","templated":true}]}}