{"id":26660,"date":"2023-04-09T20:47:56","date_gmt":"2023-04-09T20:55:21","guid":{"rendered":"https:\/\/factory.sale\/?post_type=product&#038;p=26660"},"modified":"2026-02-17T08:30:32","modified_gmt":"2026-02-17T05:30:32","slug":"sisemine-puukuttega-ahi","status":"publish","type":"product","link":"https:\/\/factory.sale\/et\/toode\/sisemine-puukuttega-ahi\/","title":{"rendered":"Sisemine puuk\u00fcttega ahi"},"content":{"rendered":"<p>Ahi on m\u00f5eldud vee soojendamiseks k\u00fcmblust\u00fcnnides mahuga 500 kuni 3000 liitrit. Ahjude k\u00fctmiseks v\u00f5ib kasutada erinevat puitu nagu n\u00e4iteks kask, kuusk, m\u00e4nd jne.<\/p>\n<p>&nbsp;<\/p>\n<p><strong>Ahjude p\u00f5hilised kasutustingimused:<\/strong><\/p>\n<ul>\n<li>Maksimaalne lubatud veetemperatuur t\u00fcnnis on 45 kraadi.<\/li>\n<li>Ahju sisend- ja v\u00e4ljundtorusid ei ole lubatud sulgeda p\u00f5lemise ajal ja kuni ahju mahajahtumiseni.<\/li>\n<li>Ahjus ei ole lubatud tekitada lisar\u00f5hku.<\/li>\n<li>Veel ei ole lubatud k\u00fcmblust\u00fcnnis k\u00fclmuda. (sisemise ahju jaoks)<\/li>\n<\/ul>\n<p>&nbsp;<\/p>\n<p><strong>Alumiiniumist 27 kW (tootekood: VA):<\/strong><\/p>\n<ul>\n<li>K\u00f5rgus &#8211; 80 cm<\/li>\n<li>Pikkus &#8211; 65 cm<\/li>\n<li>Laius &#8211; 35 cm<\/li>\n<li>Kaal &#8211; 20 kg<\/li>\n<li>V\u00f5imsus \u2013 27 kW<\/li>\n<\/ul>\n<p>&nbsp;<\/p>\n<p><strong>Roostevabast terasest 24 kW (tootekood: VN):<\/strong><\/p>\n<ul>\n<li>K\u00f5rgus &#8211; 80 cm<\/li>\n<li>Pikkus &#8211; 65 cm<\/li>\n<li>Laius &#8211; 35 cm<\/li>\n<li>Kaal &#8211; 28 kg<\/li>\n<li>V\u00f5imsus \u2013 24 kW<\/li>\n<\/ul>\n<p>&nbsp;<\/p>\n<p><strong>P\u00f5hikomplekt sisaldab:<\/strong><\/p>\n<ul>\n<li>Korstna alumine osa: 32 cm, \u00d8114 mm, p\u00f5lemiskambri k\u00fclge keevitatud<\/li>\n<li>Korsten: 1 m, \u00d8114 mm<\/li>\n<li>Korsten: 1 m, \u00d8 114 mm, Vihmam\u00fctsiga<\/li>\n<li>Tuhaalus<\/li>\n<li>Komplekti kuuluvad monteerimismaterjalid<\/li>\n<\/ul>\n<p>&nbsp;<\/p>\n<p><em>K\u00fcttepuude maksimaalne pikkus:\u00a0\u00a0480 mm<\/em><\/p>\n","protected":false},"excerpt":{"rendered":"<p>Ahi on m\u00f5eldud vee soojendamiseks k\u00fcmblust\u00fcnnides mahuga 500 kuni 3000 liitrit. Ahjude k\u00fctmiseks v\u00f5ib kasutada erinevat puitu nagu n\u00e4iteks kask, kuusk, m\u00e4nd jne.<\/p>\n<p>&nbsp;<\/p>\n<p><strong>Ostes Eesti tooteid, saate ainult k\u00f5rgeima kvaliteediga tooted.<\/strong><\/p>\n<p><img loading=\"lazy\" decoding=\"async\" class=\"alignnone wp-image-100903 perfmatters-lazy entered pmloaded\" src=\"https:\/\/factory.sale\/wp-content\/uploads\/2023\/04\/made-inestonia-3-factory-sale-300x300.webp\" alt=\"Made in Estonia.\" width=\"255\" height=\"255\" data-src=\"https:\/\/factory.sale\/wp-content\/uploads\/2023\/04\/made-inestonia-3-factory-sale-300x300.webp\" data-ll-status=\"loaded\" srcset=\"https:\/\/factory.sale\/wp-content\/uploads\/2023\/04\/made-inestonia-3-factory-sale-300x300.webp 300w, https:\/\/factory.sale\/wp-content\/uploads\/2023\/04\/made-inestonia-3-factory-sale-1024x1024.webp 1024w, https:\/\/factory.sale\/wp-content\/uploads\/2023\/04\/made-inestonia-3-factory-sale-150x150.webp 150w, https:\/\/factory.sale\/wp-content\/uploads\/2023\/04\/made-inestonia-3-factory-sale-1536x1536.webp 1536w, https:\/\/factory.sale\/wp-content\/uploads\/2023\/04\/made-inestonia-3-factory-sale-600x600.webp 600w, https:\/\/factory.sale\/wp-content\/uploads\/2023\/04\/made-inestonia-3-factory-sale-100x100.webp 100w, https:\/\/factory.sale\/wp-content\/uploads\/2023\/04\/made-inestonia-3-factory-sale.webp 2048w\" sizes=\"auto, (max-width: 255px) 100vw, 255px\" \/><\/p>\n","protected":false},"featured_media":26652,"comment_status":"open","ping_status":"closed","template":"","meta":{"_acf_changed":false},"factory":[],"free-shipment":[],"product_brand":[],"product_cat":[1247,2308],"product_tag":[1892],"class_list":{"0":"post-26660","1":"product","2":"type-product","3":"status-publish","4":"has-post-thumbnail","6":"product_cat-ahjud","7":"product_cat-kumblustunnide-ahjud","8":"product_tag-stove-et","10":"first","11":"instock","12":"sale","13":"taxable","14":"shipping-taxable","15":"purchasable","16":"product-type-simple"},"acf":[],"_links":{"self":[{"href":"https:\/\/factory.sale\/et\/wp-json\/wp\/v2\/product\/26660","targetHints":{"allow":["GET"]}}],"collection":[{"href":"https:\/\/factory.sale\/et\/wp-json\/wp\/v2\/product"}],"about":[{"href":"https:\/\/factory.sale\/et\/wp-json\/wp\/v2\/types\/product"}],"replies":[{"embeddable":true,"href":"https:\/\/factory.sale\/et\/wp-json\/wp\/v2\/comments?post=26660"}],"wp:featuredmedia":[{"embeddable":true,"href":"https:\/\/factory.sale\/et\/wp-json\/wp\/v2\/media\/26652"}],"wp:attachment":[{"href":"https:\/\/factory.sale\/et\/wp-json\/wp\/v2\/media?parent=26660"}],"wp:term":[{"taxonomy":"factory","embeddable":true,"href":"https:\/\/factory.sale\/et\/wp-json\/wp\/v2\/factory?post=26660"},{"taxonomy":"free-shipment","embeddable":true,"href":"https:\/\/factory.sale\/et\/wp-json\/wp\/v2\/free-shipment?post=26660"},{"taxonomy":"product_brand","embeddable":true,"href":"https:\/\/factory.sale\/et\/wp-json\/wp\/v2\/product_brand?post=26660"},{"taxonomy":"product_cat","embeddable":true,"href":"https:\/\/factory.sale\/et\/wp-json\/wp\/v2\/product_cat?post=26660"},{"taxonomy":"product_tag","embeddable":true,"href":"https:\/\/factory.sale\/et\/wp-json\/wp\/v2\/product_tag?post=26660"}],"curies":[{"name":"wp","href":"https:\/\/api.w.org\/{rel}","templated":true}]}}