{"id":26618,"date":"2023-04-09T18:48:03","date_gmt":"2023-04-09T19:03:26","guid":{"rendered":"https:\/\/factory.sale\/?post_type=product&#038;p=26618"},"modified":"2026-02-17T08:28:58","modified_gmt":"2026-02-17T05:28:58","slug":"valine-ahi-alumiiniumist-27-kw","status":"publish","type":"product","link":"https:\/\/factory.sale\/et\/toode\/valine-ahi-alumiiniumist-27-kw\/","title":{"rendered":"V\u00e4line ahi alumiiniumist 27 kW"},"content":{"rendered":"<p><strong>Tootekood: NA27<\/strong><\/p>\n<p>&nbsp;<\/p>\n<p>Ahi on m\u00f5eldud vee soojendamiseks k\u00fcmblust\u00fcnnides mahuga 500 kuni 3000 liitrit. Ahju k\u00fctuseks sobib eri liiki puit nagu n\u00e4iteks kask, kuusk, m\u00e4nd jne.<\/p>\n<p>&nbsp;<\/p>\n<p><strong>Ahju p\u00f5hilised kasutustingimused:<\/strong><\/p>\n<ul>\n<li>Maksimaalne lubatud veetemperatuur k\u00fcmblust\u00fcnnis on 45 kraadi.<\/li>\n<li>Ahju sisend- ja v\u00e4ljundtorusid ei ole lubatud sulgeda p\u00f5lemise ajal ja kuni ahju mahajahtumiseni. (v\u00e4lise ahju jaoks)<\/li>\n<li>Ahjus ei ole lubatud tekitada lisar\u00f5hku. (v\u00e4lise ahju jaoks)<\/li>\n<li>Vesi ei tohi ahjus k\u00fclmuda. (v\u00e4lise ahju jaoks)<\/li>\n<li>Veel ei ole lubatud k\u00fcmblust\u00fcnnis k\u00fclmuda. (sisemise ahju jaoks)<\/li>\n<\/ul>\n<p>&nbsp;<\/p>\n<p>&nbsp;<\/p>\n<p><strong>Parameetrid:<\/strong><\/p>\n<ul>\n<li>K\u00f5rgus &#8211; 68 cm<\/li>\n<li>Pikkus &#8211; 67 cm<\/li>\n<li>Laius &#8211; 35 cm<\/li>\n<li>Kaal &#8211; 35 kg<\/li>\n<li>V\u00f5imsus \u2013 27 kW<\/li>\n<\/ul>\n<p>&nbsp;<\/p>\n<p><strong>P\u00f5hikomplekt sisaldab:<\/strong><\/p>\n<ul>\n<li>V\u00e4line puuk\u00fcttega ahi<\/li>\n<li>Korsten 1 m, \u00d8 114 mm,<\/li>\n<li>Korsten 1 m, \u00d8 114 mm, Vihmam\u00fctsiga<\/li>\n<li>2 \u00e4\u00e4rikut, \u00d8 75 mm<\/li>\n<li>2 x 20 cm voolikud<\/li>\n<li>4 voolikuklambrit<\/li>\n<li>Metallist rest<\/li>\n<\/ul>\n<p>&nbsp;<\/p>\n<p><em>K\u00fcttepuude maksimaalne pikkus: 415 mm<\/em><\/p>\n","protected":false},"excerpt":{"rendered":"<p>Ahi on m\u00f5eldud vee soojendamiseks k\u00fcmblust\u00fcnnides mahuga 500 kuni 3000 liitrit. Ahjude k\u00fctuseks v\u00f5ib olla puit erinevatest puuliikidest nagu kask, kuusk, m\u00e4nd jne.<\/p>\n<p>&nbsp;<\/p>\n<p><strong>Ostes Eesti tooteid, saate ainult k\u00f5rgeima kvaliteediga tooted.<\/strong><\/p>\n<p><img loading=\"lazy\" decoding=\"async\" class=\"alignnone wp-image-100903 perfmatters-lazy entered pmloaded\" src=\"https:\/\/factory.sale\/wp-content\/uploads\/2023\/04\/made-inestonia-3-factory-sale-300x300.webp\" alt=\"Made in Estonia.\" width=\"255\" height=\"255\" data-src=\"https:\/\/factory.sale\/wp-content\/uploads\/2023\/04\/made-inestonia-3-factory-sale-300x300.webp\" data-ll-status=\"loaded\" srcset=\"https:\/\/factory.sale\/wp-content\/uploads\/2023\/04\/made-inestonia-3-factory-sale-300x300.webp 300w, https:\/\/factory.sale\/wp-content\/uploads\/2023\/04\/made-inestonia-3-factory-sale-1024x1024.webp 1024w, https:\/\/factory.sale\/wp-content\/uploads\/2023\/04\/made-inestonia-3-factory-sale-150x150.webp 150w, https:\/\/factory.sale\/wp-content\/uploads\/2023\/04\/made-inestonia-3-factory-sale-1536x1536.webp 1536w, https:\/\/factory.sale\/wp-content\/uploads\/2023\/04\/made-inestonia-3-factory-sale-600x600.webp 600w, https:\/\/factory.sale\/wp-content\/uploads\/2023\/04\/made-inestonia-3-factory-sale-100x100.webp 100w, https:\/\/factory.sale\/wp-content\/uploads\/2023\/04\/made-inestonia-3-factory-sale.webp 2048w\" sizes=\"auto, (max-width: 255px) 100vw, 255px\" \/><\/p>\n","protected":false},"featured_media":26610,"comment_status":"open","ping_status":"closed","template":"","meta":{"_acf_changed":false},"factory":[],"free-shipment":[],"product_brand":[],"product_cat":[1247,2308],"product_tag":[],"class_list":{"0":"post-26618","1":"product","2":"type-product","3":"status-publish","4":"has-post-thumbnail","6":"product_cat-ahjud","7":"product_cat-kumblustunnide-ahjud","9":"first","10":"instock","11":"sale","12":"taxable","13":"shipping-taxable","14":"purchasable","15":"product-type-simple"},"acf":[],"_links":{"self":[{"href":"https:\/\/factory.sale\/et\/wp-json\/wp\/v2\/product\/26618","targetHints":{"allow":["GET"]}}],"collection":[{"href":"https:\/\/factory.sale\/et\/wp-json\/wp\/v2\/product"}],"about":[{"href":"https:\/\/factory.sale\/et\/wp-json\/wp\/v2\/types\/product"}],"replies":[{"embeddable":true,"href":"https:\/\/factory.sale\/et\/wp-json\/wp\/v2\/comments?post=26618"}],"wp:featuredmedia":[{"embeddable":true,"href":"https:\/\/factory.sale\/et\/wp-json\/wp\/v2\/media\/26610"}],"wp:attachment":[{"href":"https:\/\/factory.sale\/et\/wp-json\/wp\/v2\/media?parent=26618"}],"wp:term":[{"taxonomy":"factory","embeddable":true,"href":"https:\/\/factory.sale\/et\/wp-json\/wp\/v2\/factory?post=26618"},{"taxonomy":"free-shipment","embeddable":true,"href":"https:\/\/factory.sale\/et\/wp-json\/wp\/v2\/free-shipment?post=26618"},{"taxonomy":"product_brand","embeddable":true,"href":"https:\/\/factory.sale\/et\/wp-json\/wp\/v2\/product_brand?post=26618"},{"taxonomy":"product_cat","embeddable":true,"href":"https:\/\/factory.sale\/et\/wp-json\/wp\/v2\/product_cat?post=26618"},{"taxonomy":"product_tag","embeddable":true,"href":"https:\/\/factory.sale\/et\/wp-json\/wp\/v2\/product_tag?post=26618"}],"curies":[{"name":"wp","href":"https:\/\/api.w.org\/{rel}","templated":true}]}}