{"id":26600,"date":"2023-04-09T11:55:00","date_gmt":"2023-04-09T11:58:02","guid":{"rendered":"https:\/\/factory.sale\/?post_type=product&#038;p=26600"},"modified":"2026-03-23T23:58:06","modified_gmt":"2026-03-23T20:58:06","slug":"ovaalne-kumblustunn-valispliidiga-185-x-095-m","status":"publish","type":"product","link":"https:\/\/factory.sale\/et\/toode\/ovaalne-kumblustunn-valispliidiga-185-x-095-m\/","title":{"rendered":"1,8 x 0,95m ovaalne k\u00fcmblust\u00fcnn v\u00e4lisahjuga"},"content":{"rendered":"<p><strong>Tootekood: TP19<\/strong><\/p>\n<p>&nbsp;<\/p>\n<h2>Klaaskiud<\/h2>\n<p>See materjal (70% klaaskiud) p\u00f5hineb pol\u00fceetervaigul, sellel on metallidele omane vastupidavus ja pikaealisus, lisaks sellele, et see on pol\u00fcmeerina bioloogiliselt vastupidav (ei m\u00e4dane, ei muuda v\u00e4rvi ega muutu hapraks).<\/p>\n<ul>\n<li>Korrosioonikindel<\/li>\n<li>Ei k\u00f5verdu<\/li>\n<li>Head f\u00fc\u00fcsikalised ja mehaanilised omadused<\/li>\n<li>Vastupidav n\u00f5udlikule keskkonnale<\/li>\n<li>Ei eralda kuumutamisel m\u00fcrgiseid \u00fchendeid<\/li>\n<\/ul>\n<p>V\u00e4ikseim ovaalne k\u00fcmblust\u00fcnni mudel v\u00f5imaldab s\u00e4\u00e4sta ruumi ja samal ajal nautida selle kasutamisel maksimaalset r\u00f5\u00f5mu ja mugavust. Teie mugavuse tagamiseks on see varustatud 2 pehme peatoe ja istmega. Klaaskiudsisu \u00f6konoomsem 800 liitrine maht tagab kiire vee soojendamise. V\u00e4liskate on valmistatud termopuidust: erilisest vastupidavast, \u00f6koloogilisest ja kaasaegsest materjalist.<br \/>\nSee on k\u00f5ige \u00f6konoomsem ja odavaim puuk\u00fcttega k\u00fcmblust\u00fcnn aeda klaaskiust t\u00fcnnide seas, mille ostmisel r\u00f5\u00f5mustate kindlasti ennast ja oma l\u00e4hedasi.<\/p>\n<p>&nbsp;<\/p>\n<p><strong>P\u00f5hikomplekt sisaldab:<\/strong><\/p>\n<ul>\n<li>Klaaskiust vann, kaetud 18 mm termopuiduga<\/li>\n<li>27 kW v\u00e4line ahi koos korstnakomplektiga<\/li>\n<li>Veekindel raam<\/li>\n<li>4 peatuge<\/li>\n<li>\u00c4ravool<\/li>\n<\/ul>\n<p>&nbsp;<\/p>\n<p>&nbsp;<\/p>\n<p><strong>Parameetrid:<\/strong><\/p>\n<ul>\n<li>Suurus \u2013 1,85 x 0,95 m<\/li>\n<li>Maht \u2013 800 l<\/li>\n<li>Kaal (kg) &#8211; 120<\/li>\n<li>Mahutavus \u2013 2 inimest<\/li>\n<li>K\u00f5rgus &#8211; 1,1 m<\/li>\n<li>S\u00fcgavus \u2013 0,96 m<\/li>\n<li>Istmete k\u00f5rgus \u2013 280 mm<\/li>\n<li>Istmete laius \u2013 480 mm<\/li>\n<li>Termopuidust v\u00e4lispaksus \u2013 18 mm<\/li>\n<li>Veekindel vineerp\u00f5randakate \u2013 9 mm<\/li>\n<\/ul>\n<p>&nbsp;<\/p>\n<p>&nbsp;<\/p>\n<p>&nbsp;<\/p>\n<p><strong>Korpuse v\u00e4rvivariatsioon vastavalt RAL paletile:<\/strong> RAL5010, RAL6034, RAL7016, RAL1013, RAL9005<\/p>\n<p>&nbsp;<\/p>\n<p><strong>* Saadaval on palju tarvikuid. Saada meile p\u00e4ring ja k\u00fcsi lisainfot!<\/strong><\/p>\n<p>&nbsp;<\/p>\n<p>&nbsp;<\/p>\n<p><b>Transpordi informatsioon:<\/b><\/p>\n<p>Kohaletoimetamine t\u00f5stukiga veoautoga.<\/p>\n","protected":false},"excerpt":{"rendered":"<p>V\u00e4ikseim ovaalne k\u00fcmblust\u00fcnni mudel v\u00f5imaldab s\u00e4\u00e4sta ruumi ja samal ajal nautida selle kasutamisel maksimaalset r\u00f5\u00f5mu ja mugavust. Teie mugavuse tagamiseks on see varustatud 2 pehme peatoe ja istmega. Klaaskiudsisu \u00f6konoomsem 800 liitrine maht tagab kiire vee soojendamise. V\u00e4liskate on valmistatud termopuidust: erilisest vastupidavast, \u00f6koloogilisest ja kaasaegsest materjalist. See on k\u00f5ige \u00f6konoomsem ja odavaim puuk\u00fcttega k\u00fcmblust\u00fcnn aeda klaaskiust t\u00fcnnide seas, mille ostmisel r\u00f5\u00f5mustate kindlasti ennast ja oma l\u00e4hedasi.<\/p>\n<p><em><strong>Hind sisaldab 27 kW v\u00e4list ahju koos korstnaga!<\/strong><\/em><\/p>\n<p><strong>Ostes Eesti tooteid, saate ainult k\u00f5rgeima kvaliteediga tooted.<\/strong><\/p>\n<p><img loading=\"lazy\" decoding=\"async\" class=\"alignnone wp-image-100903\" src=\"https:\/\/factory.sale\/wp-content\/uploads\/2023\/04\/made-inestonia-3-factory-sale-300x300.webp\" alt=\"Made in Estonia.\" width=\"255\" height=\"255\" srcset=\"https:\/\/factory.sale\/wp-content\/uploads\/2023\/04\/made-inestonia-3-factory-sale-300x300.webp 300w, https:\/\/factory.sale\/wp-content\/uploads\/2023\/04\/made-inestonia-3-factory-sale-1024x1024.webp 1024w, https:\/\/factory.sale\/wp-content\/uploads\/2023\/04\/made-inestonia-3-factory-sale-150x150.webp 150w, https:\/\/factory.sale\/wp-content\/uploads\/2023\/04\/made-inestonia-3-factory-sale-1536x1536.webp 1536w, https:\/\/factory.sale\/wp-content\/uploads\/2023\/04\/made-inestonia-3-factory-sale-600x600.webp 600w, https:\/\/factory.sale\/wp-content\/uploads\/2023\/04\/made-inestonia-3-factory-sale-100x100.webp 100w, https:\/\/factory.sale\/wp-content\/uploads\/2023\/04\/made-inestonia-3-factory-sale.webp 2048w\" sizes=\"auto, (max-width: 255px) 100vw, 255px\" \/><\/p>\n","protected":false},"featured_media":89440,"comment_status":"open","ping_status":"closed","template":"","meta":{"_acf_changed":false},"factory":[],"free-shipment":[],"product_brand":[],"product_cat":[2586,2208],"product_tag":[],"class_list":{"0":"post-26600","1":"product","2":"type-product","3":"status-publish","4":"has-post-thumbnail","6":"product_cat-fiberglass-hot-tubs","7":"product_cat-hot-tubs-2","9":"first","10":"instock","11":"sale","12":"taxable","13":"shipping-taxable","14":"purchasable","15":"product-type-simple"},"acf":[],"_links":{"self":[{"href":"https:\/\/factory.sale\/et\/wp-json\/wp\/v2\/product\/26600","targetHints":{"allow":["GET"]}}],"collection":[{"href":"https:\/\/factory.sale\/et\/wp-json\/wp\/v2\/product"}],"about":[{"href":"https:\/\/factory.sale\/et\/wp-json\/wp\/v2\/types\/product"}],"replies":[{"embeddable":true,"href":"https:\/\/factory.sale\/et\/wp-json\/wp\/v2\/comments?post=26600"}],"wp:featuredmedia":[{"embeddable":true,"href":"https:\/\/factory.sale\/et\/wp-json\/wp\/v2\/media\/89440"}],"wp:attachment":[{"href":"https:\/\/factory.sale\/et\/wp-json\/wp\/v2\/media?parent=26600"}],"wp:term":[{"taxonomy":"factory","embeddable":true,"href":"https:\/\/factory.sale\/et\/wp-json\/wp\/v2\/factory?post=26600"},{"taxonomy":"free-shipment","embeddable":true,"href":"https:\/\/factory.sale\/et\/wp-json\/wp\/v2\/free-shipment?post=26600"},{"taxonomy":"product_brand","embeddable":true,"href":"https:\/\/factory.sale\/et\/wp-json\/wp\/v2\/product_brand?post=26600"},{"taxonomy":"product_cat","embeddable":true,"href":"https:\/\/factory.sale\/et\/wp-json\/wp\/v2\/product_cat?post=26600"},{"taxonomy":"product_tag","embeddable":true,"href":"https:\/\/factory.sale\/et\/wp-json\/wp\/v2\/product_tag?post=26600"}],"curies":[{"name":"wp","href":"https:\/\/api.w.org\/{rel}","templated":true}]}}