{"id":26587,"date":"2023-04-09T11:33:28","date_gmt":"2023-04-09T11:42:21","guid":{"rendered":"https:\/\/factory.sale\/?post_type=product&#038;p=26587"},"modified":"2026-03-23T23:59:57","modified_gmt":"2026-03-23T20:59:57","slug":"ummargune-kumblustunn-sisepliidiga-o18-m","status":"publish","type":"product","link":"https:\/\/factory.sale\/et\/toode\/ummargune-kumblustunn-sisepliidiga-o18-m\/","title":{"rendered":"1,8m \u00fcmmargune k\u00fcmblust\u00fcnn siseahjuga"},"content":{"rendered":"<p><strong>Tootekood: TP18V<\/strong><\/p>\n<p>&nbsp;<\/p>\n<h2>Klaaskiud<\/h2>\n<p>See materjal (70% klaaskiud) p\u00f5hineb pol\u00fceetervaigul, sellel on metallidele omane vastupidavus ja pikaealisus, lisaks sellele, et see on pol\u00fcmeerina bioloogiliselt vastupidav (ei m\u00e4dane, ei muuda v\u00e4rvi ega muutu hapraks).<\/p>\n<ul>\n<li>Korrosioonikindel<\/li>\n<li>Ei k\u00f5verdu<\/li>\n<li>Head f\u00fc\u00fcsikalised ja mehaanilised omadused<\/li>\n<li>Vastupidav n\u00f5udlikule keskkonnale<\/li>\n<li>Ei eralda kuumutamisel m\u00fcrgiseid \u00fchendeid<\/li>\n<\/ul>\n<p>&nbsp;<\/p>\n<p><strong>Parameetrid:<\/strong><\/p>\n<ul>\n<li>L\u00e4bim\u00f5\u00f5t &#8211; 1,8 m<\/li>\n<li>Maht \u2014 1000 l<\/li>\n<li>Kaal (kg) &#8211; 170<\/li>\n<li>Mahutavus &#8211; 3 inimest<\/li>\n<li>K\u00f5rgus &#8211; 1,1 m<\/li>\n<li>S\u00fcgavus &#8211; 0,96 m<\/li>\n<li>Istmete k\u00f5rgus &#8211; 280 mm<\/li>\n<li>Istmete laius \u2013 290 mm<\/li>\n<li>Termopuidust v\u00e4lispaksus \u2013 18 mm<\/li>\n<li>Veekindel vineerp\u00f5randakate \u2013 9 mm<\/li>\n<\/ul>\n<p>&nbsp;<\/p>\n<p><strong>P\u00f5hikomplekt sisaldab:<\/strong><\/p>\n<ul>\n<li>Klaaskiust sisu, kaetud 18 mm termopuiduga<\/li>\n<li>27 kW ahi koos korstnakomplektiga<\/li>\n<li>Veekindel raam<\/li>\n<li>4 peatuge<\/li>\n<li>\u00c4ravool<\/li>\n<\/ul>\n<p>&nbsp;<\/p>\n<p><strong>Korpuse v\u00e4rvivariatsioon vastavalt RAL paletile:<\/strong> RAL5010, RAL6034, RAL7016, RAL1013, RAL9005<\/p>\n<p>&nbsp;<\/p>\n<p><strong>* Saadaval on palju tarvikuid. Saada meile p\u00e4ring ja k\u00fcsi lisainfot!<\/strong><\/p>\n<p>&nbsp;<\/p>\n<p>&nbsp;<\/p>\n<p><b>Transpordi informatsioon:<\/b><\/p>\n<p>Kohaletoimetamine t\u00f5stukiga veoautoga.<\/p>\n","protected":false},"excerpt":{"rendered":"<p>V\u00e4ike ja hubane puidust k\u00fcmblust\u00fcnn 2\u20133-liikmelisele perele. Klaaskiust sisuga 1000-liitrine kompaktne maht ning sisemine puuk\u00fcttega ahi tagavad kiire ja t\u00f5husa vee soojenemise. Kaitsva vaheseinaga puuk\u00fcttega lahendus on turvaline ning visuaalselt esteetiline. 1,8 m l\u00e4bim\u00f5\u00f5duga \u00fcmmargune k\u00fcmblust\u00fcnn on hermeetilise konstruktsiooniga, valmistatud vastupidavast termopuidust ning \u00a0pakub seega mugavat ja stiilset l\u00f5\u00f5gastust igal aastaajal.<\/p>\n<p><strong>Hind sisaladab 27 kW<\/strong><strong> ahju koos korstnakomplektiga!<\/strong><\/p>\n<div class=\"short-descr\">\n<div class=\"woocommerce-product-details__short-description\"><strong>Ostes Eesti tooteid, saate ainult k\u00f5rgeima kvaliteediga tooted.<\/strong><br \/>\n<img loading=\"lazy\" decoding=\"async\" class=\"alignnone wp-image-100903\" src=\"https:\/\/factory.sale\/wp-content\/uploads\/2023\/04\/made-inestonia-3-factory-sale-300x300.webp\" alt=\"Made in Estonia.\" width=\"255\" height=\"255\" srcset=\"https:\/\/factory.sale\/wp-content\/uploads\/2023\/04\/made-inestonia-3-factory-sale-300x300.webp 300w, https:\/\/factory.sale\/wp-content\/uploads\/2023\/04\/made-inestonia-3-factory-sale-1024x1024.webp 1024w, https:\/\/factory.sale\/wp-content\/uploads\/2023\/04\/made-inestonia-3-factory-sale-150x150.webp 150w, https:\/\/factory.sale\/wp-content\/uploads\/2023\/04\/made-inestonia-3-factory-sale-1536x1536.webp 1536w, https:\/\/factory.sale\/wp-content\/uploads\/2023\/04\/made-inestonia-3-factory-sale-600x600.webp 600w, https:\/\/factory.sale\/wp-content\/uploads\/2023\/04\/made-inestonia-3-factory-sale-100x100.webp 100w, https:\/\/factory.sale\/wp-content\/uploads\/2023\/04\/made-inestonia-3-factory-sale.webp 2048w\" sizes=\"auto, (max-width: 255px) 100vw, 255px\" \/><\/p>\n<p class=\"price\">\n<\/div>\n<\/div>\n","protected":false},"featured_media":89428,"comment_status":"open","ping_status":"closed","template":"","meta":{"_acf_changed":false},"factory":[],"free-shipment":[],"product_brand":[],"product_cat":[2587,2209],"product_tag":[2842],"class_list":{"0":"post-26587","1":"product","2":"type-product","3":"status-publish","4":"has-post-thumbnail","6":"product_cat-klaasplastist-kumblustunnid","7":"product_cat-kumblustunnid","8":"product_tag-hot-tub-et","10":"first","11":"instock","12":"sale","13":"taxable","14":"shipping-taxable","15":"purchasable","16":"product-type-simple"},"acf":[],"_links":{"self":[{"href":"https:\/\/factory.sale\/et\/wp-json\/wp\/v2\/product\/26587","targetHints":{"allow":["GET"]}}],"collection":[{"href":"https:\/\/factory.sale\/et\/wp-json\/wp\/v2\/product"}],"about":[{"href":"https:\/\/factory.sale\/et\/wp-json\/wp\/v2\/types\/product"}],"replies":[{"embeddable":true,"href":"https:\/\/factory.sale\/et\/wp-json\/wp\/v2\/comments?post=26587"}],"wp:featuredmedia":[{"embeddable":true,"href":"https:\/\/factory.sale\/et\/wp-json\/wp\/v2\/media\/89428"}],"wp:attachment":[{"href":"https:\/\/factory.sale\/et\/wp-json\/wp\/v2\/media?parent=26587"}],"wp:term":[{"taxonomy":"factory","embeddable":true,"href":"https:\/\/factory.sale\/et\/wp-json\/wp\/v2\/factory?post=26587"},{"taxonomy":"free-shipment","embeddable":true,"href":"https:\/\/factory.sale\/et\/wp-json\/wp\/v2\/free-shipment?post=26587"},{"taxonomy":"product_brand","embeddable":true,"href":"https:\/\/factory.sale\/et\/wp-json\/wp\/v2\/product_brand?post=26587"},{"taxonomy":"product_cat","embeddable":true,"href":"https:\/\/factory.sale\/et\/wp-json\/wp\/v2\/product_cat?post=26587"},{"taxonomy":"product_tag","embeddable":true,"href":"https:\/\/factory.sale\/et\/wp-json\/wp\/v2\/product_tag?post=26587"}],"curies":[{"name":"wp","href":"https:\/\/api.w.org\/{rel}","templated":true}]}}