{"id":26562,"date":"2025-10-12T10:47:05","date_gmt":"2023-04-09T10:58:47","guid":{"rendered":"https:\/\/factory.sale\/?post_type=product&#038;p=26562"},"modified":"2026-03-23T23:53:17","modified_gmt":"2026-03-23T20:53:17","slug":"quattro-kumblustunn-17x2m","status":"publish","type":"product","link":"https:\/\/factory.sale\/et\/toode\/quattro-kumblustunn-17x2m\/","title":{"rendered":"\u201cQuattro\u201d k\u00fcmblust\u00fcnn 1,7x2m"},"content":{"rendered":"<p><video style=\"max-width: 100%; height: auto; display: block;\" preload=\"auto\" autoplay=\"autoplay\" loop=\"loop\" muted=\"\" controls=\"controls\" width=\"1000\" height=\"1000\"><source src=\"https:\/\/factory.sale\/wp-content\/uploads\/2023\/04\/video-8lle-palju-terassille-quattro-tee-se-itse-2.0\u04451.7.mp4\" type=\"video\/mp4\" \/><\/video><\/p>\n<p>&nbsp;<\/p>\n<p><strong>Tootekood: TP217<\/strong><\/p>\n<h2><\/h2>\n<h2>Klaasplast<\/h2>\n<p>See materjal (klaasplast) p\u00f5hineb pol\u00fceetervaigul, sellel on metallidele omane vastupidavus ja pikaealisus, lisaks sellele, et see on pol\u00fcmeerina bioloogiliselt vastupidav (ei m\u00e4dane, ei muuda v\u00e4rvi ega muutu hapraks).<\/p>\n<ul>\n<li>Korrosioonikindel<\/li>\n<li>Ei k\u00f5verdu<\/li>\n<li>Head f\u00fc\u00fcsikalised ja mehaanilised omadused<\/li>\n<li>Vastupidav keskkonnale<\/li>\n<li>Ei eralda kuumutamisel m\u00fcrgiseid \u00fchendeid<\/li>\n<\/ul>\n<p>&nbsp;<\/p>\n<p>Kui teil on suur pere v\u00f5i teile meeldib s\u00f5pradega aega veeta, on see esmaklassiline mudel just teile:<\/p>\n<ul>\n<li>Vee kiire soojendamine puuahjuga ja soojas hoidmine elektrisoojendiga<\/li>\n<li>Unikaalne patenteeritud istmekuju, mis tagab maksimaalse mugavuse<\/li>\n<li>Mahutavus kuni 10 inimest, v\u00e4ikese veekuluga 1400 l t\u00e4itmiseks<\/li>\n<li>Saab kasutada ka talvel erinevalt Jacuzzi-t\u00fc\u00fcp mullivannidest<\/li>\n<\/ul>\n<p>&nbsp;<\/p>\n<p><strong>P\u00f5hikomplekt sisaldab:<\/strong><\/p>\n<ul>\n<li>Klaasplast sisu, kaetud 18 mm termopuiduga<\/li>\n<li>35 kW v\u00e4line ahi koos korstnakomplektiga<\/li>\n<li>Veekindel raam<\/li>\n<li>4 peatuge<\/li>\n<li>\u00c4ravool<\/li>\n<\/ul>\n<p>&nbsp;<\/p>\n<p>&nbsp;<\/p>\n<p><strong>Parameetrid:<\/strong><\/p>\n<ul>\n<li>Suurus-2,0 \u0445 1,7 m<\/li>\n<li>Maht \u2013 1 400 l<\/li>\n<li>Kaal (kg) &#8211; 240<\/li>\n<li>Mahutavus &#8211; 8 inimest<\/li>\n<li>K\u00f5rgus &#8211; 1,1 m<\/li>\n<li>S\u00fcgavus &#8211; 0,96 m<\/li>\n<li>Istmete k\u00f5rgus &#8211; 280 mm<\/li>\n<li>Istmete laius \u2013 460 mm<\/li>\n<li>Termopuidu v\u00e4lispaksus \u2013 18 mm<\/li>\n<li>Veekindel vineerp\u00f5randakate \u2013 9 mm<\/li>\n<\/ul>\n<p>&nbsp;<\/p>\n<p>&nbsp;<\/p>\n<p><strong>Korpuse v\u00e4rvivariatsioon vastavalt RAL paletile:<\/strong> RAL5010, RAL6034, RAL7016, RAL1013, RAL9005<\/p>\n<p>&nbsp;<\/p>\n<p><strong>* Saadaval on palju tarvikuid. Saada meile p\u00e4ring ja k\u00fcsi lisainfot!<\/strong><\/p>\n<p>&nbsp;<\/p>\n<p>&nbsp;<\/p>\n<p><b>Transpordi informatsioon:<\/b><\/p>\n<p>Kohaletoimetamine t\u00f5stukiga veoautoga.<\/p>\n","protected":false},"excerpt":{"rendered":"<p>Kui teil on suur pere v\u00f5i teile meeldib s\u00f5pradega aega veeta, on see esmaklassiline mudel just teile.<\/p>\n<p><strong>Hind sisaldab 35 kW v\u00e4list ahju koos korstnakomplektiga!<\/strong><\/p>\n<p><strong>Ostes Eesti tooteid, saate ainult k\u00f5rgeima kvaliteediga tooted.<\/strong><\/p>\n<p><img loading=\"lazy\" decoding=\"async\" class=\"alignnone wp-image-100903\" src=\"https:\/\/factory.sale\/wp-content\/uploads\/2023\/04\/made-inestonia-3-factory-sale-300x300.webp\" alt=\"Made in Estonia.\" width=\"255\" height=\"255\" srcset=\"https:\/\/factory.sale\/wp-content\/uploads\/2023\/04\/made-inestonia-3-factory-sale-300x300.webp 300w, https:\/\/factory.sale\/wp-content\/uploads\/2023\/04\/made-inestonia-3-factory-sale-1024x1024.webp 1024w, https:\/\/factory.sale\/wp-content\/uploads\/2023\/04\/made-inestonia-3-factory-sale-150x150.webp 150w, https:\/\/factory.sale\/wp-content\/uploads\/2023\/04\/made-inestonia-3-factory-sale-1536x1536.webp 1536w, https:\/\/factory.sale\/wp-content\/uploads\/2023\/04\/made-inestonia-3-factory-sale-600x600.webp 600w, https:\/\/factory.sale\/wp-content\/uploads\/2023\/04\/made-inestonia-3-factory-sale-100x100.webp 100w, https:\/\/factory.sale\/wp-content\/uploads\/2023\/04\/made-inestonia-3-factory-sale.webp 2048w\" sizes=\"auto, (max-width: 255px) 100vw, 255px\" \/><\/p>\n","protected":false},"featured_media":89458,"comment_status":"open","ping_status":"closed","template":"","meta":{"_acf_changed":false},"factory":[],"free-shipment":[],"product_brand":[],"product_cat":[2587,2209],"product_tag":[2842],"class_list":{"0":"post-26562","1":"product","2":"type-product","3":"status-publish","4":"has-post-thumbnail","6":"product_cat-klaasplastist-kumblustunnid","7":"product_cat-kumblustunnid","8":"product_tag-hot-tub-et","10":"first","11":"instock","12":"sale","13":"taxable","14":"shipping-taxable","15":"purchasable","16":"product-type-simple"},"acf":[],"_links":{"self":[{"href":"https:\/\/factory.sale\/et\/wp-json\/wp\/v2\/product\/26562","targetHints":{"allow":["GET"]}}],"collection":[{"href":"https:\/\/factory.sale\/et\/wp-json\/wp\/v2\/product"}],"about":[{"href":"https:\/\/factory.sale\/et\/wp-json\/wp\/v2\/types\/product"}],"replies":[{"embeddable":true,"href":"https:\/\/factory.sale\/et\/wp-json\/wp\/v2\/comments?post=26562"}],"wp:featuredmedia":[{"embeddable":true,"href":"https:\/\/factory.sale\/et\/wp-json\/wp\/v2\/media\/89458"}],"wp:attachment":[{"href":"https:\/\/factory.sale\/et\/wp-json\/wp\/v2\/media?parent=26562"}],"wp:term":[{"taxonomy":"factory","embeddable":true,"href":"https:\/\/factory.sale\/et\/wp-json\/wp\/v2\/factory?post=26562"},{"taxonomy":"free-shipment","embeddable":true,"href":"https:\/\/factory.sale\/et\/wp-json\/wp\/v2\/free-shipment?post=26562"},{"taxonomy":"product_brand","embeddable":true,"href":"https:\/\/factory.sale\/et\/wp-json\/wp\/v2\/product_brand?post=26562"},{"taxonomy":"product_cat","embeddable":true,"href":"https:\/\/factory.sale\/et\/wp-json\/wp\/v2\/product_cat?post=26562"},{"taxonomy":"product_tag","embeddable":true,"href":"https:\/\/factory.sale\/et\/wp-json\/wp\/v2\/product_tag?post=26562"}],"curies":[{"name":"wp","href":"https:\/\/api.w.org\/{rel}","templated":true}]}}