{"id":26535,"date":"2023-04-09T10:10:19","date_gmt":"2023-04-09T10:14:05","guid":{"rendered":"https:\/\/factory.sale\/?post_type=product&#038;p=26535"},"modified":"2026-03-24T00:07:53","modified_gmt":"2026-03-23T21:07:53","slug":"kaheksanurkne-kumblustunn-2x2m","status":"publish","type":"product","link":"https:\/\/factory.sale\/et\/toode\/kaheksanurkne-kumblustunn-2x2m\/","title":{"rendered":"2x2m kaheksanurkne k\u00fcmblust\u00fcnn"},"content":{"rendered":"<p><video style=\"max-width: 100%; height: auto; display: block;\" preload=\"auto\" autoplay=\"autoplay\" loop=\"loop\" muted=\"\" controls=\"controls\" width=\"1500\" height=\"750\"><source src=\"https:\/\/factory.sale\/wp-content\/uploads\/2023\/04\/video-for-7-persons-wood-fired-hot-tub-octa-from-fiberglass.mp4\" type=\"video\/mp4\" \/>Your browser does not support the video tag.<\/video><\/p>\n<p><strong>Tootekood: TP82<\/strong><\/p>\n<p>&nbsp;<\/p>\n<h2>Klaasplast<\/h2>\n<p>See materjal (klaasplast) p\u00f5hineb pol\u00fceetervaigul, sellel on metallidele omane vastupidavus ja pikaealisus, lisaks sellele, et see on pol\u00fcmeerina bioloogiliselt vastupidav (ei m\u00e4dane, ei muuda v\u00e4rvi ega muutu hapraks).<\/p>\n<ul>\n<li>Korrosioonikindel<\/li>\n<li>Ei k\u00f5verdu<\/li>\n<li>Head f\u00fc\u00fcsikalised ja mehaanilised omadused<\/li>\n<li>Vastupidav keskkonnale<\/li>\n<li>Ei eralda kuumutamisel m\u00fcrgiseid \u00fchendeid<\/li>\n<\/ul>\n<p>&nbsp;<\/p>\n<p><strong>Parameetrid:<\/strong><\/p>\n<ul>\n<li>Suurus \u2013 2,0 \u0445 2,0 m<\/li>\n<li>Maht \u2013 1600 l<\/li>\n<li>Kaal (kg) &#8211; 220<\/li>\n<li>Mahutavus \u2013 7 inimest<\/li>\n<li>K\u00f5rgus &#8211; 1,1 m<\/li>\n<li>S\u00fcgavus \u2013 0,96 m<\/li>\n<li>Istmete k\u00f5rgus \u2013 274 mm<\/li>\n<li>Istmete laius \u2013 341 mm<\/li>\n<li>Termopuidu v\u00e4lispaksus \u2013 18 mm<\/li>\n<li>Veekindel vineerp\u00f5randakate \u2013 9 mm<\/li>\n<\/ul>\n<p>&nbsp;<\/p>\n<p><strong>P\u00f5hikomplekt sisaldab:<\/strong><\/p>\n<ul>\n<li>Klaasplast sisu, kaetud 18 mm termopuiduga<\/li>\n<li>35kW v\u00e4line ahi koos korstnakomplektiga<\/li>\n<li>Veekindel raam<\/li>\n<li>4 peatuge<\/li>\n<li>\u00c4ravool<\/li>\n<\/ul>\n<p>&nbsp;<\/p>\n<p><strong>Korpuse v\u00e4rvivariatsioon vastavalt RAL paletile:<\/strong> RAL5010, RAL6034, RAL7016, RAL1013, RAL9005<\/p>\n<p><strong>* Saadaval on palju tarvikuid. Saada meile p\u00e4ring ja k\u00fcsi lisainfot!<\/strong><\/p>\n<p>&nbsp;<\/p>\n<p>&nbsp;<\/p>\n<p><b>Transpordi informatsioon:<\/b><\/p>\n<p>Kohaletoimetamine t\u00f5stukiga veoautoga.<\/p>\n","protected":false},"excerpt":{"rendered":"<p>Kaheksanurkne kuju on olnud populaarne juba aastaid. Klaaskiust sisu kuju on v\u00e4lja t\u00f6\u00f6tatud anatoomiat arvestades<br \/>\nmis tahes pikkusega inimestele, et see tagaks mugava olemise k\u00f5igile. P\u00f5hikomplekti on v\u00f5imalik varustada spaaseadmete ja lisatarvikutega.<\/p>\n<p><b>Hind sisaldab 35 kW v\u00e4list ahju koos korstnakomplektiga!<\/b><\/p>\n<p><strong>Ostes Eesti tooteid, saate ainult k\u00f5rgeima kvaliteediga tooted.<\/strong><\/p>\n<p><img loading=\"lazy\" decoding=\"async\" class=\"alignnone wp-image-100903 \" src=\"https:\/\/factory.sale\/wp-content\/uploads\/2023\/04\/made-inestonia-3-factory-sale-150x150.webp\" alt=\"Made in Estonia.\" width=\"100\" height=\"100\" srcset=\"https:\/\/factory.sale\/wp-content\/uploads\/2023\/04\/made-inestonia-3-factory-sale-150x150.webp 150w, https:\/\/factory.sale\/wp-content\/uploads\/2023\/04\/made-inestonia-3-factory-sale-300x300.webp 300w, https:\/\/factory.sale\/wp-content\/uploads\/2023\/04\/made-inestonia-3-factory-sale-1024x1024.webp 1024w, https:\/\/factory.sale\/wp-content\/uploads\/2023\/04\/made-inestonia-3-factory-sale-1536x1536.webp 1536w, https:\/\/factory.sale\/wp-content\/uploads\/2023\/04\/made-inestonia-3-factory-sale-600x600.webp 600w, https:\/\/factory.sale\/wp-content\/uploads\/2023\/04\/made-inestonia-3-factory-sale-100x100.webp 100w, https:\/\/factory.sale\/wp-content\/uploads\/2023\/04\/made-inestonia-3-factory-sale.webp 2048w\" sizes=\"auto, (max-width: 100px) 100vw, 100px\" \/><\/p>\n","protected":false},"featured_media":89379,"comment_status":"open","ping_status":"closed","template":"","meta":{"_acf_changed":false},"factory":[],"free-shipment":[],"product_brand":[],"product_cat":[2587,2209,4774,4540],"product_tag":[2842],"class_list":{"0":"post-26535","1":"product","2":"type-product","3":"status-publish","4":"has-post-thumbnail","6":"product_cat-klaasplastist-kumblustunnid","7":"product_cat-kumblustunnid","8":"product_cat-kumblustunnid-et","9":"product_cat-laotooted","10":"product_tag-hot-tub-et","12":"first","13":"instock","14":"sale","15":"taxable","16":"shipping-taxable","17":"purchasable","18":"product-type-simple"},"acf":[],"_links":{"self":[{"href":"https:\/\/factory.sale\/et\/wp-json\/wp\/v2\/product\/26535","targetHints":{"allow":["GET"]}}],"collection":[{"href":"https:\/\/factory.sale\/et\/wp-json\/wp\/v2\/product"}],"about":[{"href":"https:\/\/factory.sale\/et\/wp-json\/wp\/v2\/types\/product"}],"replies":[{"embeddable":true,"href":"https:\/\/factory.sale\/et\/wp-json\/wp\/v2\/comments?post=26535"}],"wp:featuredmedia":[{"embeddable":true,"href":"https:\/\/factory.sale\/et\/wp-json\/wp\/v2\/media\/89379"}],"wp:attachment":[{"href":"https:\/\/factory.sale\/et\/wp-json\/wp\/v2\/media?parent=26535"}],"wp:term":[{"taxonomy":"factory","embeddable":true,"href":"https:\/\/factory.sale\/et\/wp-json\/wp\/v2\/factory?post=26535"},{"taxonomy":"free-shipment","embeddable":true,"href":"https:\/\/factory.sale\/et\/wp-json\/wp\/v2\/free-shipment?post=26535"},{"taxonomy":"product_brand","embeddable":true,"href":"https:\/\/factory.sale\/et\/wp-json\/wp\/v2\/product_brand?post=26535"},{"taxonomy":"product_cat","embeddable":true,"href":"https:\/\/factory.sale\/et\/wp-json\/wp\/v2\/product_cat?post=26535"},{"taxonomy":"product_tag","embeddable":true,"href":"https:\/\/factory.sale\/et\/wp-json\/wp\/v2\/product_tag?post=26535"}],"curies":[{"name":"wp","href":"https:\/\/api.w.org\/{rel}","templated":true}]}}