{"id":26510,"date":"2023-04-07T07:34:08","date_gmt":"2023-04-07T07:41:20","guid":{"rendered":"https:\/\/factory.sale\/?post_type=product&#038;p=26510"},"modified":"2026-02-20T05:57:44","modified_gmt":"2026-02-20T02:57:44","slug":"kamping-4-m","status":"publish","type":"product","link":"https:\/\/factory.sale\/et\/toode\/kamping-4-m\/","title":{"rendered":"K\u00e4mping 4 m"},"content":{"rendered":"<p><strong>P\u00f5hikomplekt sisaldab:<\/strong><\/p>\n<ul>\n<li>Kuusepuidust lahti v\u00f5etud saun<\/li>\n<li>Kuusest\/termopuidust t\u00fcnn (paksus 40 mm, \u00d82,2 m, h = 2,3 m)<\/li>\n<li>Voodi: 2,1 \u0445 1,6 m<\/li>\n<li>Termopuidust pingid ja p\u00f5rand<\/li>\n<li>2 sahtlit<\/li>\n<li>Pikendatav laud<\/li>\n<li>2 avatavat akent<\/li>\n<li>3 riiulit ja riidekapp<\/li>\n<li>Lukuga puidust v\u00e4lisuks<\/li>\n<li>Bituumensindel katus<\/li>\n<\/ul>\n<p>&nbsp;<\/p>\n<p><strong>M\u00f5\u00f5dud:<\/strong><\/p>\n<ul>\n<li>K\u00f5rgus &#8211; 2,3 m<\/li>\n<li>Pikkus \u2013 4,2 m<\/li>\n<li>L\u00e4bim\u00f5\u00f5t \u2013 \u00d82,2 m<\/li>\n<li>Kaal (kg) &#8211; 860<\/li>\n<li>Paksus &#8211; 40 mm<\/li>\n<\/ul>\n<p>&nbsp;<\/p>\n<p>&nbsp;<\/p>\n<p><strong>*Saadaval erinevates v\u00e4rvides<\/strong><\/p>\n<p>&nbsp;<\/p>\n<p>&nbsp;<\/p>\n<p><strong>*Termopuidust matkapauna hind &#8211; 4473.5 EUR<\/strong><\/p>\n<p>&nbsp;<\/p>\n<p>&nbsp;<\/p>\n<p><strong>* Saadaval on palju tarvikuid. Saada meile p\u00e4ring ja k\u00fcsi lisainfot!<\/strong><\/p>\n","protected":false},"excerpt":{"rendered":"<p>Avasta ideaalne k\u00e4mping oma aeda! Komplekt sisaldab ruumikat voodit (2,1 x 1,6 m), termopuidust pinke ja p\u00f5randat, laiendatavat lauda, sahtleid, riiuleid, riidepuu, lukustatavat puidust ust ning vastupidavat bituumenkatust. Kujundatud mugavuse ja stiili silmas pidades, sellel on avatavad aknad ja kvaliteetne kuuse-\/termopuidust struktuur (40 mm paks, \u00d82,2 m, h=2,3 m). T\u00e4iuslik valik \u00f5ues l\u00f5\u00f5gastumiseks ja seikluste nautimiseks!<\/p>\n<p><img loading=\"lazy\" decoding=\"async\" class=\"alignnone wp-image-99203\" src=\"https:\/\/factory.sale\/wp-content\/uploads\/2023\/04\/made-in-estonia-factory-sale-300x102.webp\" alt=\"\" width=\"347\" height=\"118\" srcset=\"https:\/\/factory.sale\/wp-content\/uploads\/2023\/04\/made-in-estonia-factory-sale-300x102.webp 300w, https:\/\/factory.sale\/wp-content\/uploads\/2023\/04\/made-in-estonia-factory-sale-1024x349.webp 1024w, https:\/\/factory.sale\/wp-content\/uploads\/2023\/04\/made-in-estonia-factory-sale-150x51.webp 150w, https:\/\/factory.sale\/wp-content\/uploads\/2023\/04\/made-in-estonia-factory-sale-600x205.webp 600w, https:\/\/factory.sale\/wp-content\/uploads\/2023\/04\/made-in-estonia-factory-sale.webp 1244w\" sizes=\"auto, (max-width: 347px) 100vw, 347px\" \/><\/p>\n","protected":false},"featured_media":26499,"comment_status":"open","ping_status":"closed","template":"","meta":{"_acf_changed":false},"factory":[],"free-shipment":[],"product_brand":[],"product_cat":[924,2888],"product_tag":[1908,811],"class_list":{"0":"post-26510","1":"product","2":"type-product","3":"status-publish","4":"has-post-thumbnail","6":"product_cat-aiatooted","7":"product_cat-kampingumajakesed","8":"product_tag-outdoor-sauna-et","9":"product_tag-sauna-et","11":"first","12":"instock","13":"sale","14":"taxable","15":"shipping-taxable","16":"purchasable","17":"product-type-simple"},"acf":[],"_links":{"self":[{"href":"https:\/\/factory.sale\/et\/wp-json\/wp\/v2\/product\/26510","targetHints":{"allow":["GET"]}}],"collection":[{"href":"https:\/\/factory.sale\/et\/wp-json\/wp\/v2\/product"}],"about":[{"href":"https:\/\/factory.sale\/et\/wp-json\/wp\/v2\/types\/product"}],"replies":[{"embeddable":true,"href":"https:\/\/factory.sale\/et\/wp-json\/wp\/v2\/comments?post=26510"}],"wp:featuredmedia":[{"embeddable":true,"href":"https:\/\/factory.sale\/et\/wp-json\/wp\/v2\/media\/26499"}],"wp:attachment":[{"href":"https:\/\/factory.sale\/et\/wp-json\/wp\/v2\/media?parent=26510"}],"wp:term":[{"taxonomy":"factory","embeddable":true,"href":"https:\/\/factory.sale\/et\/wp-json\/wp\/v2\/factory?post=26510"},{"taxonomy":"free-shipment","embeddable":true,"href":"https:\/\/factory.sale\/et\/wp-json\/wp\/v2\/free-shipment?post=26510"},{"taxonomy":"product_brand","embeddable":true,"href":"https:\/\/factory.sale\/et\/wp-json\/wp\/v2\/product_brand?post=26510"},{"taxonomy":"product_cat","embeddable":true,"href":"https:\/\/factory.sale\/et\/wp-json\/wp\/v2\/product_cat?post=26510"},{"taxonomy":"product_tag","embeddable":true,"href":"https:\/\/factory.sale\/et\/wp-json\/wp\/v2\/product_tag?post=26510"}],"curies":[{"name":"wp","href":"https:\/\/api.w.org\/{rel}","templated":true}]}}