{"id":26492,"date":"2023-04-06T06:05:49","date_gmt":"2023-04-07T07:05:24","guid":{"rendered":"https:\/\/factory.sale\/?post_type=product&#038;p=26492"},"modified":"2026-03-23T22:50:42","modified_gmt":"2026-03-23T19:50:42","slug":"vertikaalne-valisaun-2-le-inimesele","status":"publish","type":"product","link":"https:\/\/factory.sale\/et\/toode\/vertikaalne-valisaun-2-le-inimesele\/","title":{"rendered":"&#8220;SH&#8221; Vertikaalne v\u00e4lisaun 2-le inimesele"},"content":{"rendered":"<p>&nbsp;<\/p>\n<p><strong>Tootekood: SHE<\/strong><\/p>\n<p>&nbsp;<\/p>\n<p>Vertikaalne saun on v\u00e4ike 2 m t\u00fcnnisaun, mis on valmistatud kuusest- v\u00f5i termopuidust. T\u00e4nu oma kompaktsusele sobib see ideaalselt v\u00e4ikesesse aeda ja on soovitatav v\u00e4ikestele peredele (2 inimest). Selline v\u00e4lisaun v\u00f5tab palju v\u00e4hem ruumi kui teised mudelid, s\u00e4ilitades samas k\u00f5ik eelised. Valides selle kompaktse sauna saad suurep\u00e4rase kvaliteedi hea hinna eest, leiliruumi kiire k\u00fctmise ja ruumis\u00e4\u00e4stlikuse.<\/p>\n<p>&nbsp;<\/p>\n<p>&nbsp;<\/p>\n<p><strong>P\u00f5hikomplekt sisaldab:<\/strong><\/p>\n<ul>\n<li>Kuusest lahti v\u00f5etud saun<\/li>\n<li>Kuusest (SHE) \/ termopuidust t\u00fcnn (SHT) (paksus 40 mm, \u00d82 m, h = 2,6 m-ilma korstnata)<\/li>\n<li>Pingid termopuidust<\/li>\n<li>Pruun karastatud klaasist uks<\/li>\n<li>Bituumenkatus<\/li>\n<li>Roostevabast terasest r\u00f5ngad \u2013 2 tk.<\/li>\n<\/ul>\n<p>&nbsp;<\/p>\n<p>&nbsp;<\/p>\n<p><strong>Katuse v\u00e4rvid:<\/strong><\/p>\n<p>Pruun, must, roheline<\/p>\n<p><img loading=\"lazy\" decoding=\"async\" class=\"alignnone wp-image-90747\" src=\"https:\/\/factory.sale\/wp-content\/uploads\/2024\/09\/roof-colours-300x91.png\" alt=\"\" width=\"649\" height=\"197\" srcset=\"https:\/\/factory.sale\/wp-content\/uploads\/2024\/09\/roof-colours-300x91.png 300w, https:\/\/factory.sale\/wp-content\/uploads\/2024\/09\/roof-colours-1024x311.png 1024w, https:\/\/factory.sale\/wp-content\/uploads\/2024\/09\/roof-colours-150x46.png 150w, https:\/\/factory.sale\/wp-content\/uploads\/2024\/09\/roof-colours-600x182.png 600w, https:\/\/factory.sale\/wp-content\/uploads\/2024\/09\/roof-colours.png 1330w\" sizes=\"auto, (max-width: 649px) 100vw, 649px\" \/><\/p>\n<p>&nbsp;<\/p>\n<p>&nbsp;<\/p>\n<p>&nbsp;<\/p>\n<p>&nbsp;<\/p>\n<p><strong>*Termopuidust sauna hind (SHT) &#8211; 2311,50 EUR<\/strong><\/p>\n<p>&nbsp;<\/p>\n<p><strong>* Saadaval on palju tarvikuid. Saada meile p\u00e4ring ja k\u00fcsi lisainfot!<\/strong><\/p>\n<p>&nbsp;<\/p>\n<p>&nbsp;<\/p>\n<p><b>Transpordi informatsioon:<\/b><\/p>\n<p>Kohaletoimetamine t\u00f5stukiga veoautoga.<\/p>\n","protected":false},"excerpt":{"rendered":"<p>Vertikaalne saun on v\u00e4ike 2 m t\u00fcnnisaun, mis on valmistatud kuuse- v\u00f5i termopuidust. T\u00e4nu oma kompaktsusele sobib see ideaalselt v\u00e4ikesesse aeda ja on soovitatav v\u00e4ikestele peredele (2 inimest). T\u00fcnnisaunakomplektid on saadaval nii puu- kui ka elektrikerisega. Selline v\u00e4lisaun v\u00f5tab palju v\u00e4hem ruumi kui teised mudelid, s\u00e4ilitades samas k\u00f5ik eelised. Valides selle kompaktse sauna saad suurep\u00e4rase kvaliteedi hea hinna eest, leiliruumi kiire k\u00fctmise ja ruumis\u00e4\u00e4stliku oma kohapeal.<\/p>\n<div>\n<p><strong>Ostes Eesti tooteid, saate ainult k\u00f5rgeima kvaliteediga tooted.<\/strong><\/p>\n<p><img loading=\"lazy\" decoding=\"async\" class=\"alignnone wp-image-100903\" src=\"https:\/\/factory.sale\/wp-content\/uploads\/2023\/04\/made-inestonia-3-factory-sale-300x300.webp\" alt=\"Made in Estonia.\" width=\"255\" height=\"255\" srcset=\"https:\/\/factory.sale\/wp-content\/uploads\/2023\/04\/made-inestonia-3-factory-sale-300x300.webp 300w, https:\/\/factory.sale\/wp-content\/uploads\/2023\/04\/made-inestonia-3-factory-sale-1024x1024.webp 1024w, https:\/\/factory.sale\/wp-content\/uploads\/2023\/04\/made-inestonia-3-factory-sale-150x150.webp 150w, https:\/\/factory.sale\/wp-content\/uploads\/2023\/04\/made-inestonia-3-factory-sale-1536x1536.webp 1536w, https:\/\/factory.sale\/wp-content\/uploads\/2023\/04\/made-inestonia-3-factory-sale-600x600.webp 600w, https:\/\/factory.sale\/wp-content\/uploads\/2023\/04\/made-inestonia-3-factory-sale-100x100.webp 100w, https:\/\/factory.sale\/wp-content\/uploads\/2023\/04\/made-inestonia-3-factory-sale.webp 2048w\" sizes=\"auto, (max-width: 255px) 100vw, 255px\" \/><\/p>\n<\/div>\n","protected":false},"featured_media":102610,"comment_status":"open","ping_status":"closed","template":"","meta":{"_acf_changed":false},"factory":[],"free-shipment":[],"product_brand":[],"product_cat":[826,1643],"product_tag":[1908,811],"class_list":{"0":"post-26492","1":"product","2":"type-product","3":"status-publish","4":"has-post-thumbnail","6":"product_cat-saunas-et","7":"product_cat-tunnisaun","8":"product_tag-outdoor-sauna-et","9":"product_tag-sauna-et","11":"first","12":"instock","13":"sale","14":"taxable","15":"shipping-taxable","16":"purchasable","17":"product-type-simple"},"acf":[],"_links":{"self":[{"href":"https:\/\/factory.sale\/et\/wp-json\/wp\/v2\/product\/26492","targetHints":{"allow":["GET"]}}],"collection":[{"href":"https:\/\/factory.sale\/et\/wp-json\/wp\/v2\/product"}],"about":[{"href":"https:\/\/factory.sale\/et\/wp-json\/wp\/v2\/types\/product"}],"replies":[{"embeddable":true,"href":"https:\/\/factory.sale\/et\/wp-json\/wp\/v2\/comments?post=26492"}],"wp:featuredmedia":[{"embeddable":true,"href":"https:\/\/factory.sale\/et\/wp-json\/wp\/v2\/media\/102610"}],"wp:attachment":[{"href":"https:\/\/factory.sale\/et\/wp-json\/wp\/v2\/media?parent=26492"}],"wp:term":[{"taxonomy":"factory","embeddable":true,"href":"https:\/\/factory.sale\/et\/wp-json\/wp\/v2\/factory?post=26492"},{"taxonomy":"free-shipment","embeddable":true,"href":"https:\/\/factory.sale\/et\/wp-json\/wp\/v2\/free-shipment?post=26492"},{"taxonomy":"product_brand","embeddable":true,"href":"https:\/\/factory.sale\/et\/wp-json\/wp\/v2\/product_brand?post=26492"},{"taxonomy":"product_cat","embeddable":true,"href":"https:\/\/factory.sale\/et\/wp-json\/wp\/v2\/product_cat?post=26492"},{"taxonomy":"product_tag","embeddable":true,"href":"https:\/\/factory.sale\/et\/wp-json\/wp\/v2\/product_tag?post=26492"}],"curies":[{"name":"wp","href":"https:\/\/api.w.org\/{rel}","templated":true}]}}