{"id":26476,"date":"2023-04-05T20:48:17","date_gmt":"2023-04-05T21:09:32","guid":{"rendered":"https:\/\/factory.sale\/?post_type=product&#038;p=26476"},"modified":"2026-03-22T23:08:17","modified_gmt":"2026-03-22T20:08:17","slug":"ovaalne-tunnisaun-4-m-4-inimesele","status":"publish","type":"product","link":"https:\/\/factory.sale\/et\/toode\/ovaalne-tunnisaun-4-m-4-inimesele\/","title":{"rendered":"&#8220;4m&#8221; S424 Ovaalne t\u00fcnnisaun 4 inimesele"},"content":{"rendered":"<p><strong>Tootekood: S424E<\/strong><\/p>\n<p>&nbsp;<\/p>\n<p>Kuusest v\u00f5i termopuidust valmistatud ovaalne saun on t\u00e4nu oma kujule ja disainile originaalse v\u00e4limusega. Erinevalt \u00fcmmargustest ja kandilistest saunadest on see mugavam ja funktsionaalsem. Sellel v\u00e4lisauna mudelil on avar kahetasandiliste pinkidega leiliruum, mis v\u00f5imaldab valida optimaalse temperatuurire\u017eiimi ja mahutab 6-8 inimest.<\/p>\n<p>Kuusest v\u00f5i termopuidust valmistatud ovaalne saun on t\u00e4nu oma kujule ja disainile originaalse v\u00e4limusega. Erinevalt \u00fcmmargustest ja kandilistest saunadest on see mugavam ja funktsionaalsem. Sellel v\u00e4lisauna mudelil on avar kahetasandiliste pinkidega leiliruum, mis v\u00f5imaldab valida optimaalse temperatuurire\u017eiimi ja mahutab kuni 6-8 inimest. T\u00e4nu esik\u00fcljel olevatele akendele on leiliruumis palju loomulikku valgust. Samuti on ovaalse sauna siseosas suur garderoob laua ja pingiga, et saaksid riideid vahetada v\u00f5i lihtsalt l\u00f5\u00f5gastuda p\u00e4rast leiliruumi k\u00fclastamist. Selline saun sobib ideaalselt suurele lastega perele ja mugavuse eelistajatele. Saadaval ainult kokkupanemata, puuk\u00fcttega v\u00f5i elektripliidiga.<\/p>\n<p>&nbsp;<\/p>\n<p><strong>P\u00f5hikomplekt sisaldab:<\/strong><\/p>\n<ul>\n<li>Kuusest lahti v\u00f5etud saun<\/li>\n<li>Kuusest (S424E) \/ termopuidust t\u00fcnn (S424T)<\/li>\n<li>Sees pruunist karastatud klaasist uks<\/li>\n<li>Puidust v\u00e4lisuks klaasakna ja lukuga<\/li>\n<li>Bituumenkatus<\/li>\n<li>Dekoratiivne puidust r\u00f5ngas (ees ja taga)<\/li>\n<li>Katuse nurk<\/li>\n<li>Aken<\/li>\n<li>Roostevabast terasest r\u00f5ngad \u2013 3 tk<\/li>\n<\/ul>\n<p>&nbsp;<\/p>\n<p>&nbsp;<\/p>\n<p><strong>Katuse v\u00e4rvid:<\/strong><\/p>\n<p>Pruun, must, roheline<\/p>\n<p><img loading=\"lazy\" decoding=\"async\" class=\"alignnone wp-image-90747\" src=\"https:\/\/factory.sale\/wp-content\/uploads\/2024\/09\/roof-colours-300x91.png\" alt=\"\" width=\"649\" height=\"197\" srcset=\"https:\/\/factory.sale\/wp-content\/uploads\/2024\/09\/roof-colours-300x91.png 300w, https:\/\/factory.sale\/wp-content\/uploads\/2024\/09\/roof-colours-1024x311.png 1024w, https:\/\/factory.sale\/wp-content\/uploads\/2024\/09\/roof-colours-150x46.png 150w, https:\/\/factory.sale\/wp-content\/uploads\/2024\/09\/roof-colours-600x182.png 600w, https:\/\/factory.sale\/wp-content\/uploads\/2024\/09\/roof-colours.png 1330w\" sizes=\"auto, (max-width: 649px) 100vw, 649px\" \/><\/p>\n<p>&nbsp;<\/p>\n<p>&nbsp;<\/p>\n<p><strong>Sauna saab osta ainult kokkupanemata kujul:<\/strong><\/p>\n<ul>\n<li>Pakendi suurused: 2,4m x 1,2m x 2m (pikkus x laius x k\u00f5rgus)<\/li>\n<\/ul>\n<p>&nbsp;<\/p>\n<p>&nbsp;<\/p>\n<p>&nbsp;<\/p>\n<p><strong>Termopuidust sauna hind (S424T) \u2013 5152 EUR<\/strong><\/p>\n<p>&nbsp;<\/p>\n<p><strong>* Saadaval on palju tarvikuid. Saada meile p\u00e4ring ja k\u00fcsi lisainfot!<\/strong><\/p>\n<p>&nbsp;<\/p>\n<p>&nbsp;<\/p>\n<p><b>Transpordi informatsioon:<\/b><\/p>\n<p>17 m veoauto ilma t\u00f5stukita: kohaletoimetamine ainult 17 m veokiga (vajalik on eelnevalt tagada mahalaadimisvarustus), k\u00fcsi lisainfot!<\/p>\n","protected":false},"excerpt":{"rendered":"<p>Kuusest v\u00f5i termopuidust valmistatud ovaalne saun on t\u00e4nu oma kujule ja disainile originaalse v\u00e4limusega. Erinevalt \u00fcmmargustest ja kandilistest saunadest on see mugavam ja funktsionaalsem. Sellel v\u00e4lisauna mudelil on avar kahetasandiliste pinkidega leiliruum, mis v\u00f5imaldab valida optimaalse temperatuurire\u017eiimi ja mahutab 6-8 inimest.<\/p>\n<p><img loading=\"lazy\" decoding=\"async\" class=\"alignnone wp-image-100903\" src=\"https:\/\/factory.sale\/wp-content\/uploads\/2023\/04\/made-inestonia-3-factory-sale-300x300.webp\" alt=\"Made in Estonia.\" width=\"255\" height=\"255\" srcset=\"https:\/\/factory.sale\/wp-content\/uploads\/2023\/04\/made-inestonia-3-factory-sale-300x300.webp 300w, https:\/\/factory.sale\/wp-content\/uploads\/2023\/04\/made-inestonia-3-factory-sale-1024x1024.webp 1024w, https:\/\/factory.sale\/wp-content\/uploads\/2023\/04\/made-inestonia-3-factory-sale-150x150.webp 150w, https:\/\/factory.sale\/wp-content\/uploads\/2023\/04\/made-inestonia-3-factory-sale-1536x1536.webp 1536w, https:\/\/factory.sale\/wp-content\/uploads\/2023\/04\/made-inestonia-3-factory-sale-600x600.webp 600w, https:\/\/factory.sale\/wp-content\/uploads\/2023\/04\/made-inestonia-3-factory-sale-100x100.webp 100w, https:\/\/factory.sale\/wp-content\/uploads\/2023\/04\/made-inestonia-3-factory-sale.webp 2048w\" sizes=\"auto, (max-width: 255px) 100vw, 255px\" \/><\/p>\n","protected":false},"featured_media":94575,"comment_status":"open","ping_status":"closed","template":"","meta":{"_acf_changed":false},"factory":[],"free-shipment":[],"product_brand":[],"product_cat":[826,1643],"product_tag":[],"class_list":{"0":"post-26476","1":"product","2":"type-product","3":"status-publish","4":"has-post-thumbnail","6":"product_cat-saunas-et","7":"product_cat-tunnisaun","9":"first","10":"instock","11":"sale","12":"taxable","13":"shipping-taxable","14":"purchasable","15":"product-type-simple"},"acf":[],"_links":{"self":[{"href":"https:\/\/factory.sale\/et\/wp-json\/wp\/v2\/product\/26476","targetHints":{"allow":["GET"]}}],"collection":[{"href":"https:\/\/factory.sale\/et\/wp-json\/wp\/v2\/product"}],"about":[{"href":"https:\/\/factory.sale\/et\/wp-json\/wp\/v2\/types\/product"}],"replies":[{"embeddable":true,"href":"https:\/\/factory.sale\/et\/wp-json\/wp\/v2\/comments?post=26476"}],"wp:featuredmedia":[{"embeddable":true,"href":"https:\/\/factory.sale\/et\/wp-json\/wp\/v2\/media\/94575"}],"wp:attachment":[{"href":"https:\/\/factory.sale\/et\/wp-json\/wp\/v2\/media?parent=26476"}],"wp:term":[{"taxonomy":"factory","embeddable":true,"href":"https:\/\/factory.sale\/et\/wp-json\/wp\/v2\/factory?post=26476"},{"taxonomy":"free-shipment","embeddable":true,"href":"https:\/\/factory.sale\/et\/wp-json\/wp\/v2\/free-shipment?post=26476"},{"taxonomy":"product_brand","embeddable":true,"href":"https:\/\/factory.sale\/et\/wp-json\/wp\/v2\/product_brand?post=26476"},{"taxonomy":"product_cat","embeddable":true,"href":"https:\/\/factory.sale\/et\/wp-json\/wp\/v2\/product_cat?post=26476"},{"taxonomy":"product_tag","embeddable":true,"href":"https:\/\/factory.sale\/et\/wp-json\/wp\/v2\/product_tag?post=26476"}],"curies":[{"name":"wp","href":"https:\/\/api.w.org\/{rel}","templated":true}]}}