{"id":26439,"date":"2023-04-05T15:26:31","date_gmt":"2023-04-05T16:02:07","guid":{"rendered":"https:\/\/factory.sale\/?post_type=product&#038;p=26439"},"modified":"2026-03-22T23:13:17","modified_gmt":"2026-03-22T20:13:17","slug":"kahetoaline-tunnisaun-4-m-4-6-inimesele","status":"publish","type":"product","link":"https:\/\/factory.sale\/et\/toode\/kahetoaline-tunnisaun-4-m-4-6-inimesele\/","title":{"rendered":"&#8220;4m&#8221; S4 Kahetoaline t\u00fcnnisaun 4-6 inimesele"},"content":{"rendered":"<p><video style=\"max-width: 100%; height: auto; display: block;\" preload=\"auto\" autoplay=\"autoplay\" loop=\"loop\" muted=\"\" controls=\"controls\" width=\"1500\" height=\"750\"><source src=\"https:\/\/factory.sale\/wp-content\/uploads\/2023\/04\/Barrel-Saunas-960x300-1.mp4\" type=\"video\/mp4\" \/>Your browser does not support the video tag.<\/video><\/p>\n<p>Tutvustame uudset 4 m t\u00fcnnisauna mudelit. Selle ainulaadse planeeringuga saate siseneda m\u00f5lemalt poolt, mis annab teile paindlikkuse valida, kuidas soovite sauna kasutada. Sauna \u00fcks pool on kujundatud leiliruumiks. Teine pool on optimeeritud kasutamiseks puhkeruumina. See 4 meetri pikkune saun on ideaalne suurus 4-6-liikmelistele seltskondadele.<\/p>\n<p>&nbsp;<\/p>\n<p><strong>P\u00f5hikomplekt sisaldab:<\/strong><\/p>\n<ul>\n<li>Kuusest lahti v\u00f5etud saun<\/li>\n<li>Kuusest (S4D)\/ Termopuidust (S4D) t\u00fcnn (paksus 40 mm, \u00d82\/\u00d82,2 m, h = 2,1\/2,3 m \u2013 ilma korstnata)<\/li>\n<li>Termopuidust pingid ja laud<\/li>\n<li>2 lukuga puidust uks<\/li>\n<li>Bituumenkatus<\/li>\n<li>Roostevabast terasest r\u00f5ngad \u2013 4 tk<\/li>\n<\/ul>\n<p>&nbsp;<\/p>\n<p>&nbsp;<\/p>\n<p><strong>Katuse v\u00e4rvid:<\/strong><\/p>\n<p>Pruun, must, roheline<\/p>\n<p><img loading=\"lazy\" decoding=\"async\" class=\"alignnone wp-image-90747\" src=\"https:\/\/factory.sale\/wp-content\/uploads\/2024\/09\/roof-colours-300x91.png\" alt=\"\" width=\"649\" height=\"197\" srcset=\"https:\/\/factory.sale\/wp-content\/uploads\/2024\/09\/roof-colours-300x91.png 300w, https:\/\/factory.sale\/wp-content\/uploads\/2024\/09\/roof-colours-1024x311.png 1024w, https:\/\/factory.sale\/wp-content\/uploads\/2024\/09\/roof-colours-150x46.png 150w, https:\/\/factory.sale\/wp-content\/uploads\/2024\/09\/roof-colours-600x182.png 600w, https:\/\/factory.sale\/wp-content\/uploads\/2024\/09\/roof-colours.png 1330w\" sizes=\"auto, (max-width: 649px) 100vw, 649px\" \/><\/p>\n<p>&nbsp;<\/p>\n<ul>\n<li><strong>Kuusest sauna hind, \u00d82,2 m \u00a0(22S4D) &#8211; 2858.45 EUR<\/strong><\/li>\n<li><strong>Termopuiduga sauna hind, \u00d82 m (S4D) \u20133192.70 EUR<\/strong><\/li>\n<li><strong>Termopuiduga sauna hind, \u00d82,2 m (22S4D) &#8211; 3538.48 EUR<\/strong><\/li>\n<\/ul>\n<p>&nbsp;<\/p>\n<p>&nbsp;<\/p>\n<p>&nbsp;<\/p>\n<p><strong>* Saadaval on palju lisasid ja tarvikuid. Saada meile p\u00e4ring ja k\u00fcsi lisainfot!<\/strong><\/p>\n<p>&nbsp;<\/p>\n<p><b>Transpordi informatsioon:<\/b><\/p>\n<p>17 m veoauto ilma t\u00f5stukita: kohaletoimetamine ainult 17 m veokiga (vajalik on eelnevalt tagada mahalaadimisvarustus), k\u00fcsi lisainfot!<\/p>\n","protected":false},"excerpt":{"rendered":"<p>Tutvustame uudset 4 m t\u00fcnnisauna mudelit. Selle ainulaadse planeeringuga saate siseneda m\u00f5lemalt poolt, mis annab teile paindlikkuse valida, kuidas soovite sauna kasutada. Sauna \u00fcks pool on kujundatud leiliruumiks. Teine pool on optimeeritud kasutamiseks puhkeruumina. See 4 meetri pikkune saun on ideaalne suurus 4-6-liikmelistele seltskondadele.<\/p>\n<p><strong>Ostes Eesti tooteid, saate ainult k\u00f5rgeima kvaliteediga tooted.<\/strong><\/p>\n<p><img loading=\"lazy\" decoding=\"async\" class=\"alignnone wp-image-100903\" src=\"https:\/\/factory.sale\/wp-content\/uploads\/2023\/04\/made-inestonia-3-factory-sale-300x300.webp\" alt=\"Made in Estonia.\" width=\"255\" height=\"255\" srcset=\"https:\/\/factory.sale\/wp-content\/uploads\/2023\/04\/made-inestonia-3-factory-sale-300x300.webp 300w, https:\/\/factory.sale\/wp-content\/uploads\/2023\/04\/made-inestonia-3-factory-sale-1024x1024.webp 1024w, https:\/\/factory.sale\/wp-content\/uploads\/2023\/04\/made-inestonia-3-factory-sale-150x150.webp 150w, https:\/\/factory.sale\/wp-content\/uploads\/2023\/04\/made-inestonia-3-factory-sale-1536x1536.webp 1536w, https:\/\/factory.sale\/wp-content\/uploads\/2023\/04\/made-inestonia-3-factory-sale-600x600.webp 600w, https:\/\/factory.sale\/wp-content\/uploads\/2023\/04\/made-inestonia-3-factory-sale-100x100.webp 100w, https:\/\/factory.sale\/wp-content\/uploads\/2023\/04\/made-inestonia-3-factory-sale.webp 2048w\" sizes=\"auto, (max-width: 255px) 100vw, 255px\" \/><\/p>\n","protected":false},"featured_media":94578,"comment_status":"open","ping_status":"closed","template":"","meta":{"_acf_changed":false},"factory":[],"free-shipment":[],"product_brand":[],"product_cat":[826,1643],"product_tag":[1648,1908,811],"class_list":{"0":"post-26439","1":"product","2":"type-product","3":"status-publish","4":"has-post-thumbnail","6":"product_cat-saunas-et","7":"product_cat-tunnisaun","8":"product_tag-barrel-sauna-et","9":"product_tag-outdoor-sauna-et","10":"product_tag-sauna-et","12":"first","13":"instock","14":"sale","15":"taxable","16":"shipping-taxable","17":"purchasable","18":"product-type-simple"},"acf":[],"_links":{"self":[{"href":"https:\/\/factory.sale\/et\/wp-json\/wp\/v2\/product\/26439","targetHints":{"allow":["GET"]}}],"collection":[{"href":"https:\/\/factory.sale\/et\/wp-json\/wp\/v2\/product"}],"about":[{"href":"https:\/\/factory.sale\/et\/wp-json\/wp\/v2\/types\/product"}],"replies":[{"embeddable":true,"href":"https:\/\/factory.sale\/et\/wp-json\/wp\/v2\/comments?post=26439"}],"wp:featuredmedia":[{"embeddable":true,"href":"https:\/\/factory.sale\/et\/wp-json\/wp\/v2\/media\/94578"}],"wp:attachment":[{"href":"https:\/\/factory.sale\/et\/wp-json\/wp\/v2\/media?parent=26439"}],"wp:term":[{"taxonomy":"factory","embeddable":true,"href":"https:\/\/factory.sale\/et\/wp-json\/wp\/v2\/factory?post=26439"},{"taxonomy":"free-shipment","embeddable":true,"href":"https:\/\/factory.sale\/et\/wp-json\/wp\/v2\/free-shipment?post=26439"},{"taxonomy":"product_brand","embeddable":true,"href":"https:\/\/factory.sale\/et\/wp-json\/wp\/v2\/product_brand?post=26439"},{"taxonomy":"product_cat","embeddable":true,"href":"https:\/\/factory.sale\/et\/wp-json\/wp\/v2\/product_cat?post=26439"},{"taxonomy":"product_tag","embeddable":true,"href":"https:\/\/factory.sale\/et\/wp-json\/wp\/v2\/product_tag?post=26439"}],"curies":[{"name":"wp","href":"https:\/\/api.w.org\/{rel}","templated":true}]}}