{"id":26408,"date":"2023-04-05T13:28:22","date_gmt":"2023-04-05T13:34:58","guid":{"rendered":"https:\/\/factory.sale\/?post_type=product&#038;p=26408"},"modified":"2026-03-22T23:17:04","modified_gmt":"2026-03-22T20:17:04","slug":"tunnisaun-28m-4-inimesele","status":"publish","type":"product","link":"https:\/\/factory.sale\/et\/toode\/tunnisaun-28m-4-inimesele\/","title":{"rendered":"&#8220;2,8m&#8221; S28V T\u00fcnnisaun 4-inimesele"},"content":{"rendered":"<p><video style=\"max-width: 100%; height: auto; display: block;\" preload=\"auto\" autoplay=\"autoplay\" loop=\"loop\" muted=\"\" controls=\"controls\" width=\"1500\" height=\"750\"><source src=\"https:\/\/factory.sale\/wp-content\/uploads\/2023\/04\/Barrel-Saunas-960x300-1.mp4\" type=\"video\/mp4\" \/>Your browser does not support the video tag.<\/video><\/p>\n<p>2,8 m t\u00fcnnisaun on funktsionaalne ja optimaalne perele v\u00f5i 4-6-liikmelisele seltskonnale.<\/p>\n<p>&nbsp;<\/p>\n<p><strong>P\u00f5hikomplekt sisaldab:<\/strong><\/p>\n<ul>\n<li>Kuusest lahti v\u00f5etud saun<\/li>\n<li>Kuusest (S28VE)\/ Termopuidust (S28VT) t\u00fcnnisaun (paksus 40 mm, \u00d82 m, h = 2,1 m \u2013 ilma korstnata)<\/li>\n<li>Termopuidust pingid ja laud<\/li>\n<li>Pruun karastatud klaasist uks<\/li>\n<li>Bituumenkatus<\/li>\n<li>Roostevabast terasest r\u00f5ngad \u2013 4 tk<\/li>\n<\/ul>\n<p>&nbsp;<\/p>\n<p><strong>Saadaval ka l\u00e4bim\u00f5\u00f5duga \u00d82,2m (hinnad ilma k\u00e4ibemaksuta):<\/strong><\/p>\n<ul>\n<li>Kuusest (22S28VE) &#8211; 2116 EUR<\/li>\n<li>Termopuidust (22S28VT) &#8211; 2691 EUR<\/li>\n<\/ul>\n<p>&nbsp;<\/p>\n<p><strong>*Termopuidust sauna hind (S28VT) \u20132472,50 EUR<\/strong><\/p>\n<p>&nbsp;<\/p>\n<p><strong>* Saadaval on palju tarvikuid ja lisasid. Saada meile p\u00e4ring ja k\u00fcsi lisainfot!<\/strong><\/p>\n<p>&nbsp;<\/p>\n<p><b>Transpordi informatsioon:<\/b><\/p>\n<p>17 m veoauto ilma t\u00f5stukita: kohaletoimetamine ainult 17 m veokiga (vajalik on eelnevalt tagada mahalaadimisvarustus), k\u00fcsi lisainfot!<\/p>\n","protected":false},"excerpt":{"rendered":"<p>2,8 m t\u00fcnnisaun on funktsionaalne ja optimaalne perele v\u00f5i 4-6-liikmelisele seltskonnale.<\/p>\n<div><img loading=\"lazy\" decoding=\"async\" class=\"alignnone wp-image-100903\" src=\"https:\/\/factory.sale\/wp-content\/uploads\/2023\/04\/made-inestonia-3-factory-sale-300x300.webp\" alt=\"Made in Estonia.\" width=\"255\" height=\"255\" srcset=\"https:\/\/factory.sale\/wp-content\/uploads\/2023\/04\/made-inestonia-3-factory-sale-300x300.webp 300w, https:\/\/factory.sale\/wp-content\/uploads\/2023\/04\/made-inestonia-3-factory-sale-1024x1024.webp 1024w, https:\/\/factory.sale\/wp-content\/uploads\/2023\/04\/made-inestonia-3-factory-sale-150x150.webp 150w, https:\/\/factory.sale\/wp-content\/uploads\/2023\/04\/made-inestonia-3-factory-sale-1536x1536.webp 1536w, https:\/\/factory.sale\/wp-content\/uploads\/2023\/04\/made-inestonia-3-factory-sale-600x600.webp 600w, https:\/\/factory.sale\/wp-content\/uploads\/2023\/04\/made-inestonia-3-factory-sale-100x100.webp 100w, https:\/\/factory.sale\/wp-content\/uploads\/2023\/04\/made-inestonia-3-factory-sale.webp 2048w\" sizes=\"auto, (max-width: 255px) 100vw, 255px\" \/><\/div>\n","protected":false},"featured_media":85333,"comment_status":"open","ping_status":"closed","template":"","meta":{"_acf_changed":false},"factory":[],"free-shipment":[],"product_brand":[],"product_cat":[826,1643],"product_tag":[1648,1908,831],"class_list":{"0":"post-26408","1":"product","2":"type-product","3":"status-publish","4":"has-post-thumbnail","6":"product_cat-saunas-et","7":"product_cat-tunnisaun","8":"product_tag-barrel-sauna-et","9":"product_tag-outdoor-sauna-et","10":"product_tag-sauna-house-et","12":"first","13":"instock","14":"sale","15":"taxable","16":"shipping-taxable","17":"purchasable","18":"product-type-simple"},"acf":[],"_links":{"self":[{"href":"https:\/\/factory.sale\/et\/wp-json\/wp\/v2\/product\/26408","targetHints":{"allow":["GET"]}}],"collection":[{"href":"https:\/\/factory.sale\/et\/wp-json\/wp\/v2\/product"}],"about":[{"href":"https:\/\/factory.sale\/et\/wp-json\/wp\/v2\/types\/product"}],"replies":[{"embeddable":true,"href":"https:\/\/factory.sale\/et\/wp-json\/wp\/v2\/comments?post=26408"}],"wp:featuredmedia":[{"embeddable":true,"href":"https:\/\/factory.sale\/et\/wp-json\/wp\/v2\/media\/85333"}],"wp:attachment":[{"href":"https:\/\/factory.sale\/et\/wp-json\/wp\/v2\/media?parent=26408"}],"wp:term":[{"taxonomy":"factory","embeddable":true,"href":"https:\/\/factory.sale\/et\/wp-json\/wp\/v2\/factory?post=26408"},{"taxonomy":"free-shipment","embeddable":true,"href":"https:\/\/factory.sale\/et\/wp-json\/wp\/v2\/free-shipment?post=26408"},{"taxonomy":"product_brand","embeddable":true,"href":"https:\/\/factory.sale\/et\/wp-json\/wp\/v2\/product_brand?post=26408"},{"taxonomy":"product_cat","embeddable":true,"href":"https:\/\/factory.sale\/et\/wp-json\/wp\/v2\/product_cat?post=26408"},{"taxonomy":"product_tag","embeddable":true,"href":"https:\/\/factory.sale\/et\/wp-json\/wp\/v2\/product_tag?post=26408"}],"curies":[{"name":"wp","href":"https:\/\/api.w.org\/{rel}","templated":true}]}}