{"id":26356,"date":"2023-04-05T07:44:35","date_gmt":"2023-04-05T08:00:29","guid":{"rendered":"https:\/\/factory.sale\/?post_type=product&#038;p=26356"},"modified":"2026-03-23T23:10:15","modified_gmt":"2026-03-23T20:10:15","slug":"tunnisaun-16-m-3-inimesele","status":"publish","type":"product","link":"https:\/\/factory.sale\/et\/toode\/tunnisaun-16-m-3-inimesele\/","title":{"rendered":"&#8220;1,6m&#8221; S16 T\u00fcnnisaun 3-inimesele"},"content":{"rendered":"<p><video style=\"max-width: 100%; height: auto; display: block;\" preload=\"auto\" autoplay=\"autoplay\" loop=\"loop\" muted=\"\" controls=\"controls\" width=\"1500\" height=\"750\"><source src=\"https:\/\/factory.sale\/wp-content\/uploads\/2023\/04\/Barrel-Saunas-960x300-1.mp4\" type=\"video\/mp4\" \/>Your browser does not support the video tag.<\/video><\/p>\n<p>V\u00e4ikseim ainult leiliruumiga v\u00e4lisaun on ideaalne lahendus v\u00e4ikestele \u00f5uealadele ja terrassidele. Selline t\u00fcnnisaun sobib<br \/>\nv\u00e4ikesele perele v\u00f5i s\u00f5pruskonnale. Vaatamata oma v\u00e4ikesele suurusele mahutab see saun mugavalt \u00a03-4 inimest. T\u00fcnnisauna komplekti<br \/>\ntarnitakse nii kokkupandud kui ka kokkupanemata kujul, samuti v\u00f5ib see olla valmistatud kuusest v\u00f5i termopuidust.<br \/>\nValides selle kompaktse v\u00e4lisauna, saad ideaalse kvaliteedi, m\u00f5istliku hinna, kiire k\u00fctmise ja ruumis\u00e4\u00e4stlikkuse.<\/p>\n<p>&nbsp;<\/p>\n<p><strong>P\u00f5hikomplekt sisaldab:<\/strong><\/p>\n<ul>\n<li>Kuusest lahti v\u00f5etud saun<\/li>\n<li>Kuusest (S16E) \/ termopuidust (S16T) t\u00fcnn (paksus 40 mm, \u00d82 m, h = 2,1 m \u2013 ilma korstnata)<\/li>\n<li>Pingid termopuidust<\/li>\n<li>Pruun karastatud klaasist uks<\/li>\n<li>Bituumenkatus<\/li>\n<li>Roostevabast terasest r\u00f5ngad \u2013 2 tk.<\/li>\n<\/ul>\n<p>&nbsp;<\/p>\n<p><strong>*Termopuidust sauna hind (S16T ) &#8211; 1828,50 EUR<\/strong><\/p>\n<p><strong>* Saadaval on palju tarvikuid. Saada meile p\u00e4ring ja k\u00fcsi lisainfot!<\/strong><\/p>\n<p>&nbsp;<\/p>\n<p>&nbsp;<\/p>\n<p><b>Transpordi informatsioon:<\/b><\/p>\n<p>Kohaletoimetamine t\u00f5stukiga veoautoga.<\/p>\n","protected":false},"excerpt":{"rendered":"<p>V\u00e4ikseim ainult leiliruumiga v\u00e4lisaun on ideaalne lahendus v\u00e4ikestele \u00f5uealadele ja terrassidele. Valides selle kompaktse v\u00e4lisauna, saad ideaalse kvaliteedi, m\u00f5istliku hinna, kiire k\u00fctmise ja ruumis\u00e4\u00e4stlikkuse.<\/p>\n<div>\n<p><strong>Ostes Eesti tooteid, saate ainult k\u00f5rgeima kvaliteediga tooted.<\/strong><\/p>\n<p><img loading=\"lazy\" decoding=\"async\" class=\"alignnone wp-image-100903\" src=\"https:\/\/factory.sale\/wp-content\/uploads\/2023\/04\/made-inestonia-3-factory-sale-300x300.webp\" alt=\"Made in Estonia.\" width=\"255\" height=\"255\" srcset=\"https:\/\/factory.sale\/wp-content\/uploads\/2023\/04\/made-inestonia-3-factory-sale-300x300.webp 300w, https:\/\/factory.sale\/wp-content\/uploads\/2023\/04\/made-inestonia-3-factory-sale-1024x1024.webp 1024w, https:\/\/factory.sale\/wp-content\/uploads\/2023\/04\/made-inestonia-3-factory-sale-150x150.webp 150w, https:\/\/factory.sale\/wp-content\/uploads\/2023\/04\/made-inestonia-3-factory-sale-1536x1536.webp 1536w, https:\/\/factory.sale\/wp-content\/uploads\/2023\/04\/made-inestonia-3-factory-sale-600x600.webp 600w, https:\/\/factory.sale\/wp-content\/uploads\/2023\/04\/made-inestonia-3-factory-sale-100x100.webp 100w, https:\/\/factory.sale\/wp-content\/uploads\/2023\/04\/made-inestonia-3-factory-sale.webp 2048w\" sizes=\"auto, (max-width: 255px) 100vw, 255px\" \/><\/p>\n<\/div>\n","protected":false},"featured_media":102481,"comment_status":"open","ping_status":"closed","template":"","meta":{"_acf_changed":false},"factory":[],"free-shipment":[],"product_brand":[],"product_cat":[826,1643],"product_tag":[1908,811,831],"class_list":{"0":"post-26356","1":"product","2":"type-product","3":"status-publish","4":"has-post-thumbnail","6":"product_cat-saunas-et","7":"product_cat-tunnisaun","8":"product_tag-outdoor-sauna-et","9":"product_tag-sauna-et","10":"product_tag-sauna-house-et","12":"first","13":"instock","14":"sale","15":"taxable","16":"shipping-taxable","17":"purchasable","18":"product-type-simple"},"acf":[],"_links":{"self":[{"href":"https:\/\/factory.sale\/et\/wp-json\/wp\/v2\/product\/26356","targetHints":{"allow":["GET"]}}],"collection":[{"href":"https:\/\/factory.sale\/et\/wp-json\/wp\/v2\/product"}],"about":[{"href":"https:\/\/factory.sale\/et\/wp-json\/wp\/v2\/types\/product"}],"replies":[{"embeddable":true,"href":"https:\/\/factory.sale\/et\/wp-json\/wp\/v2\/comments?post=26356"}],"wp:featuredmedia":[{"embeddable":true,"href":"https:\/\/factory.sale\/et\/wp-json\/wp\/v2\/media\/102481"}],"wp:attachment":[{"href":"https:\/\/factory.sale\/et\/wp-json\/wp\/v2\/media?parent=26356"}],"wp:term":[{"taxonomy":"factory","embeddable":true,"href":"https:\/\/factory.sale\/et\/wp-json\/wp\/v2\/factory?post=26356"},{"taxonomy":"free-shipment","embeddable":true,"href":"https:\/\/factory.sale\/et\/wp-json\/wp\/v2\/free-shipment?post=26356"},{"taxonomy":"product_brand","embeddable":true,"href":"https:\/\/factory.sale\/et\/wp-json\/wp\/v2\/product_brand?post=26356"},{"taxonomy":"product_cat","embeddable":true,"href":"https:\/\/factory.sale\/et\/wp-json\/wp\/v2\/product_cat?post=26356"},{"taxonomy":"product_tag","embeddable":true,"href":"https:\/\/factory.sale\/et\/wp-json\/wp\/v2\/product_tag?post=26356"}],"curies":[{"name":"wp","href":"https:\/\/api.w.org\/{rel}","templated":true}]}}