{"id":25783,"date":"2023-03-27T21:17:33","date_gmt":"2023-03-27T21:24:01","guid":{"rendered":"https:\/\/factory.sale\/?post_type=product&#038;p=25783"},"modified":"2024-06-25T14:42:50","modified_gmt":"2024-06-25T14:42:50","slug":"gabioon-kivikorv-50x50x50-5-kulge","status":"publish","type":"product","link":"https:\/\/factory.sale\/et\/toode\/gabioon-kivikorv-50x50x50-5-kulge\/","title":{"rendered":"Gabioon\/kivikorv 50x50x50 5-k\u00fclge"},"content":{"rendered":"<p>Gabioonid ehk kivikorvid on kivide, betooni ja m\u00f5nikord liiva v\u00f5i mullaga t\u00e4idetud korv, silinder v\u00f5i kast, mis sobib ideaalselt p\u00f5hjamaise kliimaga aedadesse!<br \/>\nTsingitud terasest traat aitab stabiliseerida veekogude \u00e4\u00e4rseid kaldaid erosiooni eest.<\/p>\n<p>&nbsp;<\/p>\n<p>&nbsp;<\/p>\n<p><strong>Lisainformatsioon:<\/strong><\/p>\n<ul>\n<li>Silma suurus: 75 x 75 mm<\/li>\n<li>M\u00f5\u00f5dud: 50 x 50 x 50 cm \/ 5-k\u00fclge<\/li>\n<\/ul>\n<p>&nbsp;<\/p>\n<p>&nbsp;<\/p>\n<p>&nbsp;<\/p>\n<p><em>Kivid ei kuulu komplekti!<\/em><\/p>\n","protected":false},"excerpt":{"rendered":"<p>Gabioonid ehk kivikorvid on kivide, betooni ja m\u00f5nikord liiva v\u00f5i mullaga t\u00e4idetud korv, silinder v\u00f5i kast, mis sobib ideaalselt p\u00f5hjamaise kliimaga aedadesse!<br \/>\nTsingitud terasest traat aitab stabiliseerida veekogude \u00e4\u00e4rseid kaldaid erosiooni eest.<\/p>\n<p>&nbsp;<\/p>\n","protected":false},"featured_media":25774,"comment_status":"open","ping_status":"closed","template":"","meta":{"_acf_changed":false},"factory":[],"free-shipment":[],"product_brand":[],"product_cat":[924],"product_tag":[],"class_list":{"0":"post-25783","1":"product","2":"type-product","3":"status-publish","4":"has-post-thumbnail","6":"product_cat-aiatooted","8":"first","9":"instock","10":"sale","11":"taxable","12":"shipping-taxable","13":"purchasable","14":"product-type-simple"},"acf":[],"_links":{"self":[{"href":"https:\/\/factory.sale\/et\/wp-json\/wp\/v2\/product\/25783","targetHints":{"allow":["GET"]}}],"collection":[{"href":"https:\/\/factory.sale\/et\/wp-json\/wp\/v2\/product"}],"about":[{"href":"https:\/\/factory.sale\/et\/wp-json\/wp\/v2\/types\/product"}],"replies":[{"embeddable":true,"href":"https:\/\/factory.sale\/et\/wp-json\/wp\/v2\/comments?post=25783"}],"wp:featuredmedia":[{"embeddable":true,"href":"https:\/\/factory.sale\/et\/wp-json\/wp\/v2\/media\/25774"}],"wp:attachment":[{"href":"https:\/\/factory.sale\/et\/wp-json\/wp\/v2\/media?parent=25783"}],"wp:term":[{"taxonomy":"factory","embeddable":true,"href":"https:\/\/factory.sale\/et\/wp-json\/wp\/v2\/factory?post=25783"},{"taxonomy":"free-shipment","embeddable":true,"href":"https:\/\/factory.sale\/et\/wp-json\/wp\/v2\/free-shipment?post=25783"},{"taxonomy":"product_brand","embeddable":true,"href":"https:\/\/factory.sale\/et\/wp-json\/wp\/v2\/product_brand?post=25783"},{"taxonomy":"product_cat","embeddable":true,"href":"https:\/\/factory.sale\/et\/wp-json\/wp\/v2\/product_cat?post=25783"},{"taxonomy":"product_tag","embeddable":true,"href":"https:\/\/factory.sale\/et\/wp-json\/wp\/v2\/product_tag?post=25783"}],"curies":[{"name":"wp","href":"https:\/\/api.w.org\/{rel}","templated":true}]}}