{"id":25779,"date":"2023-03-27T21:07:00","date_gmt":"2023-03-27T21:11:51","guid":{"rendered":"https:\/\/factory.sale\/?post_type=product&#038;p=25779"},"modified":"2024-06-25T13:57:37","modified_gmt":"2024-06-25T13:57:37","slug":"gabioon-kivikorv-50x50x50-cm-6-kulge","status":"publish","type":"product","link":"https:\/\/factory.sale\/et\/toode\/gabioon-kivikorv-50x50x50-cm-6-kulge\/","title":{"rendered":"Gabioon\/kivikorv 50x50x50 cm 6 k\u00fclge"},"content":{"rendered":"<p>Gabioonid ehk kivikorvid on kivide, betooni ja m\u00f5nikord liiva v\u00f5i mullaga t\u00e4idetud korv, silinder v\u00f5i kast, mis sobib ideaalselt p\u00f5hjamaise kliimaga aedadesse!<br \/>\nTsingitud terasest traat aitab stabiliseerida veekogude \u00e4\u00e4rseid kaldaid erosiooni eest.<\/p>\n<p>&nbsp;<\/p>\n<p><strong>Lisainformatsioon:<\/strong><\/p>\n<ul>\n<li>Silma suurus: 75 x 75 mm<\/li>\n<li>M\u00f5\u00f5dud: 50 x 50 x 50 cm \/ 6-k\u00fclge<\/li>\n<\/ul>\n<p>&nbsp;<\/p>\n<p>&nbsp;<\/p>\n<p><em>Kivid ei kuulu komplekti!<\/em><\/p>\n","protected":false},"excerpt":{"rendered":"<p>Gabioonid ehk kivikorvid on kivide, betooni ja m\u00f5nikord liiva v\u00f5i mullaga t\u00e4idetud korv, silinder v\u00f5i kast, mis sobib ideaalselt p\u00f5hjamaise kliimaga aedadesse!<br \/>\nTsingitud terasest traat aitab stabiliseerida veekogude \u00e4\u00e4rseid kaldaid erosiooni eest.<\/p>\n<p>&nbsp;<\/p>\n","protected":false},"featured_media":25774,"comment_status":"open","ping_status":"closed","template":"","meta":{"_acf_changed":false},"factory":[],"free-shipment":[],"product_brand":[],"product_cat":[924],"product_tag":[1483,1484],"class_list":{"0":"post-25779","1":"product","2":"type-product","3":"status-publish","4":"has-post-thumbnail","6":"product_cat-aiatooted","7":"product_tag-garden-et","8":"product_tag-yard-et","10":"first","11":"instock","12":"sale","13":"taxable","14":"shipping-taxable","15":"purchasable","16":"product-type-simple"},"acf":[],"_links":{"self":[{"href":"https:\/\/factory.sale\/et\/wp-json\/wp\/v2\/product\/25779","targetHints":{"allow":["GET"]}}],"collection":[{"href":"https:\/\/factory.sale\/et\/wp-json\/wp\/v2\/product"}],"about":[{"href":"https:\/\/factory.sale\/et\/wp-json\/wp\/v2\/types\/product"}],"replies":[{"embeddable":true,"href":"https:\/\/factory.sale\/et\/wp-json\/wp\/v2\/comments?post=25779"}],"wp:featuredmedia":[{"embeddable":true,"href":"https:\/\/factory.sale\/et\/wp-json\/wp\/v2\/media\/25774"}],"wp:attachment":[{"href":"https:\/\/factory.sale\/et\/wp-json\/wp\/v2\/media?parent=25779"}],"wp:term":[{"taxonomy":"factory","embeddable":true,"href":"https:\/\/factory.sale\/et\/wp-json\/wp\/v2\/factory?post=25779"},{"taxonomy":"free-shipment","embeddable":true,"href":"https:\/\/factory.sale\/et\/wp-json\/wp\/v2\/free-shipment?post=25779"},{"taxonomy":"product_brand","embeddable":true,"href":"https:\/\/factory.sale\/et\/wp-json\/wp\/v2\/product_brand?post=25779"},{"taxonomy":"product_cat","embeddable":true,"href":"https:\/\/factory.sale\/et\/wp-json\/wp\/v2\/product_cat?post=25779"},{"taxonomy":"product_tag","embeddable":true,"href":"https:\/\/factory.sale\/et\/wp-json\/wp\/v2\/product_tag?post=25779"}],"curies":[{"name":"wp","href":"https:\/\/api.w.org\/{rel}","templated":true}]}}