{"id":25559,"date":"2023-03-24T09:53:02","date_gmt":"2023-03-24T09:55:04","guid":{"rendered":"https:\/\/factory.sale\/?post_type=product&#038;p=25559"},"modified":"2024-06-26T21:37:02","modified_gmt":"2024-06-26T21:37:02","slug":"porandalaud-hll-28x146-mand-ab","status":"publish","type":"product","link":"https:\/\/factory.sale\/et\/toode\/porandalaud-hll-28x146-mand-ab\/","title":{"rendered":"P\u00f5randalaud HLL 28&#215;146 m\u00e4nd AB"},"content":{"rendered":"<p><strong>Tooteteave:<\/strong><\/p>\n<ul>\n<li>Profiil: HLL<\/li>\n<li>Puidut\u00fc\u00fcp: m\u00e4nd<\/li>\n<li>M\u00f5\u00f5dud: 28 x 146 mm<\/li>\n<li>Kvaliteet: AB<\/li>\n<\/ul>\n","protected":false},"excerpt":{"rendered":"<ul>\n<li>Profiil: HLL<\/li>\n<li>Puidut\u00fc\u00fcp: m\u00e4nd<\/li>\n<li>M\u00f5\u00f5dud: 28 x 146 mm<\/li>\n<li>Kvaliteet: AB<\/li>\n<\/ul>\n","protected":false},"featured_media":25538,"comment_status":"open","ping_status":"closed","template":"","meta":{"_acf_changed":false},"factory":[],"free-shipment":[],"product_brand":[],"product_cat":[1604],"product_tag":[301],"class_list":{"0":"post-25559","1":"product","2":"type-product","3":"status-publish","4":"has-post-thumbnail","6":"product_cat-puit","7":"product_tag-wood-et-2","9":"first","10":"instock","11":"sale","12":"taxable","13":"shipping-taxable","14":"purchasable","15":"product-type-simple"},"acf":[],"_links":{"self":[{"href":"https:\/\/factory.sale\/et\/wp-json\/wp\/v2\/product\/25559","targetHints":{"allow":["GET"]}}],"collection":[{"href":"https:\/\/factory.sale\/et\/wp-json\/wp\/v2\/product"}],"about":[{"href":"https:\/\/factory.sale\/et\/wp-json\/wp\/v2\/types\/product"}],"replies":[{"embeddable":true,"href":"https:\/\/factory.sale\/et\/wp-json\/wp\/v2\/comments?post=25559"}],"wp:featuredmedia":[{"embeddable":true,"href":"https:\/\/factory.sale\/et\/wp-json\/wp\/v2\/media\/25538"}],"wp:attachment":[{"href":"https:\/\/factory.sale\/et\/wp-json\/wp\/v2\/media?parent=25559"}],"wp:term":[{"taxonomy":"factory","embeddable":true,"href":"https:\/\/factory.sale\/et\/wp-json\/wp\/v2\/factory?post=25559"},{"taxonomy":"free-shipment","embeddable":true,"href":"https:\/\/factory.sale\/et\/wp-json\/wp\/v2\/free-shipment?post=25559"},{"taxonomy":"product_brand","embeddable":true,"href":"https:\/\/factory.sale\/et\/wp-json\/wp\/v2\/product_brand?post=25559"},{"taxonomy":"product_cat","embeddable":true,"href":"https:\/\/factory.sale\/et\/wp-json\/wp\/v2\/product_cat?post=25559"},{"taxonomy":"product_tag","embeddable":true,"href":"https:\/\/factory.sale\/et\/wp-json\/wp\/v2\/product_tag?post=25559"}],"curies":[{"name":"wp","href":"https:\/\/api.w.org\/{rel}","templated":true}]}}