{"id":25502,"date":"2023-03-23T20:31:21","date_gmt":"2023-03-23T18:02:16","guid":{"rendered":"https:\/\/factory.sale\/?post_type=product&#038;p=25502"},"modified":"2024-06-27T23:06:48","modified_gmt":"2024-06-27T23:06:48","slug":"sisevoodrilaud-stv-12x96-mand-ab","status":"publish","type":"product","link":"https:\/\/factory.sale\/et\/toode\/sisevoodrilaud-stv-12x96-mand-ab\/","title":{"rendered":"Sisevoodrilaud STV 12&#215;96 m\u00e4nd AB"},"content":{"rendered":"<p><strong>Tooteteave:<\/strong><\/p>\n<ul>\n<li>Profiil: STV<\/li>\n<li>Puidut\u00fc\u00fcp: m\u00e4nd<\/li>\n<li>M\u00f5\u00f5dud: 12 x 96 mm<\/li>\n<\/ul>\n","protected":false},"excerpt":{"rendered":"<ul>\n<li>Profiil: STV<\/li>\n<li>Puidut\u00fc\u00fcp: m\u00e4nd<\/li>\n<li>M\u00f5\u00f5dud: 12 x 96 mm<\/li>\n<\/ul>\n","protected":false},"featured_media":25505,"comment_status":"open","ping_status":"closed","template":"","meta":{"_acf_changed":false},"factory":[],"free-shipment":[],"product_brand":[],"product_cat":[1604],"product_tag":[301],"class_list":{"0":"post-25502","1":"product","2":"type-product","3":"status-publish","4":"has-post-thumbnail","6":"product_cat-puit","7":"product_tag-wood-et-2","9":"first","10":"instock","11":"sale","12":"taxable","13":"shipping-taxable","14":"purchasable","15":"product-type-simple"},"acf":[],"_links":{"self":[{"href":"https:\/\/factory.sale\/et\/wp-json\/wp\/v2\/product\/25502","targetHints":{"allow":["GET"]}}],"collection":[{"href":"https:\/\/factory.sale\/et\/wp-json\/wp\/v2\/product"}],"about":[{"href":"https:\/\/factory.sale\/et\/wp-json\/wp\/v2\/types\/product"}],"replies":[{"embeddable":true,"href":"https:\/\/factory.sale\/et\/wp-json\/wp\/v2\/comments?post=25502"}],"wp:featuredmedia":[{"embeddable":true,"href":"https:\/\/factory.sale\/et\/wp-json\/wp\/v2\/media\/25505"}],"wp:attachment":[{"href":"https:\/\/factory.sale\/et\/wp-json\/wp\/v2\/media?parent=25502"}],"wp:term":[{"taxonomy":"factory","embeddable":true,"href":"https:\/\/factory.sale\/et\/wp-json\/wp\/v2\/factory?post=25502"},{"taxonomy":"free-shipment","embeddable":true,"href":"https:\/\/factory.sale\/et\/wp-json\/wp\/v2\/free-shipment?post=25502"},{"taxonomy":"product_brand","embeddable":true,"href":"https:\/\/factory.sale\/et\/wp-json\/wp\/v2\/product_brand?post=25502"},{"taxonomy":"product_cat","embeddable":true,"href":"https:\/\/factory.sale\/et\/wp-json\/wp\/v2\/product_cat?post=25502"},{"taxonomy":"product_tag","embeddable":true,"href":"https:\/\/factory.sale\/et\/wp-json\/wp\/v2\/product_tag?post=25502"}],"curies":[{"name":"wp","href":"https:\/\/api.w.org\/{rel}","templated":true}]}}