{"id":25407,"date":"2023-03-22T14:02:11","date_gmt":"2023-03-22T14:11:22","guid":{"rendered":"https:\/\/factory.sale\/?post_type=product&#038;p=25407"},"modified":"2024-06-25T14:41:18","modified_gmt":"2024-06-25T14:41:18","slug":"tikkurila-valtti-terrace-oil-moobli-ja-terrassioli-9l-pruun","status":"publish","type":"product","link":"https:\/\/factory.sale\/et\/toode\/tikkurila-valtti-terrace-oil-moobli-ja-terrassioli-9l-pruun\/","title":{"rendered":"Tikkurila Valtti Terrace Oil m\u00f6\u00f6bli- ja terrassi\u00f5li 9l, pruun"},"content":{"rendered":"<p><span style=\"font-weight: 400;\">Lahustip\u00f5hine valmistoonides puidu\u00f5li v\u00e4listingimustesse. Kaitseb puitu niiskuse ja mustuse eest, v\u00e4hendades puitpinna l\u00f5henemist. Sobib t\u00f6\u00f6tlemata, termot\u00f6\u00f6deldud, s\u00fcgavimmutatud, lehtpuust ja eelnevalt \u00f5litatud puidule ning ka t\u00f6\u00f6stuslikult \u00f5litatud puidule. Puidu aluspinna toon m\u00f5jutab l\u00f5plikku tooni. Juba halliks ja karedaks muutunud puidu pind imab \u00f5li tugevalt ja l\u00f5pptulemus tuleb v\u00e4ga tume.<\/span><\/p>\n<p>&nbsp;<\/p>\n<p>&nbsp;<\/p>\n<p><b>KASUTAMINE:<\/b><\/p>\n<ol>\n<li><span style=\"font-weight: 400;\">Sega Valtti terrassi\u00f5li hoolikalt enne kasutamist ja ka kasutamise ajal. <\/span><\/li>\n<li><span style=\"font-weight: 400;\">Kanna puidu\u00f5li pinnale pintsli v\u00f5i k\u00e4snaga nii, et kogu \u00f5li imenduks puitu. <\/span><\/li>\n<li><span style=\"font-weight: 400;\">P\u00fchi \u00fcleliigne \u00f5li \u00e4ra. <\/span><\/li>\n<li><span style=\"font-weight: 400;\">J\u00e4tkukohtade v\u00e4ltimiseks pintselda kogu pind \u00fchtlaselt korraga. <\/span><\/li>\n<li><span style=\"font-weight: 400;\">V\u00e4lism\u00f6\u00f6blit t\u00f6\u00f6tle \u00fcks kord.<\/span><\/li>\n<li><span style=\"font-weight: 400;\"> Poorne puidupind v\u00f5ib vajada kahekordset t\u00f6\u00f6tlemist.<\/span><\/li>\n<\/ol>\n<p>&nbsp;<\/p>\n","protected":false},"excerpt":{"rendered":"<p><span style=\"font-weight: 400;\">Lahustip\u00f5hine valmistoonides puidu\u00f5li v\u00e4listingimustesse. Kaitseb puitu niiskuse ja mustuse eest, v\u00e4hendades puitpinna l\u00f5henemist. Sobib t\u00f6\u00f6tlemata, termot\u00f6\u00f6deldud, s\u00fcgavimmutatud, lehtpuust ja eelnevalt \u00f5litatud puidule ning ka t\u00f6\u00f6stuslikult \u00f5litatud puidule. Puidu aluspinna toon m\u00f5jutab l\u00f5plikku tooni. Juba halliks ja karedaks muutunud puidu pind imab \u00f5li tugevalt ja l\u00f5pptulemus tuleb v\u00e4ga tume.<\/span><\/p>\n","protected":false},"featured_media":25405,"comment_status":"open","ping_status":"closed","template":"","meta":{"_acf_changed":false},"factory":[],"free-shipment":[],"product_brand":[],"product_cat":[924,2361],"product_tag":[],"class_list":{"0":"post-25407","1":"product","2":"type-product","3":"status-publish","4":"has-post-thumbnail","6":"product_cat-aiatooted","7":"product_cat-terassiolid","9":"first","10":"instock","11":"sale","12":"taxable","13":"shipping-taxable","14":"purchasable","15":"product-type-simple"},"acf":[],"_links":{"self":[{"href":"https:\/\/factory.sale\/et\/wp-json\/wp\/v2\/product\/25407","targetHints":{"allow":["GET"]}}],"collection":[{"href":"https:\/\/factory.sale\/et\/wp-json\/wp\/v2\/product"}],"about":[{"href":"https:\/\/factory.sale\/et\/wp-json\/wp\/v2\/types\/product"}],"replies":[{"embeddable":true,"href":"https:\/\/factory.sale\/et\/wp-json\/wp\/v2\/comments?post=25407"}],"wp:featuredmedia":[{"embeddable":true,"href":"https:\/\/factory.sale\/et\/wp-json\/wp\/v2\/media\/25405"}],"wp:attachment":[{"href":"https:\/\/factory.sale\/et\/wp-json\/wp\/v2\/media?parent=25407"}],"wp:term":[{"taxonomy":"factory","embeddable":true,"href":"https:\/\/factory.sale\/et\/wp-json\/wp\/v2\/factory?post=25407"},{"taxonomy":"free-shipment","embeddable":true,"href":"https:\/\/factory.sale\/et\/wp-json\/wp\/v2\/free-shipment?post=25407"},{"taxonomy":"product_brand","embeddable":true,"href":"https:\/\/factory.sale\/et\/wp-json\/wp\/v2\/product_brand?post=25407"},{"taxonomy":"product_cat","embeddable":true,"href":"https:\/\/factory.sale\/et\/wp-json\/wp\/v2\/product_cat?post=25407"},{"taxonomy":"product_tag","embeddable":true,"href":"https:\/\/factory.sale\/et\/wp-json\/wp\/v2\/product_tag?post=25407"}],"curies":[{"name":"wp","href":"https:\/\/api.w.org\/{rel}","templated":true}]}}