{"id":25389,"date":"2023-03-22T13:31:45","date_gmt":"2023-03-22T13:38:24","guid":{"rendered":"https:\/\/factory.sale\/?post_type=product&#038;p=25389"},"modified":"2024-06-26T01:03:05","modified_gmt":"2024-06-26T01:03:05","slug":"tikkurila-valtti-puiduoli-72l-ec","status":"publish","type":"product","link":"https:\/\/factory.sale\/et\/toode\/tikkurila-valtti-puiduoli-72l-ec\/","title":{"rendered":"Tikkurila Valtti puidu\u00f5li 7,2l EC"},"content":{"rendered":"<p>Veep\u00f5hine, looduslike \u00f5lide baasil puidu\u00f5li annab kaitse ilmastikum\u00f5jude eest, ning kauni v\u00e4rvitooni uuele ja varem \u00f5litatud puidust aiam\u00f6\u00f6blile ja terrassidele. Sobib ka termot\u00f6\u00f6deldud, s\u00fcgavimmutatud ja lehtpuust puidule.<\/p>\n<ul>\n<li>V\u00e4hese l\u00f5hnaga.<\/li>\n<li>Lihtne pinnale kanda.<\/li>\n<li>Saab toonida Valtti peitside ja puidu\u00f5lide v\u00e4rvikaardi j\u00e4rgi.<\/li>\n<\/ul>\n<p>&nbsp;<\/p>\n<p>&nbsp;<\/p>\n<p><strong>Tooteteave:<\/strong><\/p>\n<ul>\n<li>Vedeldi:\u00a0Vesi<\/li>\n<li>Kulu: Vanad ja kulunud puitpinnad 5\u20137 m\u00b2\/l. Uued pinnad v\u00f5i heas seisukorras puidupinnad 7\u201315 m\u00b2\/l.<\/li>\n<li>Omadused: Saab v\u00e4rvida<\/li>\n<li>Kasutus: Puidu v\u00e4listingimustes \u00f5litamiseks. Lehtpuidu, immutatud, termiliselt t\u00f6\u00f6deldud, eelnevalt \u00f5litatud ja t\u00f6\u00f6tlemata puidu jaoks. Terrassidele, \u00f5uem\u00f6\u00f6blile, muulidele, treppidele.<\/li>\n<li>Kuivanud t\u00e4ielikult p\u00e4rast: 6 h<\/li>\n<li>Kuivamisaeg (puutekuiv): 4 &#8211; 6 h<\/li>\n<\/ul>\n","protected":false},"excerpt":{"rendered":"<p>Veep\u00f5hine, looduslike \u00f5lide baasil puidu\u00f5li annab kaitse ilmastikum\u00f5jude eest, ning kauni v\u00e4rvitooni uuele ja varem \u00f5litatud puidust aiam\u00f6\u00f6blile ja terrassidele. Sobib ka termot\u00f6\u00f6deldud, s\u00fcgavimmutatud ja lehtpuust puidule.<\/p>\n<ul>\n<li>V\u00e4hese l\u00f5hnaga.<\/li>\n<li>Lihtne pinnale kanda.<\/li>\n<li>Saab toonida Valtti peitside ja puidu\u00f5lide v\u00e4rvikaardi j\u00e4rgi.<\/li>\n<\/ul>\n","protected":false},"featured_media":25386,"comment_status":"open","ping_status":"closed","template":"","meta":{"_acf_changed":false},"factory":[],"free-shipment":[],"product_brand":[],"product_cat":[924,2361],"product_tag":[1483,301,1484],"class_list":{"0":"post-25389","1":"product","2":"type-product","3":"status-publish","4":"has-post-thumbnail","6":"product_cat-aiatooted","7":"product_cat-terassiolid","8":"product_tag-garden-et","9":"product_tag-wood-et-2","10":"product_tag-yard-et","12":"first","13":"instock","14":"sale","15":"taxable","16":"shipping-taxable","17":"purchasable","18":"product-type-simple"},"acf":[],"_links":{"self":[{"href":"https:\/\/factory.sale\/et\/wp-json\/wp\/v2\/product\/25389","targetHints":{"allow":["GET"]}}],"collection":[{"href":"https:\/\/factory.sale\/et\/wp-json\/wp\/v2\/product"}],"about":[{"href":"https:\/\/factory.sale\/et\/wp-json\/wp\/v2\/types\/product"}],"replies":[{"embeddable":true,"href":"https:\/\/factory.sale\/et\/wp-json\/wp\/v2\/comments?post=25389"}],"wp:featuredmedia":[{"embeddable":true,"href":"https:\/\/factory.sale\/et\/wp-json\/wp\/v2\/media\/25386"}],"wp:attachment":[{"href":"https:\/\/factory.sale\/et\/wp-json\/wp\/v2\/media?parent=25389"}],"wp:term":[{"taxonomy":"factory","embeddable":true,"href":"https:\/\/factory.sale\/et\/wp-json\/wp\/v2\/factory?post=25389"},{"taxonomy":"free-shipment","embeddable":true,"href":"https:\/\/factory.sale\/et\/wp-json\/wp\/v2\/free-shipment?post=25389"},{"taxonomy":"product_brand","embeddable":true,"href":"https:\/\/factory.sale\/et\/wp-json\/wp\/v2\/product_brand?post=25389"},{"taxonomy":"product_cat","embeddable":true,"href":"https:\/\/factory.sale\/et\/wp-json\/wp\/v2\/product_cat?post=25389"},{"taxonomy":"product_tag","embeddable":true,"href":"https:\/\/factory.sale\/et\/wp-json\/wp\/v2\/product_tag?post=25389"}],"curies":[{"name":"wp","href":"https:\/\/api.w.org\/{rel}","templated":true}]}}