{"id":25298,"date":"2023-03-21T08:54:11","date_gmt":"2023-03-21T08:56:16","guid":{"rendered":"https:\/\/factory.sale\/?post_type=product&#038;p=25298"},"modified":"2026-01-23T12:19:56","modified_gmt":"2026-01-23T09:19:56","slug":"saunum-kerisekivid","status":"publish","type":"product","link":"https:\/\/factory.sale\/et\/toode\/saunum-kerisekivid\/","title":{"rendered":"Saunum kerisekivid 15kg"},"content":{"rendered":"<h3><strong>Kuni 10cm l\u00e4bim\u00f5\u00f5duga lihvitud kerisekivide 15 kg komplekt, sobivad k\u00f5ikidele keristele<\/strong><\/h3>\n<p>&nbsp;<\/p>\n<ul>\n<li><span style=\"font-weight: 400;\">Kivi suurus umbes 10 cm <\/span><\/li>\n<li><span style=\"font-weight: 400;\">15 kg\/kast<\/span><\/li>\n<li>EAN: <strong>4745090010572<\/strong><\/li>\n<\/ul>\n<p>&nbsp;<\/p>\n<p>Kerisekivid on eelk\u00f5ige m\u00f5eldud kerise v\u00f5i saunaahjuga koosostmiseks ning hulgitellimuseks. Eraldi ostes kehtib miinimumkogus (alus).<\/p>\n","protected":false},"excerpt":{"rendered":"<p>Kaunid ja \u00fcmardatud kerisekivid sobivad k\u00f5ikidesse keristesse.<\/p>\n","protected":false},"featured_media":25296,"comment_status":"open","ping_status":"closed","template":"","meta":{"_acf_changed":false},"factory":[],"free-shipment":[],"product_brand":[],"product_cat":[1628],"product_tag":[811,1634,330],"class_list":{"0":"post-25298","1":"product","2":"type-product","3":"status-publish","4":"has-post-thumbnail","6":"product_cat-kerisekivid","7":"product_tag-sauna-et","8":"product_tag-sauna-stones-et","9":"product_tag-saunum-2-et-2","11":"first","12":"instock","13":"sale","14":"taxable","15":"shipping-taxable","16":"purchasable","17":"product-type-simple"},"acf":[],"_links":{"self":[{"href":"https:\/\/factory.sale\/et\/wp-json\/wp\/v2\/product\/25298","targetHints":{"allow":["GET"]}}],"collection":[{"href":"https:\/\/factory.sale\/et\/wp-json\/wp\/v2\/product"}],"about":[{"href":"https:\/\/factory.sale\/et\/wp-json\/wp\/v2\/types\/product"}],"replies":[{"embeddable":true,"href":"https:\/\/factory.sale\/et\/wp-json\/wp\/v2\/comments?post=25298"}],"wp:featuredmedia":[{"embeddable":true,"href":"https:\/\/factory.sale\/et\/wp-json\/wp\/v2\/media\/25296"}],"wp:attachment":[{"href":"https:\/\/factory.sale\/et\/wp-json\/wp\/v2\/media?parent=25298"}],"wp:term":[{"taxonomy":"factory","embeddable":true,"href":"https:\/\/factory.sale\/et\/wp-json\/wp\/v2\/factory?post=25298"},{"taxonomy":"free-shipment","embeddable":true,"href":"https:\/\/factory.sale\/et\/wp-json\/wp\/v2\/free-shipment?post=25298"},{"taxonomy":"product_brand","embeddable":true,"href":"https:\/\/factory.sale\/et\/wp-json\/wp\/v2\/product_brand?post=25298"},{"taxonomy":"product_cat","embeddable":true,"href":"https:\/\/factory.sale\/et\/wp-json\/wp\/v2\/product_cat?post=25298"},{"taxonomy":"product_tag","embeddable":true,"href":"https:\/\/factory.sale\/et\/wp-json\/wp\/v2\/product_tag?post=25298"}],"curies":[{"name":"wp","href":"https:\/\/api.w.org\/{rel}","templated":true}]}}