{"id":25145,"date":"2023-03-20T11:50:12","date_gmt":"2023-03-20T11:52:05","guid":{"rendered":"https:\/\/factory.sale\/?post_type=product&#038;p=25145"},"modified":"2024-06-26T15:31:21","modified_gmt":"2024-06-26T15:31:21","slug":"jalgrattahoidja-u-16","status":"publish","type":"product","link":"https:\/\/factory.sale\/et\/toode\/jalgrattahoidja-u-16\/","title":{"rendered":"Jalgrattahoidja U-16"},"content":{"rendered":"<p><strong>Tooteteave:<\/strong><\/p>\n<ul>\n<li>Valikus: tsingitud, tsingitud ja v\u00e4rvitud v\u00f5i roostevabast terasest torust<\/li>\n<li>V\u00f5ib betoneerida v\u00f5i ankurdada<\/li>\n<li>M\u00f5\u00f5dud: 600\/800\/1000 x 800 mm<\/li>\n<li>Toru l\u00e4bim\u00f5\u00f5t: \u00d848,3\/60,3 mm<\/li>\n<\/ul>\n<p>&nbsp;<\/p>\n<p>&nbsp;<\/p>\n<p>&nbsp;<\/p>\n<p>&nbsp;<\/p>\n<p><em>*Antud hind on 600 x 800 mm, \u00d848,3 mm tsingitud terasest hoidja kohta<\/em><\/p>\n","protected":false},"excerpt":{"rendered":"<p>Jalgrattahoidjad sobivad linnadesse, parkidesse, avalikesse kohtadesse ning neid saab sobitada teiste linnam\u00f6\u00f6bli elementidega.<\/p>\n","protected":false},"featured_media":25143,"comment_status":"open","ping_status":"closed","template":"","meta":{"_acf_changed":false},"factory":[],"free-shipment":[],"product_brand":[],"product_cat":[2354,1100],"product_tag":[],"class_list":{"0":"post-25145","1":"product","2":"type-product","3":"status-publish","4":"has-post-thumbnail","6":"product_cat-jalgrattahoidjad","7":"product_cat-linnamoobel","9":"first","10":"instock","11":"sale","12":"taxable","13":"shipping-taxable","14":"purchasable","15":"product-type-simple"},"acf":[],"_links":{"self":[{"href":"https:\/\/factory.sale\/et\/wp-json\/wp\/v2\/product\/25145","targetHints":{"allow":["GET"]}}],"collection":[{"href":"https:\/\/factory.sale\/et\/wp-json\/wp\/v2\/product"}],"about":[{"href":"https:\/\/factory.sale\/et\/wp-json\/wp\/v2\/types\/product"}],"replies":[{"embeddable":true,"href":"https:\/\/factory.sale\/et\/wp-json\/wp\/v2\/comments?post=25145"}],"wp:featuredmedia":[{"embeddable":true,"href":"https:\/\/factory.sale\/et\/wp-json\/wp\/v2\/media\/25143"}],"wp:attachment":[{"href":"https:\/\/factory.sale\/et\/wp-json\/wp\/v2\/media?parent=25145"}],"wp:term":[{"taxonomy":"factory","embeddable":true,"href":"https:\/\/factory.sale\/et\/wp-json\/wp\/v2\/factory?post=25145"},{"taxonomy":"free-shipment","embeddable":true,"href":"https:\/\/factory.sale\/et\/wp-json\/wp\/v2\/free-shipment?post=25145"},{"taxonomy":"product_brand","embeddable":true,"href":"https:\/\/factory.sale\/et\/wp-json\/wp\/v2\/product_brand?post=25145"},{"taxonomy":"product_cat","embeddable":true,"href":"https:\/\/factory.sale\/et\/wp-json\/wp\/v2\/product_cat?post=25145"},{"taxonomy":"product_tag","embeddable":true,"href":"https:\/\/factory.sale\/et\/wp-json\/wp\/v2\/product_tag?post=25145"}],"curies":[{"name":"wp","href":"https:\/\/api.w.org\/{rel}","templated":true}]}}