{"id":25135,"date":"2023-03-20T11:36:06","date_gmt":"2023-03-20T11:34:01","guid":{"rendered":"https:\/\/factory.sale\/?post_type=product&#038;p=25135"},"modified":"2024-07-05T09:01:32","modified_gmt":"2024-07-05T09:01:32","slug":"jalgrattahoidja-u15-600x800-mm","status":"publish","type":"product","link":"https:\/\/factory.sale\/et\/toode\/jalgrattahoidja-u15-600x800-mm\/","title":{"rendered":"Jalgrattahoidja U15 600&#215;800 mm"},"content":{"rendered":"<p><strong>Tooteteave:<\/strong><\/p>\n<ul>\n<li>Statiiv v\u00f5ib olla valmistatud tsingitud, tsingitud ja v\u00e4rvitud v\u00f5i roostevabast terasest torust<\/li>\n<li>V\u00f5ib betoneerida v\u00f5i ankurdada<\/li>\n<li>M\u00f5\u00f5dud: 600\/800\/1000 x 800 mm<\/li>\n<li>Toru l\u00e4bim\u00f5\u00f5t: \u00d848,3\/60,3 mm<\/li>\n<\/ul>\n<p>*Antud hind kehtib tsingitud terasest 600 x 800 mm, \u00d848,3 mm jalgrattahoidjale<\/p>\n<p>&nbsp;<\/p>\n<p><em>V\u00f5ta meiega \u00fchendust ja k\u00fcsi lisa!<\/em><\/p>\n","protected":false},"excerpt":{"rendered":"<p>Jalgrattahoidjad sobivad linnadesse, parkidesse, avalikesse kohtadesse ning neid saab sobitada teiste linnam\u00f6\u00f6bli elementidega.<\/p>\n","protected":false},"featured_media":25138,"comment_status":"open","ping_status":"closed","template":"","meta":{"_acf_changed":false},"factory":[],"free-shipment":[],"product_brand":[],"product_cat":[2354,1100],"product_tag":[],"class_list":{"0":"post-25135","1":"product","2":"type-product","3":"status-publish","4":"has-post-thumbnail","6":"product_cat-jalgrattahoidjad","7":"product_cat-linnamoobel","9":"first","10":"instock","11":"sale","12":"taxable","13":"shipping-taxable","14":"purchasable","15":"product-type-simple"},"acf":[],"_links":{"self":[{"href":"https:\/\/factory.sale\/et\/wp-json\/wp\/v2\/product\/25135","targetHints":{"allow":["GET"]}}],"collection":[{"href":"https:\/\/factory.sale\/et\/wp-json\/wp\/v2\/product"}],"about":[{"href":"https:\/\/factory.sale\/et\/wp-json\/wp\/v2\/types\/product"}],"replies":[{"embeddable":true,"href":"https:\/\/factory.sale\/et\/wp-json\/wp\/v2\/comments?post=25135"}],"wp:featuredmedia":[{"embeddable":true,"href":"https:\/\/factory.sale\/et\/wp-json\/wp\/v2\/media\/25138"}],"wp:attachment":[{"href":"https:\/\/factory.sale\/et\/wp-json\/wp\/v2\/media?parent=25135"}],"wp:term":[{"taxonomy":"factory","embeddable":true,"href":"https:\/\/factory.sale\/et\/wp-json\/wp\/v2\/factory?post=25135"},{"taxonomy":"free-shipment","embeddable":true,"href":"https:\/\/factory.sale\/et\/wp-json\/wp\/v2\/free-shipment?post=25135"},{"taxonomy":"product_brand","embeddable":true,"href":"https:\/\/factory.sale\/et\/wp-json\/wp\/v2\/product_brand?post=25135"},{"taxonomy":"product_cat","embeddable":true,"href":"https:\/\/factory.sale\/et\/wp-json\/wp\/v2\/product_cat?post=25135"},{"taxonomy":"product_tag","embeddable":true,"href":"https:\/\/factory.sale\/et\/wp-json\/wp\/v2\/product_tag?post=25135"}],"curies":[{"name":"wp","href":"https:\/\/api.w.org\/{rel}","templated":true}]}}