{"id":25119,"date":"2023-03-20T09:54:23","date_gmt":"2023-03-20T10:06:06","guid":{"rendered":"https:\/\/factory.sale\/?post_type=product&#038;p=25119"},"modified":"2024-06-30T14:05:45","modified_gmt":"2024-06-30T14:05:45","slug":"jalgrattahoidja-u15-800x800-mm","status":"publish","type":"product","link":"https:\/\/factory.sale\/et\/toode\/jalgrattahoidja-u15-800x800-mm\/","title":{"rendered":"Jalgrattahoidja U15 800&#215;800 mm"},"content":{"rendered":"<p><strong>Tooteteave:<\/strong><\/p>\n<ul>\n<li>Jalgrattahoidja U15 on valmistatud tsingitud terasest<\/li>\n<li>Betoonitud<\/li>\n<li>M\u00f5\u00f5dud: 800 x 800 mm<\/li>\n<li>Toru l\u00e4bim\u00f5\u00f5t: \u00d848,3<\/li>\n<\/ul>\n","protected":false},"excerpt":{"rendered":"<p>Jalgrattahoidjad sobivad linnadesse, parkidesse, avalikesse kohtadesse ning neid saab sobitada teiste linnam\u00f6\u00f6bli elementidega.<\/p>\n","protected":false},"featured_media":25117,"comment_status":"open","ping_status":"closed","template":"","meta":{"_acf_changed":false},"factory":[],"free-shipment":[],"product_brand":[],"product_cat":[2354,1100],"product_tag":[],"class_list":{"0":"post-25119","1":"product","2":"type-product","3":"status-publish","4":"has-post-thumbnail","6":"product_cat-jalgrattahoidjad","7":"product_cat-linnamoobel","9":"first","10":"instock","11":"sale","12":"taxable","13":"shipping-taxable","14":"purchasable","15":"product-type-simple"},"acf":[],"_links":{"self":[{"href":"https:\/\/factory.sale\/et\/wp-json\/wp\/v2\/product\/25119","targetHints":{"allow":["GET"]}}],"collection":[{"href":"https:\/\/factory.sale\/et\/wp-json\/wp\/v2\/product"}],"about":[{"href":"https:\/\/factory.sale\/et\/wp-json\/wp\/v2\/types\/product"}],"replies":[{"embeddable":true,"href":"https:\/\/factory.sale\/et\/wp-json\/wp\/v2\/comments?post=25119"}],"wp:featuredmedia":[{"embeddable":true,"href":"https:\/\/factory.sale\/et\/wp-json\/wp\/v2\/media\/25117"}],"wp:attachment":[{"href":"https:\/\/factory.sale\/et\/wp-json\/wp\/v2\/media?parent=25119"}],"wp:term":[{"taxonomy":"factory","embeddable":true,"href":"https:\/\/factory.sale\/et\/wp-json\/wp\/v2\/factory?post=25119"},{"taxonomy":"free-shipment","embeddable":true,"href":"https:\/\/factory.sale\/et\/wp-json\/wp\/v2\/free-shipment?post=25119"},{"taxonomy":"product_brand","embeddable":true,"href":"https:\/\/factory.sale\/et\/wp-json\/wp\/v2\/product_brand?post=25119"},{"taxonomy":"product_cat","embeddable":true,"href":"https:\/\/factory.sale\/et\/wp-json\/wp\/v2\/product_cat?post=25119"},{"taxonomy":"product_tag","embeddable":true,"href":"https:\/\/factory.sale\/et\/wp-json\/wp\/v2\/product_tag?post=25119"}],"curies":[{"name":"wp","href":"https:\/\/api.w.org\/{rel}","templated":true}]}}