{"id":25047,"date":"2023-03-19T09:45:52","date_gmt":"2023-03-19T10:54:30","guid":{"rendered":"https:\/\/factory.sale\/?post_type=product&#038;p=25047"},"modified":"2024-06-26T20:39:25","modified_gmt":"2024-06-26T20:39:25","slug":"pink-plaza-real","status":"publish","type":"product","link":"https:\/\/factory.sale\/et\/toode\/pink-plaza-real\/","title":{"rendered":"Pink Plaza Real"},"content":{"rendered":"<p>Malm on tuntud ja hinnatud oma tugevuse ja vastupidavuse, v\u00e4lism\u00f5judele vastupidavuse ja tulekindluse poolest. Malmtooteid k\u00e4sitletakse \u00fclitugevatena. V\u00e4listingimustes kasutatavad malmist pingid pole erand. Kui valite malmjalgadega pingi, j\u00e4\u00e4te ostuga v\u00e4ga kauaks rahule ning k\u00f5ige parem on see, et selle hooldamine ei n\u00f5ua aega. Malmpink sobib igasse ruumi, seda ei m\u00f5juta temperatuurimuutused, niiskus, see on korrosioonikindel, kuid k\u00f5ige t\u00e4htsam on see, et see oleks kaetud korrosioonivastaste vahenditega.<\/p>\n<p>&nbsp;<\/p>\n<p><strong>Tooteteave:<\/strong><\/p>\n<ul>\n<li>Pikkus: 1800\/2000 mm x 755 x k\u00f5rgus 771 mm<\/li>\n<li>Jalad: sepistatud<\/li>\n<li>Puit: troopiline lehtpuu<\/li>\n<li>Mahagonist valamu<\/li>\n<li>Spetsifikatsioon: malmist jalad ja 19 troopilist lehtpuidust lauda 40 x 37 mm<\/li>\n<li>Roostevabast terasest kruvid<\/li>\n<li>Katmine: jalad on krunditud ja kuumalt kaetud kahekihilise oksironv\u00e4rviga.<\/li>\n<li>Troopiline lehtpuu on \u00f5litatud valitud v\u00e4rviga<\/li>\n<li>Kinnitus: M10 kinnituskruvid ankurdamiseks<\/li>\n<li>Kaal: 61 kg<\/li>\n<\/ul>\n","protected":false},"excerpt":{"rendered":"<p>Vaadake oma linnas ringi ja on t\u00f5en\u00e4oline, et n\u00e4ete v\u00e4hemalt \u00fchte pinki. See v\u00e4ike arhitektuuri element, mida iseloomustab k\u00f5rge funktsionaalsus, sobib nii era- kui ka avalikuks infrastruktuuriks.<\/p>\n","protected":false},"featured_media":25041,"comment_status":"open","ping_status":"closed","template":"","meta":{"_acf_changed":false},"factory":[],"free-shipment":[],"product_brand":[],"product_cat":[1099,1113],"product_tag":[1096],"class_list":{"0":"post-25047","1":"product","2":"type-product","3":"status-publish","4":"has-post-thumbnail","6":"product_cat-urban-furniture","7":"product_cat-benches-2","8":"product_tag-bench","10":"first","11":"instock","12":"sale","13":"taxable","14":"shipping-taxable","15":"purchasable","16":"product-type-simple"},"acf":[],"_links":{"self":[{"href":"https:\/\/factory.sale\/et\/wp-json\/wp\/v2\/product\/25047","targetHints":{"allow":["GET"]}}],"collection":[{"href":"https:\/\/factory.sale\/et\/wp-json\/wp\/v2\/product"}],"about":[{"href":"https:\/\/factory.sale\/et\/wp-json\/wp\/v2\/types\/product"}],"replies":[{"embeddable":true,"href":"https:\/\/factory.sale\/et\/wp-json\/wp\/v2\/comments?post=25047"}],"wp:featuredmedia":[{"embeddable":true,"href":"https:\/\/factory.sale\/et\/wp-json\/wp\/v2\/media\/25041"}],"wp:attachment":[{"href":"https:\/\/factory.sale\/et\/wp-json\/wp\/v2\/media?parent=25047"}],"wp:term":[{"taxonomy":"factory","embeddable":true,"href":"https:\/\/factory.sale\/et\/wp-json\/wp\/v2\/factory?post=25047"},{"taxonomy":"free-shipment","embeddable":true,"href":"https:\/\/factory.sale\/et\/wp-json\/wp\/v2\/free-shipment?post=25047"},{"taxonomy":"product_brand","embeddable":true,"href":"https:\/\/factory.sale\/et\/wp-json\/wp\/v2\/product_brand?post=25047"},{"taxonomy":"product_cat","embeddable":true,"href":"https:\/\/factory.sale\/et\/wp-json\/wp\/v2\/product_cat?post=25047"},{"taxonomy":"product_tag","embeddable":true,"href":"https:\/\/factory.sale\/et\/wp-json\/wp\/v2\/product_tag?post=25047"}],"curies":[{"name":"wp","href":"https:\/\/api.w.org\/{rel}","templated":true}]}}