{"id":25034,"date":"2023-03-19T08:17:39","date_gmt":"2023-03-19T08:22:43","guid":{"rendered":"https:\/\/factory.sale\/?post_type=product&#038;p=25034"},"modified":"2024-06-28T01:18:03","modified_gmt":"2024-06-28T01:18:03","slug":"pink-vilnius-ilma-seljatoeta","status":"publish","type":"product","link":"https:\/\/factory.sale\/et\/toode\/pink-vilnius-ilma-seljatoeta\/","title":{"rendered":"Pink Vilnius ilma seljatoeta"},"content":{"rendered":"<p><strong>Tooteteave:<\/strong><\/p>\n<ul>\n<li>M\u00f5\u00f5dud 2000\/1800 x 570 x 870 k\u00f5rgus\u00a0mm<\/li>\n<li>Jalad on valmistatud tsingitud ja v\u00e4rvitud terasest<\/li>\n<li>Puit: troopiline lehtpuu<\/li>\n<li>Kaks jalga<\/li>\n<li>Tahvli m\u00f5\u00f5dud 2000\/1800 x 190 x 35 k\u00f5rgus mm<\/li>\n<li>Istuv osa: 2 lauda<\/li>\n<li>V\u00e4rvitu \u00f5liga kaetud puit<\/li>\n<\/ul>\n","protected":false},"excerpt":{"rendered":"<p>Vaadake oma linnas ringi ja on t\u00f5en\u00e4oline, et n\u00e4ete v\u00e4hemalt \u00fchte pinki. See v\u00e4ike arhitektuuri element, mida iseloomustab k\u00f5rge funktsionaalsus, sobib nii era- kui ka avalikuks infrastruktuuriks.<\/p>\n","protected":false},"featured_media":25032,"comment_status":"open","ping_status":"closed","template":"","meta":{"_acf_changed":false},"factory":[],"free-shipment":[],"product_brand":[],"product_cat":[1100,1114],"product_tag":[2713],"class_list":{"0":"post-25034","1":"product","2":"type-product","3":"status-publish","4":"has-post-thumbnail","6":"product_cat-linnamoobel","7":"product_cat-pingid","8":"product_tag-bench-et","10":"first","11":"instock","12":"sale","13":"taxable","14":"shipping-taxable","15":"purchasable","16":"product-type-simple"},"acf":[],"_links":{"self":[{"href":"https:\/\/factory.sale\/et\/wp-json\/wp\/v2\/product\/25034","targetHints":{"allow":["GET"]}}],"collection":[{"href":"https:\/\/factory.sale\/et\/wp-json\/wp\/v2\/product"}],"about":[{"href":"https:\/\/factory.sale\/et\/wp-json\/wp\/v2\/types\/product"}],"replies":[{"embeddable":true,"href":"https:\/\/factory.sale\/et\/wp-json\/wp\/v2\/comments?post=25034"}],"wp:featuredmedia":[{"embeddable":true,"href":"https:\/\/factory.sale\/et\/wp-json\/wp\/v2\/media\/25032"}],"wp:attachment":[{"href":"https:\/\/factory.sale\/et\/wp-json\/wp\/v2\/media?parent=25034"}],"wp:term":[{"taxonomy":"factory","embeddable":true,"href":"https:\/\/factory.sale\/et\/wp-json\/wp\/v2\/factory?post=25034"},{"taxonomy":"free-shipment","embeddable":true,"href":"https:\/\/factory.sale\/et\/wp-json\/wp\/v2\/free-shipment?post=25034"},{"taxonomy":"product_brand","embeddable":true,"href":"https:\/\/factory.sale\/et\/wp-json\/wp\/v2\/product_brand?post=25034"},{"taxonomy":"product_cat","embeddable":true,"href":"https:\/\/factory.sale\/et\/wp-json\/wp\/v2\/product_cat?post=25034"},{"taxonomy":"product_tag","embeddable":true,"href":"https:\/\/factory.sale\/et\/wp-json\/wp\/v2\/product_tag?post=25034"}],"curies":[{"name":"wp","href":"https:\/\/api.w.org\/{rel}","templated":true}]}}