{"id":25023,"date":"2023-03-17T11:38:50","date_gmt":"2023-03-17T11:38:20","guid":{"rendered":"https:\/\/factory.sale\/?post_type=product&#038;p=25023"},"modified":"2024-07-11T12:35:05","modified_gmt":"2024-07-11T09:35:05","slug":"pink-vilnius-plus-kaepidemega-ja-seljatoega","status":"publish","type":"product","link":"https:\/\/factory.sale\/et\/toode\/pink-vilnius-plus-kaepidemega-ja-seljatoega\/","title":{"rendered":"Pink Vilnius Plus k\u00e4epidemega ja seljatoega"},"content":{"rendered":"<p>&nbsp;<\/p>\n<p><strong>Tooteteave:<\/strong><\/p>\n<ul>\n<li>M\u00f5\u00f5dud: 2000 x 570 x 870 k\u00f5rgus mm<\/li>\n<li>K\u00e4etoe k\u00f5rgus: 650 mm<\/li>\n<li>Istme k\u00f5rgus: 450 mm<\/li>\n<li>Jalad on valmistatud tsingitud ja v\u00e4rvitud 6 mm paksusest terasest<\/li>\n<li>Puit: troopiline lehtpuu<\/li>\n<li>Kaks jalga<\/li>\n<li>Tahvli m\u00f5\u00f5dud: 2000 x 190 x 35 k\u00f5rgus mm<\/li>\n<li>Istumisosa: 2 lauda, seljatugi 1 laud<\/li>\n<li>Jalad on v\u00e4rvitud RAL7022 MATT<\/li>\n<li>\u00d5liga kaetud puit<\/li>\n<\/ul>\n","protected":false},"excerpt":{"rendered":"<p>Vaadake oma linnas ringi ja on t\u00f5en\u00e4oline, et n\u00e4ete v\u00e4hemalt \u00fchte pinki. See v\u00e4ike arhitektuuri element, mida iseloomustab k\u00f5rge funktsionaalsus, sobib nii era- kui ka avalikuks infrastruktuuriks.<\/p>\n","protected":false},"featured_media":25021,"comment_status":"open","ping_status":"closed","template":"","meta":{"_acf_changed":false},"factory":[],"free-shipment":[],"product_brand":[],"product_cat":[1100,1114],"product_tag":[2713,4460],"class_list":{"0":"post-25023","1":"product","2":"type-product","3":"status-publish","4":"has-post-thumbnail","6":"product_cat-linnamoobel","7":"product_cat-pingid","8":"product_tag-bench-et","9":"product_tag-urban-furniture-et","11":"first","12":"instock","13":"sale","14":"taxable","15":"shipping-taxable","16":"purchasable","17":"product-type-simple"},"acf":[],"_links":{"self":[{"href":"https:\/\/factory.sale\/et\/wp-json\/wp\/v2\/product\/25023","targetHints":{"allow":["GET"]}}],"collection":[{"href":"https:\/\/factory.sale\/et\/wp-json\/wp\/v2\/product"}],"about":[{"href":"https:\/\/factory.sale\/et\/wp-json\/wp\/v2\/types\/product"}],"replies":[{"embeddable":true,"href":"https:\/\/factory.sale\/et\/wp-json\/wp\/v2\/comments?post=25023"}],"wp:featuredmedia":[{"embeddable":true,"href":"https:\/\/factory.sale\/et\/wp-json\/wp\/v2\/media\/25021"}],"wp:attachment":[{"href":"https:\/\/factory.sale\/et\/wp-json\/wp\/v2\/media?parent=25023"}],"wp:term":[{"taxonomy":"factory","embeddable":true,"href":"https:\/\/factory.sale\/et\/wp-json\/wp\/v2\/factory?post=25023"},{"taxonomy":"free-shipment","embeddable":true,"href":"https:\/\/factory.sale\/et\/wp-json\/wp\/v2\/free-shipment?post=25023"},{"taxonomy":"product_brand","embeddable":true,"href":"https:\/\/factory.sale\/et\/wp-json\/wp\/v2\/product_brand?post=25023"},{"taxonomy":"product_cat","embeddable":true,"href":"https:\/\/factory.sale\/et\/wp-json\/wp\/v2\/product_cat?post=25023"},{"taxonomy":"product_tag","embeddable":true,"href":"https:\/\/factory.sale\/et\/wp-json\/wp\/v2\/product_tag?post=25023"}],"curies":[{"name":"wp","href":"https:\/\/api.w.org\/{rel}","templated":true}]}}