{"id":24993,"date":"2023-03-17T09:47:58","date_gmt":"2023-03-17T09:53:06","guid":{"rendered":"https:\/\/factory.sale\/?post_type=product&#038;p=24993"},"modified":"2024-06-25T20:15:55","modified_gmt":"2024-06-25T20:15:55","slug":"betoonist-pink-smis-ilma-seljatoeta","status":"publish","type":"product","link":"https:\/\/factory.sale\/et\/toode\/betoonist-pink-smis-ilma-seljatoeta\/","title":{"rendered":"Betoonist pink SMIS ilma seljatoeta"},"content":{"rendered":"<p>Betoonist pingid sobivad linna puhkealadele, parki v\u00f5i n\u00e4iteks avalike asutuste l\u00e4hedusse. Betoonist pingid on massiivsed ja vastupidavad, pealegi on need statsionaarsed, seega on need sellistes kohtades igati praktiline lahendus. Betoonist pingid sobivad ka aeda. Need on suurep\u00e4rane valik kaasaegse keskkonnakujunduse loomiseks.<\/p>\n<p>&nbsp;<\/p>\n<p>&nbsp;<\/p>\n<p><strong>Tooteteave:<\/strong><\/p>\n<ul>\n<li>Betoonist pingi jalgade m\u00f5\u00f5dud: 490 x 200 x k\u00f5rgus 450 mm<\/li>\n<li>Puit on troopiline lehtpuu, \u00f5litatud<\/li>\n<li>Troopilise puidu m\u00f5\u00f5tmed: 110 x 35 x 1800 mm ja 100 x 30 x 1800 mm<\/li>\n<li>Puit on troopiline lehtpuu, \u00f5litatud<\/li>\n<li>Terasosad: kuumtsingitud, 5 mm paksune teras<\/li>\n<li>Istme puitosa pikkus on 1800 mm<\/li>\n<li>Pingi m\u00f5\u00f5dud: 2200 x 490 x k\u00f5rgus 450 mm<\/li>\n<li>Kaal: 130 kg<br \/>\nBetooniklass: C 30\/37<\/li>\n<\/ul>\n<p>&nbsp;<\/p>\n<p><strong>Valikud:<\/strong><\/p>\n<ul>\n<li>Betoon ilma kaunistusteta<\/li>\n<li>Muud v\u00e4rvi kivikesed<\/li>\n<li>Puidust \u00f5livarjud<\/li>\n<li>Pink v\u00f5ib olla l\u00fchem<\/li>\n<\/ul>\n<p>&nbsp;<\/p>\n<p>&nbsp;<\/p>\n<p>&nbsp;<\/p>\n<p>* Sobib kokku betoonist pr\u00fcgikastiga<a href=\"https:\/\/factory.sale\/et\/toode\/kivikiviviimistlusega-betoonist-prugikast-fb001-smis\/\" target=\"_blank\" rel=\"noopener\"> SMIS<\/a><\/p>\n","protected":false},"excerpt":{"rendered":"<p>Vaadake oma linnas ringi ja on t\u00f5en\u00e4oline, et n\u00e4ete v\u00e4hemalt \u00fchte pinki. See v\u00e4ikese arhitektuuri element, mida iseloomustab k\u00f5rge funktsionaalsus, sobib nii era- kui ka avalikuks infrastruktuuriks.<\/p>\n","protected":false},"featured_media":24984,"comment_status":"open","ping_status":"closed","template":"","meta":{"_acf_changed":false},"factory":[],"free-shipment":[],"product_brand":[],"product_cat":[1100,1114],"product_tag":[2713],"class_list":{"0":"post-24993","1":"product","2":"type-product","3":"status-publish","4":"has-post-thumbnail","6":"product_cat-linnamoobel","7":"product_cat-pingid","8":"product_tag-bench-et","10":"first","11":"instock","12":"sale","13":"taxable","14":"shipping-taxable","15":"purchasable","16":"product-type-simple"},"acf":[],"_links":{"self":[{"href":"https:\/\/factory.sale\/et\/wp-json\/wp\/v2\/product\/24993","targetHints":{"allow":["GET"]}}],"collection":[{"href":"https:\/\/factory.sale\/et\/wp-json\/wp\/v2\/product"}],"about":[{"href":"https:\/\/factory.sale\/et\/wp-json\/wp\/v2\/types\/product"}],"replies":[{"embeddable":true,"href":"https:\/\/factory.sale\/et\/wp-json\/wp\/v2\/comments?post=24993"}],"wp:featuredmedia":[{"embeddable":true,"href":"https:\/\/factory.sale\/et\/wp-json\/wp\/v2\/media\/24984"}],"wp:attachment":[{"href":"https:\/\/factory.sale\/et\/wp-json\/wp\/v2\/media?parent=24993"}],"wp:term":[{"taxonomy":"factory","embeddable":true,"href":"https:\/\/factory.sale\/et\/wp-json\/wp\/v2\/factory?post=24993"},{"taxonomy":"free-shipment","embeddable":true,"href":"https:\/\/factory.sale\/et\/wp-json\/wp\/v2\/free-shipment?post=24993"},{"taxonomy":"product_brand","embeddable":true,"href":"https:\/\/factory.sale\/et\/wp-json\/wp\/v2\/product_brand?post=24993"},{"taxonomy":"product_cat","embeddable":true,"href":"https:\/\/factory.sale\/et\/wp-json\/wp\/v2\/product_cat?post=24993"},{"taxonomy":"product_tag","embeddable":true,"href":"https:\/\/factory.sale\/et\/wp-json\/wp\/v2\/product_tag?post=24993"}],"curies":[{"name":"wp","href":"https:\/\/api.w.org\/{rel}","templated":true}]}}