{"id":24964,"date":"2023-03-17T08:43:05","date_gmt":"2023-03-17T08:54:30","guid":{"rendered":"https:\/\/factory.sale\/?post_type=product&#038;p=24964"},"modified":"2024-06-26T20:11:54","modified_gmt":"2024-06-26T20:11:54","slug":"pink-kampas","status":"publish","type":"product","link":"https:\/\/factory.sale\/et\/toode\/pink-kampas\/","title":{"rendered":"Pink Kampas"},"content":{"rendered":"<p>Betoonist pingid sobivad linna, parki v\u00f5i n\u00e4iteks avalike asutuste l\u00e4heduses asuvate puhkealade jaoks. Betoonist pingid on massiivsed ja vastupidavad, pealegi on need statsionaarsed, seega on nad sellistes kohtades v\u00e4ga praktiline lahendus. Betoonpingid sobivad ka aedadesse. Kaasaegse keskkonnakujunduse loomiseks on nad suurep\u00e4rane valik.<\/p>\n<p>&nbsp;<\/p>\n<p>&nbsp;<\/p>\n<p><strong>Tooteteave:<\/strong><\/p>\n<ul>\n<li>Puit: troopiline lehtpuu, \u00f5litatud<\/li>\n<li>Troopilise puidu m\u00f5\u00f5tmed: 110 x 35 x 1800 mm ja 100 x 30 x 1800 mm<\/li>\n<li>Terasosad: kuumtsingitud, 5 mm paksune teras<\/li>\n<li>Istme puitosa pikkus: 2 x 1800 mm (maksimaalne)<\/li>\n<li>Betooniklass: C 30\/37<\/li>\n<\/ul>\n<p>&nbsp;<\/p>\n<p><strong>Valikud:<\/strong><\/p>\n<ul>\n<li>Piiramatu pingi pikkus ja muudatused<\/li>\n<li>Valikus erinevad toonid puidu jaoks<\/li>\n<li>Puidust osad v\u00f5ivad olla l\u00fchemad<\/li>\n<\/ul>\n","protected":false},"excerpt":{"rendered":"<p>Vaadake oma linnas ringi ja on v\u00e4ga t\u00f5en\u00e4oline, et n\u00e4ete v\u00e4hemalt \u00fchte pinki. See v\u00e4ike arhitektuuri element, mida iseloomustab k\u00f5rge funktsionaalsus, sobib nii era- kui ka avalikuks infrastruktuuriks.<\/p>\n","protected":false},"featured_media":24959,"comment_status":"open","ping_status":"closed","template":"","meta":{"_acf_changed":false},"factory":[],"free-shipment":[],"product_brand":[],"product_cat":[1100,1114],"product_tag":[2713],"class_list":{"0":"post-24964","1":"product","2":"type-product","3":"status-publish","4":"has-post-thumbnail","6":"product_cat-linnamoobel","7":"product_cat-pingid","8":"product_tag-bench-et","10":"first","11":"instock","12":"sale","13":"taxable","14":"shipping-taxable","15":"purchasable","16":"product-type-simple"},"acf":[],"_links":{"self":[{"href":"https:\/\/factory.sale\/et\/wp-json\/wp\/v2\/product\/24964","targetHints":{"allow":["GET"]}}],"collection":[{"href":"https:\/\/factory.sale\/et\/wp-json\/wp\/v2\/product"}],"about":[{"href":"https:\/\/factory.sale\/et\/wp-json\/wp\/v2\/types\/product"}],"replies":[{"embeddable":true,"href":"https:\/\/factory.sale\/et\/wp-json\/wp\/v2\/comments?post=24964"}],"wp:featuredmedia":[{"embeddable":true,"href":"https:\/\/factory.sale\/et\/wp-json\/wp\/v2\/media\/24959"}],"wp:attachment":[{"href":"https:\/\/factory.sale\/et\/wp-json\/wp\/v2\/media?parent=24964"}],"wp:term":[{"taxonomy":"factory","embeddable":true,"href":"https:\/\/factory.sale\/et\/wp-json\/wp\/v2\/factory?post=24964"},{"taxonomy":"free-shipment","embeddable":true,"href":"https:\/\/factory.sale\/et\/wp-json\/wp\/v2\/free-shipment?post=24964"},{"taxonomy":"product_brand","embeddable":true,"href":"https:\/\/factory.sale\/et\/wp-json\/wp\/v2\/product_brand?post=24964"},{"taxonomy":"product_cat","embeddable":true,"href":"https:\/\/factory.sale\/et\/wp-json\/wp\/v2\/product_cat?post=24964"},{"taxonomy":"product_tag","embeddable":true,"href":"https:\/\/factory.sale\/et\/wp-json\/wp\/v2\/product_tag?post=24964"}],"curies":[{"name":"wp","href":"https:\/\/api.w.org\/{rel}","templated":true}]}}