{"id":24932,"date":"2023-03-17T08:04:29","date_gmt":"2023-03-17T08:04:02","guid":{"rendered":"https:\/\/factory.sale\/?post_type=product&#038;p=24932"},"modified":"2024-06-25T20:56:58","modified_gmt":"2024-06-25T20:56:58","slug":"malmist-pink-thunder","status":"publish","type":"product","link":"https:\/\/factory.sale\/et\/toode\/malmist-pink-thunder\/","title":{"rendered":"Malmist pink Thunder"},"content":{"rendered":"<p>Malm on tuntud ja hinnatud oma tugevuse ja vastupidavuse, v\u00e4lism\u00f5judele vastupidavuse ja tulekindluse poolest. Malmtooteid k\u00e4sitletakse \u00fclitugevatena. V\u00e4listingimustes kasutatavad malmist pingid pole erand. Kui valite malmjalgadega pingi, j\u00e4\u00e4te ostuga v\u00e4ga kauaks rahule ning k\u00f5ige parem on see, et selle hooldamine ei n\u00f5ua aega. Malmpink sobib igasse ruumi, seda ei m\u00f5juta temperatuurimuutused, niiskus, see on korrosioonikindel, kuid k\u00f5ige t\u00e4htsam on see, et see oleks kaetud korrosioonivastaste vahenditega.<\/p>\n<p>&nbsp;<\/p>\n<p><strong>Tooteteave:<\/strong><\/p>\n<ul>\n<li>Pingi jalad on malmist, pind on krunditud ja kaetud oksironikihiga<\/li>\n<li>Puit \u2013 troopiline lehtpuu, \u00f5litatud<\/li>\n<li>Massiivse troopilise lehtpuu m\u00f5\u00f5tmed: 2000 x 190 x k\u00f5rgus 35 mm<\/li>\n<li>Ilmastikukindel<\/li>\n<li>Pink on kohandatud aluse k\u00fclge ankurdamiseks<\/li>\n<li>Kinnituskruvid \u2013 tsingitud teras<\/li>\n<li>Kaal 70 kg<\/li>\n<li>M\u00f5\u00f5dud:\u00a02000 x 637 x k\u00f5rgus 832 mm<\/li>\n<\/ul>\n","protected":false},"excerpt":{"rendered":"<p>Vaadake oma linnas ringi ja on v\u00e4ga t\u00f5en\u00e4oline, et n\u00e4ete v\u00e4hemalt \u00fchte pinki. See v\u00e4ike arhitektuuri element, mida iseloomustab k\u00f5rge funktsionaalsus, sobib nii era- kui ka avalikuks infrastruktuuriks.<\/p>\n","protected":false},"featured_media":24935,"comment_status":"open","ping_status":"closed","template":"","meta":{"_acf_changed":false},"factory":[],"free-shipment":[],"product_brand":[],"product_cat":[1100,1114],"product_tag":[],"class_list":{"0":"post-24932","1":"product","2":"type-product","3":"status-publish","4":"has-post-thumbnail","6":"product_cat-linnamoobel","7":"product_cat-pingid","9":"first","10":"instock","11":"sale","12":"taxable","13":"shipping-taxable","14":"purchasable","15":"product-type-simple"},"acf":[],"_links":{"self":[{"href":"https:\/\/factory.sale\/et\/wp-json\/wp\/v2\/product\/24932","targetHints":{"allow":["GET"]}}],"collection":[{"href":"https:\/\/factory.sale\/et\/wp-json\/wp\/v2\/product"}],"about":[{"href":"https:\/\/factory.sale\/et\/wp-json\/wp\/v2\/types\/product"}],"replies":[{"embeddable":true,"href":"https:\/\/factory.sale\/et\/wp-json\/wp\/v2\/comments?post=24932"}],"wp:featuredmedia":[{"embeddable":true,"href":"https:\/\/factory.sale\/et\/wp-json\/wp\/v2\/media\/24935"}],"wp:attachment":[{"href":"https:\/\/factory.sale\/et\/wp-json\/wp\/v2\/media?parent=24932"}],"wp:term":[{"taxonomy":"factory","embeddable":true,"href":"https:\/\/factory.sale\/et\/wp-json\/wp\/v2\/factory?post=24932"},{"taxonomy":"free-shipment","embeddable":true,"href":"https:\/\/factory.sale\/et\/wp-json\/wp\/v2\/free-shipment?post=24932"},{"taxonomy":"product_brand","embeddable":true,"href":"https:\/\/factory.sale\/et\/wp-json\/wp\/v2\/product_brand?post=24932"},{"taxonomy":"product_cat","embeddable":true,"href":"https:\/\/factory.sale\/et\/wp-json\/wp\/v2\/product_cat?post=24932"},{"taxonomy":"product_tag","embeddable":true,"href":"https:\/\/factory.sale\/et\/wp-json\/wp\/v2\/product_tag?post=24932"}],"curies":[{"name":"wp","href":"https:\/\/api.w.org\/{rel}","templated":true}]}}