{"id":24926,"date":"2023-03-17T07:18:19","date_gmt":"2023-03-17T07:23:48","guid":{"rendered":"https:\/\/factory.sale\/?post_type=product&#038;p=24926"},"modified":"2024-06-25T20:52:37","modified_gmt":"2024-06-25T20:52:37","slug":"pink-helga","status":"publish","type":"product","link":"https:\/\/factory.sale\/et\/toode\/pink-helga\/","title":{"rendered":"Pink Helga"},"content":{"rendered":"<p>Malm on tuntud ja hinnatud oma tugevuse ja vastupidavuse, v\u00e4lism\u00f5judele vastupidavuse ja tulekindluse poolest. Malmtooteid k\u00e4sitletakse \u00fclitugevatena. V\u00e4listingimustes kasutatavad malmist pingid pole erand. Kui valite malmjalgadega pingi, j\u00e4\u00e4te ostuga v\u00e4ga kauaks rahule ning k\u00f5ige parem on see, et selle hooldamine ei n\u00f5ua aega. Malmpink sobib igasse ruumi, seda ei m\u00f5juta temperatuurimuutused, niiskus, see on korrosioonikindel, kuid k\u00f5ige t\u00e4htsam on see, et see oleks kaetud korrosioonivastaste vahenditega.<\/p>\n<p>&nbsp;<\/p>\n<p>&nbsp;<\/p>\n<p><strong>Tooteteave:<\/strong><\/p>\n<ul>\n<li>Jalad on valmistatud malmist EN-GJL-200 pealekandmisel UNI 1561, kaal 28 kg\/tk<\/li>\n<li>Jalad on pulberv\u00e4rvitud<\/li>\n<li>V\u00e4rve saab valida<\/li>\n<li>10 \u00fcmarate servadega troopilist lehtpuidust lauda<\/li>\n<li>Puit: troopiline lehtpuu<\/li>\n<li>Iga laud on kinnitatud 4 kruviga<\/li>\n<li>M\u00f5\u00f5dud: 1900\/1650 x 680 x 800 h mm<\/li>\n<li>Istumisk\u00f5rgus: 420 mm<\/li>\n<li>Kogukaal: 90\/80 kg.<\/li>\n<li>Kinnitamine ankrutega M8<\/li>\n<\/ul>\n","protected":false},"excerpt":{"rendered":"<p>Vaadake oma kodu \u00fcmbruses v\u00f5i linnas ringi ja on v\u00e4ga t\u00f5en\u00e4oline, et n\u00e4ete v\u00e4hemalt \u00fchte pinki. See v\u00e4ike arhitektuuri element, mida iseloomustab k\u00f5rge funktsionaalsus, sobib nii era- kui ka avalikuks infrastruktuuriks.<\/p>\n","protected":false},"featured_media":24918,"comment_status":"open","ping_status":"closed","template":"","meta":{"_acf_changed":false},"factory":[],"free-shipment":[],"product_brand":[],"product_cat":[1100,1114],"product_tag":[2713],"class_list":{"0":"post-24926","1":"product","2":"type-product","3":"status-publish","4":"has-post-thumbnail","6":"product_cat-linnamoobel","7":"product_cat-pingid","8":"product_tag-bench-et","10":"first","11":"instock","12":"sale","13":"taxable","14":"shipping-taxable","15":"purchasable","16":"product-type-simple"},"acf":[],"_links":{"self":[{"href":"https:\/\/factory.sale\/et\/wp-json\/wp\/v2\/product\/24926","targetHints":{"allow":["GET"]}}],"collection":[{"href":"https:\/\/factory.sale\/et\/wp-json\/wp\/v2\/product"}],"about":[{"href":"https:\/\/factory.sale\/et\/wp-json\/wp\/v2\/types\/product"}],"replies":[{"embeddable":true,"href":"https:\/\/factory.sale\/et\/wp-json\/wp\/v2\/comments?post=24926"}],"wp:featuredmedia":[{"embeddable":true,"href":"https:\/\/factory.sale\/et\/wp-json\/wp\/v2\/media\/24918"}],"wp:attachment":[{"href":"https:\/\/factory.sale\/et\/wp-json\/wp\/v2\/media?parent=24926"}],"wp:term":[{"taxonomy":"factory","embeddable":true,"href":"https:\/\/factory.sale\/et\/wp-json\/wp\/v2\/factory?post=24926"},{"taxonomy":"free-shipment","embeddable":true,"href":"https:\/\/factory.sale\/et\/wp-json\/wp\/v2\/free-shipment?post=24926"},{"taxonomy":"product_brand","embeddable":true,"href":"https:\/\/factory.sale\/et\/wp-json\/wp\/v2\/product_brand?post=24926"},{"taxonomy":"product_cat","embeddable":true,"href":"https:\/\/factory.sale\/et\/wp-json\/wp\/v2\/product_cat?post=24926"},{"taxonomy":"product_tag","embeddable":true,"href":"https:\/\/factory.sale\/et\/wp-json\/wp\/v2\/product_tag?post=24926"}],"curies":[{"name":"wp","href":"https:\/\/api.w.org\/{rel}","templated":true}]}}