{"id":24912,"date":"2023-03-16T11:21:00","date_gmt":"2023-03-16T11:23:14","guid":{"rendered":"https:\/\/factory.sale\/?post_type=product&#038;p=24912"},"modified":"2024-06-26T23:02:25","modified_gmt":"2024-06-26T23:02:25","slug":"malmist-pink-bretana-35","status":"publish","type":"product","link":"https:\/\/factory.sale\/et\/toode\/malmist-pink-bretana-35\/","title":{"rendered":"Malmist pink Bretana 35"},"content":{"rendered":"<p>Malm on tuntud ja hinnatud oma tugevuse ja vastupidavuse, v\u00e4lism\u00f5judele vastupidavuse ja tulekindluse poolest. Malmtooteid k\u00e4sitletakse \u00fclitugevatena. V\u00e4listingimustes kasutatavad malmist pingid pole erand. Kui valite malmjalgadega pingi, j\u00e4\u00e4te ostuga v\u00e4ga kauaks rahule ja k\u00f5ige parem on see, et selle hooldamine ei n\u00f5ua aega. Malmpink sobib igasse ruumi, seda ei m\u00f5juta temperatuurimuutused, niiskus, see on korrosioonikindel, kuid k\u00f5ige t\u00e4htsam on see, et see oleks kaetud korrosioonivastaste vahenditega.<\/p>\n<p>&nbsp;<\/p>\n<p><strong>Tooteteave:<\/strong><\/p>\n<ul>\n<li>Kasutatakse paksemaid laudu, pink on tugevam<\/li>\n<li>Jalad on valmistatud malmist<\/li>\n<li>Kaetud kvaliteetse oksironiga<\/li>\n<li>Oxiron kaitseb korrosiooni eest<\/li>\n<li>Puit on troopiline lehtpuit<\/li>\n<li>5 troopilist puitlauda: 100 x 35 x 1800 mm<\/li>\n<li>Lauad on \u00f5litatud vastavalt valitud v\u00e4rvile<\/li>\n<li>Ilmastikukindel<\/li>\n<li>Pink on kohandatud betoonalusele ankurdamiseks<\/li>\n<li>Kaal: 58 kg<\/li>\n<\/ul>\n","protected":false},"excerpt":{"rendered":"<p>Vaadake oma \u00a0linnas ringi ja on v\u00e4ga t\u00f5en\u00e4oline, et n\u00e4ete v\u00e4hemalt \u00fchte pinki. See v\u00e4ike arhitektuuri element, mida iseloomustab k\u00f5rge funktsionaalsus, sobib nii era- kui ka avalikuks infrastruktuuriks.<\/p>\n","protected":false},"featured_media":24896,"comment_status":"open","ping_status":"closed","template":"","meta":{"_acf_changed":false},"factory":[],"free-shipment":[],"product_brand":[],"product_cat":[1100,1114],"product_tag":[2713],"class_list":{"0":"post-24912","1":"product","2":"type-product","3":"status-publish","4":"has-post-thumbnail","6":"product_cat-linnamoobel","7":"product_cat-pingid","8":"product_tag-bench-et","10":"first","11":"instock","12":"sale","13":"taxable","14":"shipping-taxable","15":"purchasable","16":"product-type-simple"},"acf":[],"_links":{"self":[{"href":"https:\/\/factory.sale\/et\/wp-json\/wp\/v2\/product\/24912","targetHints":{"allow":["GET"]}}],"collection":[{"href":"https:\/\/factory.sale\/et\/wp-json\/wp\/v2\/product"}],"about":[{"href":"https:\/\/factory.sale\/et\/wp-json\/wp\/v2\/types\/product"}],"replies":[{"embeddable":true,"href":"https:\/\/factory.sale\/et\/wp-json\/wp\/v2\/comments?post=24912"}],"wp:featuredmedia":[{"embeddable":true,"href":"https:\/\/factory.sale\/et\/wp-json\/wp\/v2\/media\/24896"}],"wp:attachment":[{"href":"https:\/\/factory.sale\/et\/wp-json\/wp\/v2\/media?parent=24912"}],"wp:term":[{"taxonomy":"factory","embeddable":true,"href":"https:\/\/factory.sale\/et\/wp-json\/wp\/v2\/factory?post=24912"},{"taxonomy":"free-shipment","embeddable":true,"href":"https:\/\/factory.sale\/et\/wp-json\/wp\/v2\/free-shipment?post=24912"},{"taxonomy":"product_brand","embeddable":true,"href":"https:\/\/factory.sale\/et\/wp-json\/wp\/v2\/product_brand?post=24912"},{"taxonomy":"product_cat","embeddable":true,"href":"https:\/\/factory.sale\/et\/wp-json\/wp\/v2\/product_cat?post=24912"},{"taxonomy":"product_tag","embeddable":true,"href":"https:\/\/factory.sale\/et\/wp-json\/wp\/v2\/product_tag?post=24912"}],"curies":[{"name":"wp","href":"https:\/\/api.w.org\/{rel}","templated":true}]}}