{"id":24891,"date":"2023-03-16T10:45:15","date_gmt":"2023-03-16T10:51:06","guid":{"rendered":"https:\/\/factory.sale\/?post_type=product&#038;p=24891"},"modified":"2025-03-20T19:46:48","modified_gmt":"2025-03-20T16:46:48","slug":"betoonist-prugikast-fb010-karla-m-kiviviimistlusega","status":"publish","type":"product","link":"https:\/\/factory.sale\/et\/toode\/betoonist-prugikast-fb010-karla-m-kiviviimistlusega\/","title":{"rendered":"Betoonist pr\u00fcgikast FB010 KARLA M kiviviimistlusega"},"content":{"rendered":"<p>Betoonist pr\u00fcgikast FB010 kivikattega.<\/p>\n<p>&nbsp;<\/p>\n<p><strong>Tooteteave:<\/strong><\/p>\n<ul>\n<li>L\u00e4bim\u00f5\u00f5t 600 mm<\/li>\n<li>K\u00f5rgus 500 mm<\/li>\n<li>Kaal 88 kg<\/li>\n<\/ul>\n","protected":false},"excerpt":{"rendered":"<p>Betoonist pr\u00fcgikast FB010 kivikattega.<\/p>\n","protected":false},"featured_media":24886,"comment_status":"open","ping_status":"closed","template":"","meta":{"_acf_changed":false},"factory":[],"free-shipment":[],"product_brand":[],"product_cat":[1100,1116],"product_tag":[],"class_list":{"0":"post-24891","1":"product","2":"type-product","3":"status-publish","4":"has-post-thumbnail","6":"product_cat-linnamoobel","7":"product_cat-prugikastid","9":"first","10":"instock","11":"sale","12":"taxable","13":"shipping-taxable","14":"purchasable","15":"product-type-simple"},"acf":[],"_links":{"self":[{"href":"https:\/\/factory.sale\/et\/wp-json\/wp\/v2\/product\/24891","targetHints":{"allow":["GET"]}}],"collection":[{"href":"https:\/\/factory.sale\/et\/wp-json\/wp\/v2\/product"}],"about":[{"href":"https:\/\/factory.sale\/et\/wp-json\/wp\/v2\/types\/product"}],"replies":[{"embeddable":true,"href":"https:\/\/factory.sale\/et\/wp-json\/wp\/v2\/comments?post=24891"}],"wp:featuredmedia":[{"embeddable":true,"href":"https:\/\/factory.sale\/et\/wp-json\/wp\/v2\/media\/24886"}],"wp:attachment":[{"href":"https:\/\/factory.sale\/et\/wp-json\/wp\/v2\/media?parent=24891"}],"wp:term":[{"taxonomy":"factory","embeddable":true,"href":"https:\/\/factory.sale\/et\/wp-json\/wp\/v2\/factory?post=24891"},{"taxonomy":"free-shipment","embeddable":true,"href":"https:\/\/factory.sale\/et\/wp-json\/wp\/v2\/free-shipment?post=24891"},{"taxonomy":"product_brand","embeddable":true,"href":"https:\/\/factory.sale\/et\/wp-json\/wp\/v2\/product_brand?post=24891"},{"taxonomy":"product_cat","embeddable":true,"href":"https:\/\/factory.sale\/et\/wp-json\/wp\/v2\/product_cat?post=24891"},{"taxonomy":"product_tag","embeddable":true,"href":"https:\/\/factory.sale\/et\/wp-json\/wp\/v2\/product_tag?post=24891"}],"curies":[{"name":"wp","href":"https:\/\/api.w.org\/{rel}","templated":true}]}}