{"id":24787,"date":"2023-03-15T12:59:47","date_gmt":"2023-03-15T13:05:35","guid":{"rendered":"https:\/\/factory.sale\/?post_type=product&#038;p=24787"},"modified":"2024-06-25T22:44:54","modified_gmt":"2024-06-25T22:44:54","slug":"tikkurila-alusdispersioonvarv-18-l","status":"publish","type":"product","link":"https:\/\/factory.sale\/et\/toode\/tikkurila-alusdispersioonvarv-18-l\/","title":{"rendered":"Tikkurila\u00a0alusdispersioonv\u00e4rv 18 l"},"content":{"rendered":"<p><strong>Tootekood: ykkos18<\/strong><\/p>\n<p>&nbsp;<\/p>\n<p>&nbsp;<\/p>\n<p>&nbsp;<\/p>\n<p><strong>OMADUSED:<\/strong><\/p>\n<p>Betoon-, krohv-, tasandus-, tellis- ja papppindade ning puitlaast-, eterniit- ja puitkiudplaatpindade sisev\u00e4rvimiseks, kruntimiseks ja pinnav\u00e4rvimiseks vastavalt kasutusjuhendile. Nakkub h\u00e4sti tsingitud pindadega.<\/p>\n<p>&nbsp;<\/p>\n<p>&nbsp;<\/p>\n<p>&nbsp;<\/p>\n<p><strong>KASUTUSED:<\/strong><\/p>\n<p>Seina- ja laepinnad ruumides, kus pinnad v\u00f5ivad olla suure mehaanilise pinge all. N\u00e4iteks k\u00f6\u00f6gid, \u00e4ri-, klassi- ja patsientide ruumid, trepikojad ja avalikud ruumid.<\/p>\n<p>&nbsp;<\/p>\n<p>&nbsp;<\/p>\n<p><strong>RAHULOLU:<\/strong><\/p>\n<p>Imavate pindade jaoks 7\u20139 m\u00b2\/l. Mitteimavatele pindadele 10\u201312 m\u00b2\/l.<\/p>\n<p>&nbsp;<\/p>\n<p>&nbsp;<\/p>\n<p><strong>LAHJENDAMINE:<\/strong><\/p>\n<p>Veep\u00f5hine<\/p>\n<p>&nbsp;<\/p>\n<p>&nbsp;<\/p>\n<p><strong>T\u00d6\u00d6VIIS:<\/strong><\/p>\n<p>pihustamine, pintsel, rull<\/p>\n<p>&nbsp;<\/p>\n<p>&nbsp;<\/p>\n<p>&nbsp;<\/p>\n<p><strong>V\u00c4RVIMISE TINGIMUSED:<\/strong><\/p>\n<p>V\u00e4rvitav pind peab olema kuiv, temperatuur v\u00e4hemalt +5 \u00baC ja \u00f5hu suhteline niiskus alla 80%.<\/p>\n<p>&nbsp;<\/p>\n<p>&nbsp;<\/p>\n<p><strong>PINNA EELT\u00d6\u00d6TLEMINE:<\/strong><\/p>\n<p>V\u00e4rvimata pind: puhastada pinnad mustusest ja tolmust. Vajadusel tasanda pinnad piirkonnale sobiva Tikkurila Presto v\u00f5i Prestoniti tasandusvahendiga ja lihvi kuivanud pind. Eemaldage lihvimistolm.<\/p>\n<p>Varem v\u00e4rvitud pind: Peske pinnad lahjendatud Tikkurila Maalipesuga ja loputage hoolikalt veega. Lihvige k\u00f5vad l\u00e4ikivad v\u00e4rvipinnad tuhmiks ja eemaldage lihvimistolm. Silu praod ja praod piirkonnale sobiva Tikkurila Presto v\u00f5i Prestoniti tasanduskihiga ning lihvi kuivanud pind \u00fcle. Eemaldage lihvimistolm.<\/p>\n<p>&nbsp;<\/p>\n<p>&nbsp;<\/p>\n<p>&nbsp;<\/p>\n<p><b>V\u00c4RVIMINE:<\/b><\/p>\n<ol>\n<li>Esimene ring:\u00a0Sega Ykk\u00f6spohja enne kasutamist korralikult l\u00e4bi ja vajadusel lahjenda veega. Kanna peale 1-2 korda rulli, pihustiga v\u00f5i pintsliga.<\/li>\n<li>Hooldusv\u00e4rvimine: Esimese kruntv\u00e4rviga v\u00e4rvitud pindu v\u00f5ib hooldada sama v\u00f5i sarnast t\u00fc\u00fcpi vesialuselise v\u00e4rviga. Vaata Pinna ettevalmistamine.<\/li>\n<\/ol>\n<p>&nbsp;<\/p>\n<p>&nbsp;<\/p>\n<p><strong>HOOLDUSJUHEND:<\/strong><\/p>\n<p>Vajadusel k\u00f5ige varem ca 1 kuu peale pinnat\u00f6\u00f6tlust. Pinnad puhastatakse eelistatavalt keemilise puhastusena, kasutades tolmuimejat, pehmet harja v\u00f5i tolmulappi. Kohtpuhastuse kasutamisel v\u00f5ib pinnale j\u00e4\u00e4da puhastusj\u00e4lgi, eriti tumedate toonide puhul. P\u00e4rast pinnat\u00f6\u00f6tlust tuleb pindu hoolikalt k\u00e4sitseda paar n\u00e4dalat, kuna toode saavutab oma l\u00f5pliku k\u00f5vaduse ja vastupidavuse tavatingimustes umbes 1 kuu p\u00e4rast. Kui pindu tuleb puhastada varsti p\u00e4rast pinnat\u00f6\u00f6tlust, puhasta pind eelistatavalt keemilise puhastusena, kasutades tolmuimejat, pehmet harja v\u00f5i tolmulappi.<\/p>\n<p>&nbsp;<\/p>\n<p>&nbsp;<\/p>\n<p>&nbsp;<\/p>\n<p><strong>VOC:<\/strong><\/p>\n<p>(kat. A\/g) 30g\/l (2010), Esimene alus sisaldab VOC max. 30 g\/l.<\/p>\n<p>&nbsp;<\/p>\n<p>&nbsp;<\/p>\n<p><em><strong>Tikkurila\u00a0alusdispersioonv\u00e4rvi saab laialdaselt toonida tuhandeteks toonideks, saadaval nt. k\u00f5ik Symphony v\u00e4rvikaardi toonid.<\/strong><\/em><\/p>\n<p><img loading=\"lazy\" decoding=\"async\" class=\"alignnone wp-image-24801\" src=\"https:\/\/factory.sale\/wp-content\/uploads\/2023\/03\/symphony-300x150.jpeg\" alt=\"\" width=\"888\" height=\"444\" srcset=\"https:\/\/factory.sale\/wp-content\/uploads\/2023\/03\/symphony-300x150.jpeg 300w, https:\/\/factory.sale\/wp-content\/uploads\/2023\/03\/symphony-1024x512.jpeg 1024w, https:\/\/factory.sale\/wp-content\/uploads\/2023\/03\/symphony-150x75.jpeg 150w, https:\/\/factory.sale\/wp-content\/uploads\/2023\/03\/symphony-600x300.jpeg 600w, https:\/\/factory.sale\/wp-content\/uploads\/2023\/03\/symphony.jpeg 1200w\" sizes=\"auto, (max-width: 888px) 100vw, 888px\" \/><\/p>\n","protected":false},"excerpt":{"rendered":"<p>Dispersioonpraimer.<\/p>\n<ul>\n<li>Kasutajas\u00f5bralik kruntv\u00e4rv<\/li>\n<li>Madala emissiooniga variant<\/li>\n<li>Nakkub suurep\u00e4raselt ka tsingitud pindadega<\/li>\n<\/ul>\n<p>&nbsp;<\/p>\n","protected":false},"featured_media":24782,"comment_status":"open","ping_status":"closed","template":"","meta":{"_acf_changed":false},"factory":[],"free-shipment":[],"product_brand":[],"product_cat":[163,169,814],"product_tag":[],"class_list":{"0":"post-24787","1":"product","2":"type-product","3":"status-publish","4":"has-post-thumbnail","6":"product_cat-ehituskeemia","7":"product_cat-kruntvarvid-ja-varvid","8":"product_cat-uldehitus","10":"first","11":"instock","12":"sale","13":"taxable","14":"shipping-taxable","15":"purchasable","16":"product-type-simple"},"acf":[],"_links":{"self":[{"href":"https:\/\/factory.sale\/et\/wp-json\/wp\/v2\/product\/24787","targetHints":{"allow":["GET"]}}],"collection":[{"href":"https:\/\/factory.sale\/et\/wp-json\/wp\/v2\/product"}],"about":[{"href":"https:\/\/factory.sale\/et\/wp-json\/wp\/v2\/types\/product"}],"replies":[{"embeddable":true,"href":"https:\/\/factory.sale\/et\/wp-json\/wp\/v2\/comments?post=24787"}],"wp:featuredmedia":[{"embeddable":true,"href":"https:\/\/factory.sale\/et\/wp-json\/wp\/v2\/media\/24782"}],"wp:attachment":[{"href":"https:\/\/factory.sale\/et\/wp-json\/wp\/v2\/media?parent=24787"}],"wp:term":[{"taxonomy":"factory","embeddable":true,"href":"https:\/\/factory.sale\/et\/wp-json\/wp\/v2\/factory?post=24787"},{"taxonomy":"free-shipment","embeddable":true,"href":"https:\/\/factory.sale\/et\/wp-json\/wp\/v2\/free-shipment?post=24787"},{"taxonomy":"product_brand","embeddable":true,"href":"https:\/\/factory.sale\/et\/wp-json\/wp\/v2\/product_brand?post=24787"},{"taxonomy":"product_cat","embeddable":true,"href":"https:\/\/factory.sale\/et\/wp-json\/wp\/v2\/product_cat?post=24787"},{"taxonomy":"product_tag","embeddable":true,"href":"https:\/\/factory.sale\/et\/wp-json\/wp\/v2\/product_tag?post=24787"}],"curies":[{"name":"wp","href":"https:\/\/api.w.org\/{rel}","templated":true}]}}