{"id":24750,"date":"2023-03-15T11:14:39","date_gmt":"2023-03-15T11:19:59","guid":{"rendered":"https:\/\/factory.sale\/?post_type=product&#038;p=24750"},"modified":"2024-06-25T13:54:24","modified_gmt":"2024-06-25T13:54:24","slug":"tikkurila-siro-2-primer-18-l","status":"publish","type":"product","link":"https:\/\/factory.sale\/et\/toode\/tikkurila-siro-2-primer-18-l\/","title":{"rendered":"Tikkurila Siro 2 primer 18 l"},"content":{"rendered":"<p><strong>Tootekood: siro2<\/strong><\/p>\n<p>&nbsp;<\/p>\n<p>&nbsp;<\/p>\n<p>Veebaasil t\u00e4ismatt dispersioonv\u00e4rv krunt- ja laev\u00e4rvimiseks.<\/p>\n<p>&nbsp;<\/p>\n<p><strong>OMADUSED:<\/strong><\/p>\n<p>Betooni-, krohvi-, tasandus-, eterniit- ja puitkiudplaatpindade v\u00e4rvimiseks vastavalt kasutusjuhendile.<\/p>\n<p>&nbsp;<\/p>\n<p><strong>KASUTAMINE:<\/strong><\/p>\n<p>Seina- ja laepinnad kuivades siseruumides.<\/p>\n<p>&nbsp;<\/p>\n<p><strong>KATVUS:<\/strong><\/p>\n<p>Teoreetiline katvus: 5-11 m\u00b2\/l. Soovitatav kuiva kihi paksus: 28\u201362 \u00b5m. Praktilist adekvaatsust m\u00f5jutavad v\u00e4rvimisviis ja -tingimused, samuti v\u00e4rvitava konstruktsiooni kuju ja pinna kvaliteet.<\/p>\n<p>&nbsp;<\/p>\n<p>&nbsp;<\/p>\n<p><strong>LAHJENDAMINE:<\/strong><\/p>\n<p>Veep\u00f5hine<\/p>\n<p>&nbsp;<\/p>\n<p>&nbsp;<\/p>\n<p><strong>T\u00d6\u00d6VIIS:<\/strong><\/p>\n<p>pihustamine, pintsel, rull<\/p>\n<p>&nbsp;<\/p>\n<p>&nbsp;<\/p>\n<p><strong>S\u00c4ILITAMINE:<\/strong><\/p>\n<p>Kaitsta k\u00fclma eest. Hoida kuivas ja jahedas, p\u00e4ikesevalguse eest kaitstult. Toonitud v\u00e4rv v\u00f5i avatud anum ei talu pikaajalist ladustamist. Kuni j\u00e4rgmise kasutamiseni sulgege purk hoolikalt.<\/p>\n","protected":false},"excerpt":{"rendered":"<p>Veebaasil t\u00e4ismatt dispersioonv\u00e4rv krunt- ja laev\u00e4rvimiseks.<\/p>\n<ul>\n<li>Paljudele pindadele<\/li>\n<li>Professionaalidele optimeeritud t\u00f6\u00f6tlemisfunktsioonid<\/li>\n<li>Heledad toonid<\/li>\n<\/ul>\n","protected":false},"featured_media":24748,"comment_status":"open","ping_status":"closed","template":"","meta":{"_acf_changed":false},"factory":[],"free-shipment":[],"product_brand":[],"product_cat":[814,163,169],"product_tag":[138],"class_list":{"0":"post-24750","1":"product","2":"type-product","3":"status-publish","4":"has-post-thumbnail","6":"product_cat-uldehitus","7":"product_cat-ehituskeemia","8":"product_cat-kruntvarvid-ja-varvid","9":"product_tag-primer-et-2","11":"first","12":"instock","13":"sale","14":"taxable","15":"shipping-taxable","16":"purchasable","17":"product-type-simple"},"acf":[],"_links":{"self":[{"href":"https:\/\/factory.sale\/et\/wp-json\/wp\/v2\/product\/24750","targetHints":{"allow":["GET"]}}],"collection":[{"href":"https:\/\/factory.sale\/et\/wp-json\/wp\/v2\/product"}],"about":[{"href":"https:\/\/factory.sale\/et\/wp-json\/wp\/v2\/types\/product"}],"replies":[{"embeddable":true,"href":"https:\/\/factory.sale\/et\/wp-json\/wp\/v2\/comments?post=24750"}],"wp:featuredmedia":[{"embeddable":true,"href":"https:\/\/factory.sale\/et\/wp-json\/wp\/v2\/media\/24748"}],"wp:attachment":[{"href":"https:\/\/factory.sale\/et\/wp-json\/wp\/v2\/media?parent=24750"}],"wp:term":[{"taxonomy":"factory","embeddable":true,"href":"https:\/\/factory.sale\/et\/wp-json\/wp\/v2\/factory?post=24750"},{"taxonomy":"free-shipment","embeddable":true,"href":"https:\/\/factory.sale\/et\/wp-json\/wp\/v2\/free-shipment?post=24750"},{"taxonomy":"product_brand","embeddable":true,"href":"https:\/\/factory.sale\/et\/wp-json\/wp\/v2\/product_brand?post=24750"},{"taxonomy":"product_cat","embeddable":true,"href":"https:\/\/factory.sale\/et\/wp-json\/wp\/v2\/product_cat?post=24750"},{"taxonomy":"product_tag","embeddable":true,"href":"https:\/\/factory.sale\/et\/wp-json\/wp\/v2\/product_tag?post=24750"}],"curies":[{"name":"wp","href":"https:\/\/api.w.org\/{rel}","templated":true}]}}