{"id":24741,"date":"2023-03-15T10:36:07","date_gmt":"2023-03-15T10:42:38","guid":{"rendered":"https:\/\/factory.sale\/?post_type=product&#038;p=24741"},"modified":"2024-06-27T20:26:53","modified_gmt":"2024-06-27T20:26:53","slug":"tikkurila-nova-7-primer-18-l","status":"publish","type":"product","link":"https:\/\/factory.sale\/et\/toode\/tikkurila-nova-7-primer-18-l\/","title":{"rendered":"Tikkurila Nova 7 primer 18 l"},"content":{"rendered":"<p><strong>Tootekood: nova7<\/strong><\/p>\n<p>&nbsp;<\/p>\n<p>Veebaasil lahustivaba dispersioonv\u00e4rv professionaalseks sisev\u00e4rvimiseks. Luigem\u00e4rgiga, matt seinav\u00e4rv. Lai v\u00e4rvivalik. Kerge l\u00e4ige.<\/p>\n<p>&nbsp;<\/p>\n<p><strong>OMADUSED:<\/strong><\/p>\n<p>Betooni-, krohvi-, tasandus-, eterniit-, puitlaast- ja puitkiudplaatpindade esmaseks ja hooldusv\u00e4rvimiseks vastavalt kasutusjuhendile. Toodet saab kasutada LEED-, BREEAM- ja Joutseni m\u00e4rgistusega hoonetes.<\/p>\n<p>&nbsp;<\/p>\n<p>&nbsp;<\/p>\n<p><strong>KASUTUS:<\/strong><\/p>\n<p>Seina- ja laepinnad kuivades siseruumides; nt elutoad, k\u00f6\u00f6gid, kontorid ja avalikud ruumid valguse tarbimiseks.<\/p>\n<p>&nbsp;<\/p>\n<p>&nbsp;<\/p>\n<p><strong>KATVUS:<\/strong><\/p>\n<p>Teoreetiline katvus: 8-11 m\u00b2\/l. Praktilist adekvaatsust m\u00f5jutavad v\u00e4rvimisviis ja -tingimused, samuti v\u00e4rvitava konstruktsiooni kuju ja pinna kvaliteet.<\/p>\n<p>&nbsp;<\/p>\n<p>&nbsp;<\/p>\n<p><strong>LAHJENDAMINE:<\/strong><\/p>\n<p>Veep\u00f5hine<\/p>\n<p>&nbsp;<\/p>\n<p>&nbsp;<\/p>\n<p><strong>T\u00d6\u00d6VIIS:<\/strong><\/p>\n<p>pihustamine, pintsel, rull<\/p>\n<p>&nbsp;<\/p>\n<p>&nbsp;<\/p>\n<p><strong>S\u00c4ILITAMINE<\/strong><\/p>\n<p>Kaitsta k\u00fclma eest. Hoida kuivas ja jahedas, p\u00e4ikesevalguse eest kaitstult. Toonitud v\u00e4rv v\u00f5i avatud anum ei talu pikaajalist ladustamist. J\u00e4rgmiseks kasutamiseks sulgege purk hoolikalt.<\/p>\n<p>&nbsp;<\/p>\n<p>&nbsp;<\/p>\n<p><strong>V\u00c4RVIMISE TINGIMUSED<\/strong><\/p>\n<p>V\u00e4rvitav pind peab olema kuiv, temperatuur v\u00e4hemalt +10 \u00b0C ja \u00f5hu suhteline niiskus alla 80%.<\/p>\n<p>&nbsp;<\/p>\n<p>&nbsp;<\/p>\n<p><strong>PINNA EELT\u00d6\u00d6TLEMINE:<\/strong><\/p>\n<p>V\u00e4rvimata pinnad: puhastada pinnad mustusest ja tolmust. Vajadusel tasandage pinnad sobiva Presto v\u00f5i Prestoniti tasanduskihiga ja lihvige kuivanud pind. Eemaldage lihvimistolm. Kruntv\u00e4rv Nova 2 .<\/p>\n<p>Varem v\u00e4rvitud pinnad: Peske pinnad Tikkurila v\u00e4rvipesuga. Lihvige v\u00e4rvipinnad matiks ja eemaldage lihvimistolm. Silu praod ja praod sobiva Presto v\u00f5i Prestoniti tasanduskihiga ning lihvi kuivanud pind \u00fcle. Eemaldage lihvimistolm. V\u00e4rvimata pinnad kruntida Nova 2ga<\/p>\n<p>&nbsp;<\/p>\n<p>&nbsp;<\/p>\n<p><strong>V\u00c4RVIMINE:<\/strong><\/p>\n<ol>\n<li>Esimene ring:\u00a0Sega Nova 7 enne kasutamist korralikult l\u00e4bi ja vajadusel lahjenda veega. Kanna peale 1-2 korda rulli, pihustiga v\u00f5i pintsliga.<\/li>\n<li>Hooldusv\u00e4rvimine: Nova 7-ga v\u00e4rvitud pindu saab hooldada sama v\u00f5i sarnast t\u00fc\u00fcpi vesialuselise v\u00e4rviga.<\/li>\n<\/ol>\n<p>&nbsp;<\/p>\n<p>&nbsp;<\/p>\n<p><strong>HOOLDUSJUHEND:<\/strong><\/p>\n<p>Vajadusel k\u00f5ige varem ca 1 kuu peale pinnat\u00f6\u00f6tlust. Pinnad puhastatakse kuiva harja v\u00f5i tolmulapiga. M\u00e4\u00e4rdunud pindu puhastatakse neutraalses (pH 6\u20138) pesuainelahuses niisutatud niiske puhastusvahendiga. Pind ei tohi p\u00e4rast puhastamist m\u00e4rjaks j\u00e4\u00e4da. Pesuaine lahuse valmistamisel tuleb j\u00e4rgida pesuaine tootja antud lahjendamisjuhiseid. P\u00e4rast pinnat\u00f6\u00f6tlust tuleb pindu hoolikalt k\u00e4sitseda paar n\u00e4dalat, kuna toode saavutab oma l\u00f5pliku k\u00f5vaduse ja vastupidavuse tavatingimustes umbes 1 kuu p\u00e4rast. Kui pindu tuleb varsti p\u00e4rast pinnat\u00f6\u00f6tlust puhastada, puhastatakse pind kergelt kuiva v\u00f5i niiske puhastuslapiga.<\/p>\n<p>&nbsp;<\/p>\n<p>&nbsp;<\/p>\n<p><strong>VOC:<\/strong><\/p>\n<p>(kats A\/a) 30g\/l(2010), Nova 7 sisaldab VOC max. 10 g\/l.<\/p>\n<p>&nbsp;<\/p>\n<p>&nbsp;<\/p>\n<p>&nbsp;<\/p>\n<p><strong><em>Nova 7 saab laialdaselt toonida tuhandeteks toonideks, saadaval nt. k\u00f5ik Symphony v\u00e4rvikaardi toonid.<\/em><\/strong><\/p>\n<p><img loading=\"lazy\" decoding=\"async\" class=\"alignnone  wp-image-24801\" src=\"https:\/\/factory.sale\/wp-content\/uploads\/2023\/03\/symphony-300x150.jpeg\" alt=\"\" width=\"580\" height=\"290\" srcset=\"https:\/\/factory.sale\/wp-content\/uploads\/2023\/03\/symphony-300x150.jpeg 300w, https:\/\/factory.sale\/wp-content\/uploads\/2023\/03\/symphony-1024x512.jpeg 1024w, https:\/\/factory.sale\/wp-content\/uploads\/2023\/03\/symphony-150x75.jpeg 150w, https:\/\/factory.sale\/wp-content\/uploads\/2023\/03\/symphony-600x300.jpeg 600w, https:\/\/factory.sale\/wp-content\/uploads\/2023\/03\/symphony.jpeg 1200w\" sizes=\"auto, (max-width: 580px) 100vw, 580px\" \/><\/p>\n","protected":false},"excerpt":{"rendered":"<p>Veebaasil lahustivaba dispersioonv\u00e4rv professionaalseks sisev\u00e4rvimiseks. Luigem\u00e4rgiga, matt seinav\u00e4rv. Lai v\u00e4rvivalik. Kerge k\u00fclgl\u00e4ige.<\/p>\n<ul>\n<li>Madal l\u00e4ige<\/li>\n<li>Lai v\u00e4rvivalik<\/li>\n<li>Kasutaja- ja keskkonnas\u00f5bralik<\/li>\n<\/ul>\n<p>&nbsp;<\/p>\n","protected":false},"featured_media":24733,"comment_status":"open","ping_status":"closed","template":"","meta":{"_acf_changed":false},"factory":[],"free-shipment":[],"product_brand":[],"product_cat":[768,63,73],"product_tag":[74],"class_list":{"0":"post-24741","1":"product","2":"type-product","3":"status-publish","4":"has-post-thumbnail","6":"product_cat-general-construction","7":"product_cat-construction-chemistry","8":"product_cat-primers-and-paints","9":"product_tag-primer","11":"first","12":"instock","13":"sale","14":"taxable","15":"shipping-taxable","16":"purchasable","17":"product-type-simple"},"acf":[],"_links":{"self":[{"href":"https:\/\/factory.sale\/et\/wp-json\/wp\/v2\/product\/24741","targetHints":{"allow":["GET"]}}],"collection":[{"href":"https:\/\/factory.sale\/et\/wp-json\/wp\/v2\/product"}],"about":[{"href":"https:\/\/factory.sale\/et\/wp-json\/wp\/v2\/types\/product"}],"replies":[{"embeddable":true,"href":"https:\/\/factory.sale\/et\/wp-json\/wp\/v2\/comments?post=24741"}],"wp:featuredmedia":[{"embeddable":true,"href":"https:\/\/factory.sale\/et\/wp-json\/wp\/v2\/media\/24733"}],"wp:attachment":[{"href":"https:\/\/factory.sale\/et\/wp-json\/wp\/v2\/media?parent=24741"}],"wp:term":[{"taxonomy":"factory","embeddable":true,"href":"https:\/\/factory.sale\/et\/wp-json\/wp\/v2\/factory?post=24741"},{"taxonomy":"free-shipment","embeddable":true,"href":"https:\/\/factory.sale\/et\/wp-json\/wp\/v2\/free-shipment?post=24741"},{"taxonomy":"product_brand","embeddable":true,"href":"https:\/\/factory.sale\/et\/wp-json\/wp\/v2\/product_brand?post=24741"},{"taxonomy":"product_cat","embeddable":true,"href":"https:\/\/factory.sale\/et\/wp-json\/wp\/v2\/product_cat?post=24741"},{"taxonomy":"product_tag","embeddable":true,"href":"https:\/\/factory.sale\/et\/wp-json\/wp\/v2\/product_tag?post=24741"}],"curies":[{"name":"wp","href":"https:\/\/api.w.org\/{rel}","templated":true}]}}