{"id":24718,"date":"2023-03-15T09:51:11","date_gmt":"2023-03-15T10:03:21","guid":{"rendered":"https:\/\/factory.sale\/?post_type=product&#038;p=24718"},"modified":"2024-06-25T22:19:56","modified_gmt":"2024-06-25T22:19:56","slug":"tikkurila-luja-7-primer-18-l","status":"publish","type":"product","link":"https:\/\/factory.sale\/et\/toode\/tikkurila-luja-7-primer-18-l\/","title":{"rendered":"Tikkurila Luja 7 primer 18 l"},"content":{"rendered":"<p><strong>Tootekood: luja7<\/strong><\/p>\n<p>&nbsp;<\/p>\n<p>Spetsiaalne akr\u00fclaatv\u00e4rv. Toode sisaldab hallituse inhibiitorit, mis kaitseb v\u00e4rvipinda. Tootel on madal\u00a0VOC-sisaldusega on sellele omistatud Luigem\u00e4rgis ja EL keskkonnam\u00e4rgis.<\/p>\n<p>&nbsp;<\/p>\n<p><strong>OMADUSED:<\/strong><\/p>\n<p>Betoon-, krohv-, tasandus-, tellis-, puitlaast-, kips- ja puitkiudplaatide pindadele siseruumides. Sobib m\u00f5lemale\u00a0uutele ja varem v\u00e4rvitud pindadele. Sobib ka vannitoa paneellagedele, kui seda kasutatakse kruntv\u00e4rvina.\u00a0Kasutatakse Multistop isolatsioonikrunti.<\/p>\n<p>&nbsp;<\/p>\n<p><strong>KASUTAMINE:<\/strong><\/p>\n<p>Seina- ja laepinnad ruumides, kus pind peab vastu pidama pesule ja kulumisele, nt k\u00f6\u00f6gis\u00a0koridorides, trepikodades. T\u00e4nu selles sisalduvale hallituse inhibiitorile saab seda kasutada ruumides, kus\u00a0k\u00f5rge \u00f5huniiskus. Sobib avalikesse kohtadesse nagu fuajeed, haigla koridorid ja patsientide ruumid jne.\u00a0pindadele, mis on tavap\u00e4rasest suurema pinge all. Sobib kasutamiseks ka toiduruumides (nt.\u00a0meiereid, pagari\u00e4rid).<\/p>\n<p>&nbsp;<\/p>\n<p><strong>KATVUS:<\/strong><\/p>\n<p>Teoreetiline katvus: 8-12 m\u00b2\/l. Praktilist sobivust m\u00f5jutavad v\u00e4rvimisviis ja -tingimused\u00a0nii v\u00e4rvitava konstruktsiooni kuju kui ka pinna kvaliteet.<\/p>\n<p>&nbsp;<\/p>\n<p>&nbsp;<\/p>\n<p><strong>LAHJENDUS:<\/strong><\/p>\n<p>Veep\u00f5hine<\/p>\n<p>&nbsp;<\/p>\n<p>&nbsp;<\/p>\n<p><strong>T\u00d6\u00d6VIISID:<\/strong><\/p>\n<p>pihustamine, pintsel, rull<\/p>\n<p>&nbsp;<\/p>\n<p>&nbsp;<\/p>\n<p><a href=\"https:\/\/factory.sale\/wp-content\/uploads\/2023\/03\/22002618-MED_B_Luja_Finishing_Paint_1.9.2022.pdf\" target=\"_blank\" rel=\"noopener\">Luja 7 finishing paint sertifikaat<\/a><\/p>\n","protected":false},"excerpt":{"rendered":"<p>Spetsiaalne akr\u00fclaatv\u00e4rv. Toode sisaldab hallituse inhibiitorit, mis kaitseb v\u00e4rvipinda. Tootel on madal\u00a0VOC-sisaldusega on sellele omistatud Luigem\u00e4rgis ja EL keskkonnam\u00e4rgis.<\/p>\n<ul>\n<li>Sisaldab hallituse inhibiitorit<\/li>\n<li>Keemiline vastupidavus<\/li>\n<li>Niiskete ruumide jaoks<\/li>\n<\/ul>\n","protected":false},"featured_media":24703,"comment_status":"open","ping_status":"closed","template":"","meta":{"_acf_changed":false},"factory":[],"free-shipment":[],"product_brand":[],"product_cat":[814,163,169],"product_tag":[138],"class_list":{"0":"post-24718","1":"product","2":"type-product","3":"status-publish","4":"has-post-thumbnail","6":"product_cat-uldehitus","7":"product_cat-ehituskeemia","8":"product_cat-kruntvarvid-ja-varvid","9":"product_tag-primer-et-2","11":"first","12":"instock","13":"sale","14":"taxable","15":"shipping-taxable","16":"purchasable","17":"product-type-simple"},"acf":[],"_links":{"self":[{"href":"https:\/\/factory.sale\/et\/wp-json\/wp\/v2\/product\/24718","targetHints":{"allow":["GET"]}}],"collection":[{"href":"https:\/\/factory.sale\/et\/wp-json\/wp\/v2\/product"}],"about":[{"href":"https:\/\/factory.sale\/et\/wp-json\/wp\/v2\/types\/product"}],"replies":[{"embeddable":true,"href":"https:\/\/factory.sale\/et\/wp-json\/wp\/v2\/comments?post=24718"}],"wp:featuredmedia":[{"embeddable":true,"href":"https:\/\/factory.sale\/et\/wp-json\/wp\/v2\/media\/24703"}],"wp:attachment":[{"href":"https:\/\/factory.sale\/et\/wp-json\/wp\/v2\/media?parent=24718"}],"wp:term":[{"taxonomy":"factory","embeddable":true,"href":"https:\/\/factory.sale\/et\/wp-json\/wp\/v2\/factory?post=24718"},{"taxonomy":"free-shipment","embeddable":true,"href":"https:\/\/factory.sale\/et\/wp-json\/wp\/v2\/free-shipment?post=24718"},{"taxonomy":"product_brand","embeddable":true,"href":"https:\/\/factory.sale\/et\/wp-json\/wp\/v2\/product_brand?post=24718"},{"taxonomy":"product_cat","embeddable":true,"href":"https:\/\/factory.sale\/et\/wp-json\/wp\/v2\/product_cat?post=24718"},{"taxonomy":"product_tag","embeddable":true,"href":"https:\/\/factory.sale\/et\/wp-json\/wp\/v2\/product_tag?post=24718"}],"curies":[{"name":"wp","href":"https:\/\/api.w.org\/{rel}","templated":true}]}}