{"id":24696,"date":"2023-03-15T08:34:51","date_gmt":"2023-03-15T09:16:59","guid":{"rendered":"https:\/\/factory.sale\/?post_type=product&#038;p=24696"},"modified":"2024-06-28T02:57:19","modified_gmt":"2024-06-28T02:57:19","slug":"stalgen-mitmekihilised-porandalauad-12mm-32mm-ja-16mm-44mm","status":"publish","type":"product","link":"https:\/\/factory.sale\/et\/toode\/stalgen-mitmekihilised-porandalauad-12mm-32mm-ja-16mm-44mm\/","title":{"rendered":"Stalgen mitmekihilised p\u00f5randalauad 12mm\/3,2mm ja 16mm\/4,4mm"},"content":{"rendered":"<h3><strong>Stalgeni mitmekihiliste p\u00f5randalaudade jaoks on valida kahe paksuse vahel:<\/strong><\/h3>\n<p>&nbsp;<\/p>\n<p><strong>1. 12 mm\/3,2 mm:<\/strong><\/p>\n<ul>\n<li><strong>Konstruktsioon:<\/strong> kasevineerile termoreaktiivse pol\u00fcuretaanliimiga liimitud massiivne \u00fcheribaline tamm v\u00f5i saar<\/li>\n<li><strong>Pealiskiht<\/strong>: tamm; tuhk (keskmine tihedus 700 kg\/m3, soojusjuhtivus 0,17 W\/(mK))<\/li>\n<li><strong>Alumine kiht:<\/strong> kasevineer (formaldeh\u00fc\u00fcdi emissioon \u2013 ULEF; tihedus 700 kg\/m3; soojusjuhtivus 0,17 W\/(mK))<\/li>\n<li><strong>Niiskussisaldus:<\/strong> 8\u00b12%<\/li>\n<li><strong>Paksus:<\/strong><\/li>\n<\/ul>\n<ol>\n<li>kokku: 12\u00b10,2 mm<\/li>\n<li>kulumiskiht: 3,2\u00b10,2 mm<\/li>\n<li>alumine kiht: 8,8\u00b10,2 mm<\/li>\n<\/ol>\n<ul>\n<li><strong>Laius:<\/strong><\/li>\n<\/ul>\n<ol>\n<li>tamm: 135 mm; 165 mm; 185 mm; 260 mm<\/li>\n<li>tuhk: 165 mm; 185 mm; 210 mm<\/li>\n<\/ol>\n<ul>\n<li><strong>Pikkus:<\/strong><\/li>\n<\/ul>\n<ol>\n<li>laiusele 135 mm: 600-1800 mm \u00b150 mm<\/li>\n<li>laiusele 165 mm, 185 mm, 260 mm: 600-1400 mm \u00b150 mm; 1400-2200 mm \u00b150 mm; 2200-3000 mm \u00b150 mm<\/li>\n<\/ol>\n<ul>\n<li><strong>T&amp;G:<\/strong> 4 sidet<\/li>\n<li><strong>Kaldus:<\/strong> 4 sidet; projektsioon pinnale 0,7 mm<\/li>\n<li><strong>T\u00e4iteaine:<\/strong> helepruun<\/li>\n<li><strong>Pind:<\/strong> kerge struktuuriga<\/li>\n<li><strong>K\u00e4sitsemine:<\/strong> hoida keskel ainult n\u00e4oga \u00fclespoole<\/li>\n<li><strong>Pakend:<\/strong> 4 pol\u00fcet\u00fcleenist plaati<\/li>\n<li><strong>Kasutamine:<\/strong> ainult siseruumides kasutamiseks; sobib k\u00f6etavatele ja k\u00fctmata alusp\u00f5randatele<\/li>\n<li><strong>Paigaldusmeetod:<\/strong> liimitud alla<\/li>\n<li><strong>Reaktsioon tulele:<\/strong> Dfi-s1<\/li>\n<\/ul>\n<p>&nbsp;<\/p>\n<p>&nbsp;<\/p>\n<p><strong>2. 16 mm\/4,4 mm:<\/strong><\/p>\n<ul>\n<li><strong>Konstruktsioon:<\/strong> kasevineerile termoreaktiivse pol\u00fcuretaanliimiga liimitud t\u00e4ispuidust \u00fcheribaline tammeplaat<\/li>\n<li><strong>Pealiskiht:<\/strong> tamm (keskmine tihedus 700 kg\/m3, soojusjuhtivus 0,17 W\/(mK))<\/li>\n<li><strong>Alumine kiht:<\/strong> kasevineer (formaldeh\u00fc\u00fcdi emissioon \u2013 ULEF; tihedus 700 kg\/m3 ; soojusjuhtivus 0,17 W\/(mK))<\/li>\n<li><strong>Niiskussisaldus<\/strong>: 8\u00b12%<\/li>\n<li><strong>Paksus:<\/strong><\/li>\n<\/ul>\n<ol>\n<li>kokku: 16\u00b10,2 mm<\/li>\n<li>kulumiskiht: 4,5\u00b10,2 mm<\/li>\n<li>alumine kiht: 11,6\u00b10,2 mm<\/li>\n<\/ol>\n<ul>\n<li><strong>Laius:<\/strong> 240 mm; 300 mm<\/li>\n<li><strong>Pikkus:<\/strong> 600-1400 mm \u00b150 mm; 1400-2200 mm \u00b150 mm; 2200-3000 mm \u00b150 mm;<\/li>\n<li><strong>T&amp;G :<\/strong> 4 sidet<\/li>\n<li><strong>Kaldus:<\/strong> 4 sidet; projektsioon pinnale 0,7 mm<\/li>\n<li><strong>T\u00e4ide:<\/strong> helepruun<\/li>\n<li><strong>Pind:<\/strong> kerge struktuuriga<\/li>\n<li><strong>K\u00e4sitsemine:<\/strong> hoida keskel ainult n\u00e4oga \u00fclespoole<\/li>\n<li><strong>Pakend:<\/strong> 4 pol\u00fcet\u00fcleenist plaati<\/li>\n<li><strong>Kasutamine:<\/strong> ainult siseruumides kasutamiseks; sobib k\u00f6etavatele ja k\u00fctmata alusp\u00f5randatele<\/li>\n<li><strong>Paigaldusmeetod:<\/strong> liimitud alla<\/li>\n<li><strong>Reaktsioon tulele:<\/strong> Dfi-s1<\/li>\n<\/ul>\n<p>&nbsp;<\/p>\n<p><strong>Selektsioonid:<\/strong><\/p>\n<ul>\n<li><strong>Premium<\/strong> \u2013 v\u00e4limuselt ja v\u00e4rvilt \u00fchtlane p\u00f5randakate. Kui seal on t\u00e4idetud s\u00f5lme v\u00f5i s\u00f5lmeauke, on need t\u00f5en\u00e4oliselt v\u00e4ga v\u00e4ikesed ja \u00fcsna n\u00f5rga v\u00e4rvusega. Maltspuidust vaba.<\/li>\n<li><strong>Select<\/strong> \u2013 sisaldab veel m\u00f5nda varianti, s\u00f5lme ja t\u00e4idetud s\u00f5lmeauke kui esmaklassiline. See p\u00f5randakate on endiselt suures osas \u00fchtlase v\u00e4limusega, m\u00f5\u00f5dukate v\u00e4rvide ja s\u00f5lmedega, mis annavad sellele loomulikuma v\u00e4limuse. Maltspuidust vaba.<\/li>\n<li><strong>Living<\/strong>\u00a0\u2013 sisaldab veidi rohkem variante, s\u00f5lmi ja t\u00e4idetud s\u00f5lmeauke. See p\u00f5randakate on endiselt suures osas \u00fchtlase v\u00e4limusega, m\u00f5\u00f5dukate v\u00e4rvide ja s\u00f5lmedega, mis annavad sellele loomulikuma v\u00e4limuse. Lubatud kitsas maltspuit.<\/li>\n<li><strong>Classic<\/strong> \u2013 sisaldab rohkelt s\u00f5lme ja v\u00e4rvivariante. Klassikalise kvaliteediga p\u00f5randatel on m\u00f5nikord naturaalse v\u00e4rviga t\u00e4idetud augud ja puitdetailid, et anda sile v\u00e4limus. Maltspuidust vaba.<\/li>\n<li><strong>Rustic<\/strong> \u2013 k\u00f5ige loomulikum v\u00e4limus k\u00f5igist p\u00f5randakatetest. Sellel on suurim v\u00e4rvivalik ja sellel on palju s\u00f5lme, s\u00f5lmeauke, puidust sisestusi ja looduslikke sooni \u2013 t\u00e4idetud naturaalse puidust t\u00e4iteainega, et tagada sile, kuid maal\u00e4hedane v\u00e4limus. Sapppuit lubatud.<\/li>\n<\/ul>\n<p>&nbsp;<\/p>\n<p><strong>Valikuline:<\/strong><\/p>\n<ul>\n<li>Pinna mehaaniline t\u00f6\u00f6tlus: keskmiselt harjatud; s\u00fcgavharjatud; kangendatud; saem\u00e4rgid<\/li>\n<li>Pinnakate: naturaalne \u00f5li; k\u00f5vavaha \u00f5li, k\u00f5vavaha \u00f5li+lakk<\/li>\n<li>T\u00e4iteaine v\u00e4rvus: must soovi korral<\/li>\n<\/ul>\n<p>&nbsp;<\/p>\n<p><strong>Lisaks:<\/strong><\/p>\n<ul>\n<li>tehases v\u00f5imalik teha \u00f5livahatamine &#8211; 6 \u20ac\/jm (ei sisalda km)<\/li>\n<\/ul>\n<p>&nbsp;<\/p>\n<p><strong>Saadaval erinevates toonides:<\/strong><\/p>\n<p><img loading=\"lazy\" decoding=\"async\" class=\"alignnone wp-image-24694\" src=\"https:\/\/factory.sale\/wp-content\/uploads\/2023\/03\/toonid-300x262.png\" alt=\"\" width=\"810\" height=\"707\" srcset=\"https:\/\/factory.sale\/wp-content\/uploads\/2023\/03\/toonid-300x262.png 300w, https:\/\/factory.sale\/wp-content\/uploads\/2023\/03\/toonid-1024x895.png 1024w, https:\/\/factory.sale\/wp-content\/uploads\/2023\/03\/toonid-150x131.png 150w, https:\/\/factory.sale\/wp-content\/uploads\/2023\/03\/toonid-600x525.png 600w, https:\/\/factory.sale\/wp-content\/uploads\/2023\/03\/toonid.png 1338w\" sizes=\"auto, (max-width: 810px) 100vw, 810px\" \/><\/p>\n<p>&nbsp;<\/p>\n<p>&nbsp;<\/p>\n<p><strong>Hinnakiri:<\/strong><\/p>\n<p>&nbsp;<\/p>\n<table style=\"height: 1417px;\" width=\"888\">\n<tbody>\n<tr>\n<td><b>Puit<\/b><\/td>\n<td><b>Konstruktsioon<\/b><\/td>\n<td><b>mm<\/b><\/td>\n<td><\/td>\n<td><\/td>\n<td><strong>Premium\u00a0<\/strong><\/td>\n<td><strong>Select\u00a0<\/strong><\/td>\n<td><strong>Living\u00a0<\/strong><\/td>\n<td><strong>Classic\u00a0<\/strong><\/td>\n<td><strong>Rustic<\/strong><\/td>\n<\/tr>\n<tr>\n<td colspan=\"10\"><\/td>\n<\/tr>\n<tr>\n<td rowspan=\"9\"><span style=\"font-weight: 400;\">Tamm\u00a0<\/span><\/td>\n<td rowspan=\"9\"><span style=\"font-weight: 400;\">Pealmine kiht: T\u00e4istammest \u00a0<\/span><\/p>\n<p><span style=\"font-weight: 400;\">Alumine kiht: Kasevineer<\/span><\/td>\n<td rowspan=\"9\"><span style=\"font-weight: 400;\">16\/4,5<\/span><\/td>\n<td rowspan=\"3\"><span style=\"font-weight: 400;\">300<\/span><\/td>\n<td><span style=\"font-weight: 400;\">2200-3000\u00a0<\/span><\/td>\n<td><b>134,53\u00a0<\/b><\/td>\n<td><b>116,16\u00a0<\/b><\/td>\n<td><b>104,60\u00a0<\/b><\/td>\n<td><b>100,96\u00a0<\/b><\/td>\n<td><b>89,51<\/b><\/td>\n<\/tr>\n<tr>\n<td><span style=\"font-weight: 400;\">1400-2200\u00a0<\/span><\/td>\n<td><b>118,47\u00a0<\/b><\/td>\n<td><b>102,47\u00a0<\/b><\/td>\n<td><b>93,31\u00a0<\/b><\/td>\n<td><b>90,09\u00a0<\/b><\/td>\n<td><b>80,13<\/b><\/td>\n<\/tr>\n<tr>\n<td><span style=\"font-weight: 400;\">600-1400\u00a0<\/span><\/td>\n<td><b>107,24\u00a0<\/b><\/td>\n<td><b>92,93\u00a0<\/b><\/td>\n<td><b>85,40\u00a0<\/b><\/td>\n<td><b>82,53\u00a0<\/b><\/td>\n<td><b>73,64<\/b><\/td>\n<\/tr>\n<tr>\n<td rowspan=\"3\"><span style=\"font-weight: 400;\">240<\/span><\/td>\n<td><span style=\"font-weight: 400;\">2200-3000\u00a0<\/span><\/td>\n<td><b>109,10\u00a0<\/b><\/td>\n<td><b>95,65\u00a0<\/b><\/td>\n<td><b>86,27\u00a0<\/b><\/td>\n<td><b>82,48\u00a0<\/b><\/td>\n<td><b>76,52<\/b><\/td>\n<\/tr>\n<tr>\n<td><span style=\"font-weight: 400;\">1400-2200\u00a0<\/span><\/td>\n<td><b>104,43\u00a0<\/b><\/td>\n<td><b>91,67\u00a0<\/b><\/td>\n<td><b>83,10\u00a0<\/b><\/td>\n<td><b>79,50\u00a0<\/b><\/td>\n<td><b>73,78<\/b><\/td>\n<\/tr>\n<tr>\n<td><span style=\"font-weight: 400;\">600-1400\u00a0<\/span><\/td>\n<td><b>93,55\u00a0<\/b><\/td>\n<td><b>82,57\u00a0<\/b><\/td>\n<td><b>75,17\u00a0<\/b><\/td>\n<td><b>71,95\u00a0<\/b><\/td>\n<td><b>66,88<\/b><\/td>\n<\/tr>\n<tr>\n<td rowspan=\"3\"><span style=\"font-weight: 400;\">210<\/span><\/td>\n<td><span style=\"font-weight: 400;\">2200-3000\u00a0<\/span><\/td>\n<td><b>99,23\u00a0<\/b><\/td>\n<td><b>87,13\u00a0<\/b><\/td>\n<td><b>78,33\u00a0<\/b><\/td>\n<td><b>74,70\u00a0<\/b><\/td>\n<td><b>68,93<\/b><\/td>\n<\/tr>\n<tr>\n<td><span style=\"font-weight: 400;\">1400-2200\u00a0<\/span><\/td>\n<td><b>94,73\u00a0<\/b><\/td>\n<td><b>83,30\u00a0<\/b><\/td>\n<td><b>75,28\u00a0<\/b><\/td>\n<td><b>71,82\u00a0<\/b><\/td>\n<td><b>66,33<\/b><\/td>\n<\/tr>\n<tr>\n<td><span style=\"font-weight: 400;\">600-1400\u00a0<\/span><\/td>\n<td><b>85,03\u00a0<\/b><\/td>\n<td><b>75,85\u00a0<\/b><\/td>\n<td><b>68,43\u00a0<\/b><\/td>\n<td><b>65,33\u00a0<\/b><\/td>\n<td><b>60,45<\/b><\/td>\n<\/tr>\n<tr>\n<td rowspan=\"6\"><span style=\"font-weight: 400;\">Tamm<\/span><\/td>\n<td rowspan=\"6\"><span style=\"font-weight: 400;\">Pealmine kiht: T\u00e4istammest \u00a0<\/span><\/p>\n<p><span style=\"font-weight: 400;\">Alumine kiht: Kasevineer<\/span><\/td>\n<td rowspan=\"6\"><span style=\"font-weight: 400;\">12\/3,2<\/span><\/td>\n<td rowspan=\"3\"><span style=\"font-weight: 400;\">240<\/span><\/td>\n<td><span style=\"font-weight: 400;\">2200-3000\u00a0<\/span><\/td>\n<td><b>91,28\u00a0<\/b><\/td>\n<td><b>80,52\u00a0<\/b><\/td>\n<td><b>73,02\u00a0<\/b><\/td>\n<td><b>70,00\u00a0<\/b><\/td>\n<td><b>65,20<\/b><\/td>\n<\/tr>\n<tr>\n<td><span style=\"font-weight: 400;\">1400-2200\u00a0<\/span><\/td>\n<td><b>87,53\u00a0<\/b><\/td>\n<td><b>77,33\u00a0<\/b><\/td>\n<td><b>70,48\u00a0<\/b><\/td>\n<td><b>67,60\u00a0<\/b><\/td>\n<td><b>63,03<\/b><\/td>\n<\/tr>\n<tr>\n<td><span style=\"font-weight: 400;\">600-1400\u00a0<\/span><\/td>\n<td><b>78,83\u00a0<\/b><\/td>\n<td><b>70,05\u00a0<\/b><\/td>\n<td><b>64,13\u00a0<\/b><\/td>\n<td><b>61,57\u00a0<\/b><\/td>\n<td><b>57,50<\/b><\/td>\n<\/tr>\n<tr>\n<td rowspan=\"3\"><span style=\"font-weight: 400;\">260<\/span><\/td>\n<td><span style=\"font-weight: 400;\">2200-3000\u00a0<\/span><\/td>\n<td><b>94,92\u00a0<\/b><\/td>\n<td><b>83,43\u00a0<\/b><\/td>\n<td><b>75,62\u00a0<\/b><\/td>\n<td><b>72,52\u00a0<\/b><\/td>\n<td><b>67,62<\/b><\/td>\n<\/tr>\n<tr>\n<td><span style=\"font-weight: 400;\">1400-2200\u00a0<\/span><\/td>\n<td><b>91,08\u00a0<\/b><\/td>\n<td><b>80,17\u00a0<\/b><\/td>\n<td><b>73,02\u00a0<\/b><\/td>\n<td><b>70,07\u00a0<\/b><\/td>\n<td><b>65,38<\/b><\/td>\n<\/tr>\n<tr>\n<td><span style=\"font-weight: 400;\">600-1400\u00a0<\/span><\/td>\n<td><b>81,75\u00a0<\/b><\/td>\n<td><b>72,00\u00a0<\/b><\/td>\n<td><b>66,10\u00a0<\/b><\/td>\n<td><b>63,47\u00a0<\/b><\/td>\n<td><b>59,30<\/b><\/td>\n<\/tr>\n<\/tbody>\n<\/table>\n","protected":false},"excerpt":{"rendered":"<p>Stalgeni mitmekihilised p\u00f5randalauad on saadaval kahes paksuses: 12mm\/3,2mm ja 16mm\/4,4mm.<\/p>\n","protected":false},"featured_media":24687,"comment_status":"open","ping_status":"closed","template":"","meta":{"_acf_changed":false},"factory":[],"free-shipment":[],"product_brand":[],"product_cat":[1682,294,176],"product_tag":[132,298],"class_list":{"0":"post-24696","1":"product","2":"type-product","3":"status-publish","4":"has-post-thumbnail","6":"product_cat-1-lipiline-laudparkett","7":"product_cat-parkett","8":"product_cat-porand","9":"product_tag-floor-et-2","10":"product_tag-oak-et-2","12":"first","13":"instock","14":"sale","15":"taxable","16":"shipping-taxable","17":"purchasable","18":"product-type-simple"},"acf":[],"_links":{"self":[{"href":"https:\/\/factory.sale\/et\/wp-json\/wp\/v2\/product\/24696","targetHints":{"allow":["GET"]}}],"collection":[{"href":"https:\/\/factory.sale\/et\/wp-json\/wp\/v2\/product"}],"about":[{"href":"https:\/\/factory.sale\/et\/wp-json\/wp\/v2\/types\/product"}],"replies":[{"embeddable":true,"href":"https:\/\/factory.sale\/et\/wp-json\/wp\/v2\/comments?post=24696"}],"wp:featuredmedia":[{"embeddable":true,"href":"https:\/\/factory.sale\/et\/wp-json\/wp\/v2\/media\/24687"}],"wp:attachment":[{"href":"https:\/\/factory.sale\/et\/wp-json\/wp\/v2\/media?parent=24696"}],"wp:term":[{"taxonomy":"factory","embeddable":true,"href":"https:\/\/factory.sale\/et\/wp-json\/wp\/v2\/factory?post=24696"},{"taxonomy":"free-shipment","embeddable":true,"href":"https:\/\/factory.sale\/et\/wp-json\/wp\/v2\/free-shipment?post=24696"},{"taxonomy":"product_brand","embeddable":true,"href":"https:\/\/factory.sale\/et\/wp-json\/wp\/v2\/product_brand?post=24696"},{"taxonomy":"product_cat","embeddable":true,"href":"https:\/\/factory.sale\/et\/wp-json\/wp\/v2\/product_cat?post=24696"},{"taxonomy":"product_tag","embeddable":true,"href":"https:\/\/factory.sale\/et\/wp-json\/wp\/v2\/product_tag?post=24696"}],"curies":[{"name":"wp","href":"https:\/\/api.w.org\/{rel}","templated":true}]}}