{"id":24614,"date":"2023-03-09T16:28:53","date_gmt":"2023-03-22T21:28:12","guid":{"rendered":"https:\/\/factory.sale\/?post_type=product&#038;p=24614"},"modified":"2024-06-25T20:12:02","modified_gmt":"2024-06-25T20:12:02","slug":"umaron-grillmaja-11-m2","status":"publish","type":"product","link":"https:\/\/factory.sale\/et\/toode\/umaron-grillmaja-11-m2\/","title":{"rendered":"\u00dcmaron Grillmaja 11 m2"},"content":{"rendered":"<p>See v\u00e4ike kuppelhoone sobib suurep\u00e4raselt maakoju v\u00f5i v\u00e4ikesesse aeda.<\/p>\n<p>Kuppelhoone ehituseks on kasutatud ainult kvaliteetseid materjale nii katte, karkassi kui ka viimistluse osas.<\/p>\n<p>&nbsp;<\/p>\n<p><strong>Kuplihoone standardsed omadused:<\/strong><\/p>\n<ul>\n<li>\u00dchekordne 5-6 mm karastatud turvaklaas<\/li>\n<li>Ilmastikukindel vineer<\/li>\n<li>Ventilatsiooniavad<\/li>\n<li>Lukustatav metallist uks<\/li>\n<li>V\u00e4rvitud RAL v\u00e4rviga<\/li>\n<li>Garantii 2 aastat<\/li>\n<\/ul>\n<p>&nbsp;<\/p>\n<p><strong>M\u00f5\u00f5dud:<\/strong><\/p>\n<ul>\n<li>K\u00f5rgus: 2,8 m<\/li>\n<li>L\u00e4bim\u00f5\u00f5t: 3,8 m<\/li>\n<li>Pindala: 11,5 m2<\/li>\n<li>Sokli k\u00f5rgus: 65 cm<\/li>\n<\/ul>\n<p>&nbsp;<\/p>\n<p>&nbsp;<\/p>\n<p><strong>Materjal:<\/strong><\/p>\n<ul>\n<li>Karastatud turvaklaas<\/li>\n<li>Raam valmistatud niiskuskindlast vineerist<\/li>\n<li>Okaspuidust sokkel<\/li>\n<\/ul>\n<p>&nbsp;<\/p>\n<p>&nbsp;<\/p>\n<p><strong>Valida saab 3 erineva klaasit\u00fc\u00fcbi vahel:<\/strong><\/p>\n<ul>\n<li>5 mm l\u00e4bipaistev karastatud turvaklaas<\/li>\n<li>6 mm pronksitooni karastatud turvaklaas<\/li>\n<li>6 mm hall karastatud turvaklaas<\/li>\n<li>lisaks pakume p\u00e4ikesekaitsekilega kiletamist. Nii peegelefektiga kui ka l\u00e4bipaistmatuks muutmiseks.<\/li>\n<\/ul>\n<p>&nbsp;<\/p>\n<p><strong>Uks ja ventilatsioon:<\/strong><\/p>\n<ul>\n<li>Pulberv\u00e4rvitud metallist uks<\/li>\n<li>Spiraalne ventilaator<\/li>\n<li>Hoone alumises osas 4 ventilatsiooniava<\/li>\n<\/ul>\n<p>&nbsp;<\/p>\n<p><strong>T\u00e4islahendus sisaldab:<\/strong><\/p>\n<ul>\n<li>\u00dcmaron 11 m2<\/li>\n<li>Puidust terrass 4 m x 4 m<\/li>\n<li>Grillimseks ja l\u00f5kke tegemiseks alus koos suitsu koluga<\/li>\n<li>Paigaldus ja transport Eesti piires<\/li>\n<\/ul>\n<p>&nbsp;<\/p>\n<p><strong>Garantii:<\/strong><\/p>\n<p>\u00dcmaroni kuppelhooned on valmistatud ainult kvaliteetsetest materjalidest, millel on sertifikaadid. Anname raamile ja puitosale<br \/>\ngarantii 2 aastat. Klaasi purunemise vastu garantiid anda ei saa. Selleks kasutame karastatud turvaklaasi.<\/p>\n<p>&nbsp;<\/p>\n<p>&nbsp;<\/p>\n<p><strong>Paigaldamine:<\/strong><\/p>\n<p>Kuppelhooned on projekteeritud nii, et paigaldusega saaks hakkama iga\u00fcks. Ainult 3 inimest ja umbes 8 tundi.<br \/>\nPakume ka paigaldust Eestis koos transpordiga.<\/p>\n<p>&nbsp;<\/p>\n<p>&nbsp;<\/p>\n<p><strong><em>K\u00fcsige hinnapakkumist!<\/em><\/strong><\/p>\n<p>&nbsp;<\/p>\n<p>&nbsp;<\/p>\n<h2>Kuidas kuppelhoonet paigaldatakse?<\/h2>\n<div class=\"video-wrapper \"><iframe loading=\"lazy\" title=\"Kuidas kuppelhoonet paigaldatakse?\" width=\"500\" height=\"281\" src=\"https:\/\/www.youtube.com\/embed\/9rrxbc6upIc?feature=oembed\" frameborder=\"0\" allow=\"accelerometer; autoplay; clipboard-write; encrypted-media; gyroscope; picture-in-picture; web-share\" referrerpolicy=\"strict-origin-when-cross-origin\" allowfullscreen><\/iframe><\/div>\n","protected":false},"excerpt":{"rendered":"<p><strong>Unikaalne v\u00e4limus ja p\u00f5nevad lahendused!<\/strong><\/p>\n<p>See v\u00e4ike kuppelhoone sobib suurep\u00e4raselt maakoju v\u00f5i v\u00e4ikesesse aeda.<\/p>\n<p>Kuppelhoone ehituseks on kasutatud ainult kvaliteetseid materjale nii katte, karkassi kui ka viimistluse osas.<\/p>\n<p>&nbsp;<\/p>\n","protected":false},"featured_media":24606,"comment_status":"open","ping_status":"closed","template":"","meta":{"_acf_changed":false},"factory":[],"free-shipment":[],"product_brand":[],"product_cat":[793,1277],"product_tag":[1035],"class_list":{"0":"post-24614","1":"product","2":"type-product","3":"status-publish","4":"has-post-thumbnail","6":"product_cat-element-house","7":"product_cat-geodesic-dome-2","8":"product_tag-garden","10":"first","11":"instock","12":"sale","13":"taxable","14":"shipping-taxable","15":"purchasable","16":"product-type-simple"},"acf":[],"_links":{"self":[{"href":"https:\/\/factory.sale\/et\/wp-json\/wp\/v2\/product\/24614","targetHints":{"allow":["GET"]}}],"collection":[{"href":"https:\/\/factory.sale\/et\/wp-json\/wp\/v2\/product"}],"about":[{"href":"https:\/\/factory.sale\/et\/wp-json\/wp\/v2\/types\/product"}],"replies":[{"embeddable":true,"href":"https:\/\/factory.sale\/et\/wp-json\/wp\/v2\/comments?post=24614"}],"wp:featuredmedia":[{"embeddable":true,"href":"https:\/\/factory.sale\/et\/wp-json\/wp\/v2\/media\/24606"}],"wp:attachment":[{"href":"https:\/\/factory.sale\/et\/wp-json\/wp\/v2\/media?parent=24614"}],"wp:term":[{"taxonomy":"factory","embeddable":true,"href":"https:\/\/factory.sale\/et\/wp-json\/wp\/v2\/factory?post=24614"},{"taxonomy":"free-shipment","embeddable":true,"href":"https:\/\/factory.sale\/et\/wp-json\/wp\/v2\/free-shipment?post=24614"},{"taxonomy":"product_brand","embeddable":true,"href":"https:\/\/factory.sale\/et\/wp-json\/wp\/v2\/product_brand?post=24614"},{"taxonomy":"product_cat","embeddable":true,"href":"https:\/\/factory.sale\/et\/wp-json\/wp\/v2\/product_cat?post=24614"},{"taxonomy":"product_tag","embeddable":true,"href":"https:\/\/factory.sale\/et\/wp-json\/wp\/v2\/product_tag?post=24614"}],"curies":[{"name":"wp","href":"https:\/\/api.w.org\/{rel}","templated":true}]}}