{"id":24592,"date":"2023-03-09T15:31:00","date_gmt":"2023-03-09T15:51:11","guid":{"rendered":"https:\/\/factory.sale\/?post_type=product&#038;p=24592"},"modified":"2024-06-26T07:08:20","modified_gmt":"2024-06-26T07:08:20","slug":"umaron-kuppelmaja-9-m2","status":"publish","type":"product","link":"https:\/\/factory.sale\/et\/toode\/umaron-kuppelmaja-9-m2\/","title":{"rendered":"\u00dcmaron kuppelmaja 9 m2"},"content":{"rendered":"<p>V\u00e4ike kuppelhoone sobib ideaalselt maakoju v\u00f5i pisemasse hoovi.<\/p>\n<p>Kuppelhoone valmistamiseks on kasutatud vaid kvaliteetseid materjale, nii katte, karkassi, kui ka viimistluse puhul.<\/p>\n<p>&nbsp;<\/p>\n<p>&nbsp;<\/p>\n<p><strong>Kuppelhoone standard omadused:<\/strong><\/p>\n<ul>\n<li>\u00dchekordne 4 mm karastatud turvaklaas<\/li>\n<li>Ilmastikukindel vineer<\/li>\n<li>Ventilatsiooniavad<\/li>\n<li>Lukustatav metalluks<\/li>\n<li>RAL v\u00e4rvitoonis v\u00e4rvitud<\/li>\n<li>Garantii 2 aastat<\/li>\n<\/ul>\n<p>&nbsp;<\/p>\n<p><strong>M\u00f5\u00f5dud:<\/strong><\/p>\n<ul>\n<li>K\u00f5rgus: 2,6 m<\/li>\n<li>L\u00e4bim\u00f5\u00f5t: \u00a03,4 m<\/li>\n<li>Pindala: 9 m2<\/li>\n<li>Sokli k\u00f5rgus: 0,7 m<\/li>\n<\/ul>\n<p>&nbsp;<\/p>\n<p><strong>Materjal:<\/strong><\/p>\n<ul>\n<li>Karastatud turvaklaas<\/li>\n<li>Raam valmistatud\u00a0niiskuskindlast vineerist<\/li>\n<li>Hoonete sokkel okaspuit<\/li>\n<\/ul>\n<p>&nbsp;<\/p>\n<p><strong>Valikus on 3 erinevat klaasit\u00fc\u00fcpi (hinnad ei sisalda KM):<\/strong><\/p>\n<ul>\n<li>4 mm kirgas karastatud turvaklaas &#8211; 6430 .-<\/li>\n<li>4 mm pronksi tooni karastatud turvaklaas &#8211; 7060 .-<\/li>\n<li>4 mm halli tooni karastatud turvaklaas &#8211; 7060 .-<\/li>\n<li>lisaks pakume p\u00e4ikesekaitsekilega kiletamist. Nii peegelefektiga, kui ka l\u00e4bipaistmatuks muutmiseks.<\/li>\n<\/ul>\n<p>&nbsp;<\/p>\n<p><strong>Uks ja ventilatsioon:<\/strong><\/p>\n<ul>\n<li>Pulberv\u00e4rvitud metalluks<\/li>\n<li>Spiraal ventilaator<\/li>\n<li>4 ventilatsiooniava hoone alaosas<\/li>\n<\/ul>\n<p>&nbsp;<\/p>\n<p><strong>Garantii<\/strong><\/p>\n<p>\u00dcmaron kuppelhooned on\u00a0valmistatud ainult\u00a0kvaliteetsetest materjalidest,\u00a0mis omavad sertifikaate.\u00a0Raamile ja puitosale anname<br \/>\ngarantii 2 aastat. Klaasi\u00a0purunemise eest garantiid\u00a0anda ei saa. Selleks\u00a0kasutamegi karastatud\u00a0turvaklaasi.<\/p>\n<p>&nbsp;<\/p>\n<p><strong>Paigaldus:<\/strong><\/p>\n<p>Kuppelhooned on disainitud\u00a0nii, et paigaldamisega saab\u00a0hakkama iga\u00fcks. Vaid 3\u00a0abilist ja ca 8 tundi.Pakume Eestis ka paigaldust<br \/>\nkoos transpordiga.<\/p>\n<p>&nbsp;<\/p>\n<p>&nbsp;<\/p>\n<p>&nbsp;<\/p>\n<p>&nbsp;<\/p>\n<p>&nbsp;<\/p>\n<div id=\"title\" class=\"style-scope ytd-watch-metadata\">\n<h2 class=\"style-scope ytd-watch-metadata\">Kuidas kuppelhoonet paigaldatakse?<\/h2>\n<\/div>\n<div class=\"video-wrapper \"><iframe loading=\"lazy\" title=\"Kuidas kuppelhoonet paigaldatakse?\" width=\"500\" height=\"281\" src=\"https:\/\/www.youtube.com\/embed\/9rrxbc6upIc?feature=oembed\" frameborder=\"0\" allow=\"accelerometer; autoplay; clipboard-write; encrypted-media; gyroscope; picture-in-picture; web-share\" referrerpolicy=\"strict-origin-when-cross-origin\" allowfullscreen><\/iframe><\/div>\n","protected":false},"excerpt":{"rendered":"<h3>Unikaalne v\u00e4limus ja p\u00f5nevad lahendused!<\/h3>\n<p>V\u00e4ike kuppelhoone sobib ideaalselt maakoju v\u00f5i pisemasse hoovi.<\/p>\n<p>Kuppelhoone valmistamiseks on kasutatud vaid kvaliteetseid materjale, nii katte, karkassi, kui ka viimistluse puhul.<\/p>\n<p>&nbsp;<\/p>\n","protected":false},"featured_media":24575,"comment_status":"open","ping_status":"closed","template":"","meta":{"_acf_changed":false},"factory":[],"free-shipment":[],"product_brand":[],"product_cat":[801,1278],"product_tag":[],"class_list":{"0":"post-24592","1":"product","2":"type-product","3":"status-publish","4":"has-post-thumbnail","6":"product_cat-elementmajad-2","7":"product_cat-kuppelmajad","9":"first","10":"instock","11":"sale","12":"taxable","13":"shipping-taxable","14":"purchasable","15":"product-type-simple"},"acf":[],"_links":{"self":[{"href":"https:\/\/factory.sale\/et\/wp-json\/wp\/v2\/product\/24592","targetHints":{"allow":["GET"]}}],"collection":[{"href":"https:\/\/factory.sale\/et\/wp-json\/wp\/v2\/product"}],"about":[{"href":"https:\/\/factory.sale\/et\/wp-json\/wp\/v2\/types\/product"}],"replies":[{"embeddable":true,"href":"https:\/\/factory.sale\/et\/wp-json\/wp\/v2\/comments?post=24592"}],"wp:featuredmedia":[{"embeddable":true,"href":"https:\/\/factory.sale\/et\/wp-json\/wp\/v2\/media\/24575"}],"wp:attachment":[{"href":"https:\/\/factory.sale\/et\/wp-json\/wp\/v2\/media?parent=24592"}],"wp:term":[{"taxonomy":"factory","embeddable":true,"href":"https:\/\/factory.sale\/et\/wp-json\/wp\/v2\/factory?post=24592"},{"taxonomy":"free-shipment","embeddable":true,"href":"https:\/\/factory.sale\/et\/wp-json\/wp\/v2\/free-shipment?post=24592"},{"taxonomy":"product_brand","embeddable":true,"href":"https:\/\/factory.sale\/et\/wp-json\/wp\/v2\/product_brand?post=24592"},{"taxonomy":"product_cat","embeddable":true,"href":"https:\/\/factory.sale\/et\/wp-json\/wp\/v2\/product_cat?post=24592"},{"taxonomy":"product_tag","embeddable":true,"href":"https:\/\/factory.sale\/et\/wp-json\/wp\/v2\/product_tag?post=24592"}],"curies":[{"name":"wp","href":"https:\/\/api.w.org\/{rel}","templated":true}]}}