{"id":24566,"date":"2023-03-08T13:56:07","date_gmt":"2023-03-08T14:05:42","guid":{"rendered":"https:\/\/factory.sale\/?post_type=product&#038;p=24566"},"modified":"2024-06-25T21:31:30","modified_gmt":"2024-06-25T21:31:30","slug":"longi-solar-fotogalvaaniline-moodul-540-w-bifacial-hobedane","status":"publish","type":"product","link":"https:\/\/factory.sale\/et\/toode\/longi-solar-fotogalvaaniline-moodul-540-w-bifacial-hobedane\/","title":{"rendered":"Longi Solar fotogalvaaniline moodul 540 W BIFACIAL (H\u00d5BEDANE)"},"content":{"rendered":"<p>Monokristalliline Longi p\u00e4ikesepaneel v\u00f5imsusega 540 Wp (144 jagatud elementi)<\/p>\n<p>Monokristalliline fotogalvaaniline moodul PERC-tehnoloogiaga (Passive Enitter Rear Cell) kaubam\u00e4rgist Longi Solar 540Wp k\u00f5rge efektiivsusega kuni 21,1%. Sellel p\u00e4ikesepaneelil on positiivne v\u00f5imsustolerants 0\/+5W, mis tagab energia tootmise kogu selle eluea jooksul. Suure v\u00f5imsusega ja p\u00e4ikeseenergia tihedusega fotogalvaaniline paneel, mis sobib ideaalselt v\u00f5rku \u00fchendatud v\u00f5i isoleeritud paigaldiste jaoks, millel on ruumipiirangud. P\u00e4ikesepaneelide seeria\u00fchendus kuni 1500V avatud vooluringis<\/p>\n<p>LONGI p\u00e4ikesepaneelid pakuvad 10-aastast toote-, tootmis- ja materjaligarantiid ning 25-aastast tootmist koos 4,10% suurema garantiiga v\u00f5rreldes tavaliste p\u00e4ikesepaneelidega<\/p>\n<p>&nbsp;<\/p>\n<ul>\n<li>P\u00e4ikesepaneel PERC tehnoloogiaga, mis tagab k\u00f5rge kasuteguri (21,1%) v\u00f5rreldes tavaliste p\u00e4ikesepatareidega.<\/li>\n<li>Aeglasem v\u00f5imsuse halvenemine v\u00f5rreldes teiste p\u00e4ikesepaneelidega t\u00e4nu madala LID-tehnoloogiale (Light Induced Degradation) v\u00f5i mida nimetatakse ka valguse p\u00f5hjustatud lagunemiseks. Minimaalse esialgse lagunemisega.<\/li>\n<li>T\u00e4nu oma 144 v\u00e4iksemale elemendile (72 eset) on p\u00e4ikesepaneel parema j\u00f5udlusega enne osalist varjutamist.<\/li>\n<li>LONGI 540Wp p\u00e4ikesepaneelile paigaldatud jagatud elemendid tagavad parema j\u00f5udluse t\u00e4nu l\u00fchemale siini pikkusele, mis tekitab elektronide rekombinatsiooni<\/li>\n<li>K\u00f5rge vastupidavus PID (Power Induced Degradation) lagunemisele pingeerinevuse t\u00f5ttu t\u00e4nu kvaliteetsele tootmisprotsessile ja materjalide valikule<\/li>\n<li>V\u00e4hendab mikropragude teket selle Longi fotogalvaanilise paneeli elementides, kuna need on v\u00e4iksemad, mis soodustab p\u00e4ikeseenergia tootmist kogu selle eluea jooksul.<\/li>\n<li>P\u00e4ikesepaneeli v\u00e4iksem v\u00f5imsuskadu LONGI poolitavate elementide madala t\u00f6\u00f6voolu t\u00f5ttu.<\/li>\n<li>P\u00e4ikesepaneel, mis talub suuri staatilisi lumekoormusi kuni (5400Pa) ja d\u00fcnaamilisi tuulekoormusi 2400 Pa.<\/li>\n<li>Bifacial tehnoloogia k\u00f5rge j\u00f5udlus.<\/li>\n<\/ul>\n<p>&nbsp;<\/p>\n<p><strong>Toote andmed STC (1000 W\/m2; T-rakk 25\u00baC):<\/strong><\/p>\n<ul>\n<li>Tootekood: long540<\/li>\n<li>Mudel: LR5-540M-72HPH<\/li>\n<li>Tippv\u00f5imsus (Wp): 540<\/li>\n<li>Maksimaalne v\u00f5imsustolerants: 0\/+5W<\/li>\n<li>Pinge maksimaalsel v\u00f5imsusel Vmpp (V): 41,65 V<\/li>\n<li>Maksimaalne v\u00f5imsusvool Amp (A): 12,97 A<\/li>\n<li>Avatud vooluahela pinge (Voc): 49,50 V<\/li>\n<li>L\u00fchisvool (Isc): 13,85 A<\/li>\n<li>Mooduli efektiivsus (%): 21,1%<\/li>\n<li>Rakkude arv: 144 monokristallilist<\/li>\n<li>Mooduli m\u00f5\u00f5dud: 2256 x 1133 x 35 mm<\/li>\n<li>Kaal: 32,3 kg<\/li>\n<li>Klaas: 2 mm karastatud klaas<\/li>\n<li>Raam: Anodeeritud alumiiniumist h\u00f5bedane v\u00e4rv<\/li>\n<li>J-Box: IP68 3 m\u00f6\u00f6daviigudioodiga<\/li>\n<li>Kaablid: PV kaabel 4 mm2, 300 mm,<\/li>\n<li>\u00dchendused: MC4 v\u00f5i samav\u00e4\u00e4rne<\/li>\n<\/ul>\n<p>&nbsp;<\/p>\n<p><em>*Hind kehtib v\u00e4hemalt 1 aluse tellimisel<\/em><\/p>\n<p>&nbsp;<\/p>\n<p>&nbsp;<\/p>\n<p><a href=\"https:\/\/factory.sale\/wp-content\/uploads\/2023\/03\/Installation_Manual_for_LON_Gi_Solar_PV_Modules_V15_4b75a96278.pdf\" target=\"_blank\" rel=\"noopener\">Manuaal<\/a><\/p>\n<p><a href=\"https:\/\/factory.sale\/wp-content\/uploads\/2023\/03\/Longi_TDS_520-545M_LR5-72HBD_HiMO5_EN.pdf\" target=\"_blank\" rel=\"noopener\">Admete_leht<\/a><\/p>\n","protected":false},"excerpt":{"rendered":"<p>Monokristalliline fotogalvaaniline moodul PERC-tehnoloogiaga (Passive Enitter Rear Cell) tootja Longi Solar 540W on \u00a0k\u00f5rge efektiivsusega kuni 21,1%. Sellel p\u00e4ikesepaneelil on positiivne v\u00f5imsustolerants 0\/+5W, mis tagab energia tootmise kogu selle eluea jooksul. Suure v\u00f5imsusega ja p\u00e4ikeseenergia tihedusega fotogalvaaniline paneel, mis sobib ideaalselt v\u00f5rku \u00fchendatud v\u00f5i isoleeritud paigaldiste jaoks, millel on ruumipiirangud. P\u00e4ikesepaneelide seeria\u00fchendus kuni 1500V avatud vooluringis<\/p>\n","protected":false},"featured_media":24564,"comment_status":"open","ping_status":"closed","template":"","meta":{"_acf_changed":false},"factory":[],"free-shipment":[],"product_brand":[],"product_cat":[961,965],"product_tag":[3002],"class_list":{"0":"post-24566","1":"product","2":"type-product","3":"status-publish","4":"has-post-thumbnail","6":"product_cat-paikesepaneelid","7":"product_cat-taastuv-energia","8":"product_tag-renewable-energy-et","10":"first","11":"instock","12":"sale","13":"taxable","14":"shipping-taxable","15":"purchasable","16":"product-type-simple"},"acf":[],"_links":{"self":[{"href":"https:\/\/factory.sale\/et\/wp-json\/wp\/v2\/product\/24566","targetHints":{"allow":["GET"]}}],"collection":[{"href":"https:\/\/factory.sale\/et\/wp-json\/wp\/v2\/product"}],"about":[{"href":"https:\/\/factory.sale\/et\/wp-json\/wp\/v2\/types\/product"}],"replies":[{"embeddable":true,"href":"https:\/\/factory.sale\/et\/wp-json\/wp\/v2\/comments?post=24566"}],"wp:featuredmedia":[{"embeddable":true,"href":"https:\/\/factory.sale\/et\/wp-json\/wp\/v2\/media\/24564"}],"wp:attachment":[{"href":"https:\/\/factory.sale\/et\/wp-json\/wp\/v2\/media?parent=24566"}],"wp:term":[{"taxonomy":"factory","embeddable":true,"href":"https:\/\/factory.sale\/et\/wp-json\/wp\/v2\/factory?post=24566"},{"taxonomy":"free-shipment","embeddable":true,"href":"https:\/\/factory.sale\/et\/wp-json\/wp\/v2\/free-shipment?post=24566"},{"taxonomy":"product_brand","embeddable":true,"href":"https:\/\/factory.sale\/et\/wp-json\/wp\/v2\/product_brand?post=24566"},{"taxonomy":"product_cat","embeddable":true,"href":"https:\/\/factory.sale\/et\/wp-json\/wp\/v2\/product_cat?post=24566"},{"taxonomy":"product_tag","embeddable":true,"href":"https:\/\/factory.sale\/et\/wp-json\/wp\/v2\/product_tag?post=24566"}],"curies":[{"name":"wp","href":"https:\/\/api.w.org\/{rel}","templated":true}]}}