{"id":24556,"date":"2023-03-08T13:38:08","date_gmt":"2023-03-08T13:45:16","guid":{"rendered":"https:\/\/factory.sale\/?post_type=product&#038;p=24556"},"modified":"2024-06-28T09:08:31","modified_gmt":"2024-06-28T09:08:31","slug":"longi-solar-fotogalvaaniline-moodul-500-w-hih-must","status":"publish","type":"product","link":"https:\/\/factory.sale\/et\/toode\/longi-solar-fotogalvaaniline-moodul-500-w-hih-must\/","title":{"rendered":"Longi Solar fotogalvaaniline moodul 500 W HIH (must)"},"content":{"rendered":"<p>Seda paneeli iseloomustavad PERC t\u00fc\u00fcpi monokristallilised r\u00e4ni poolelemendid, mille efektiivsus on kuni 21,1%. See v\u00f5imaldab genereerida suuremat v\u00e4ljundit ja suuremat efektiivsust kui 72-elemendiline paneel. PERC-tehnoloogia on olnud fotogalvaanilise t\u00f6\u00f6stuse suur areng t\u00e4nu fotogalvaaniliste moodulite suurenenud efektiivsusele. Sellega t\u00f5stame p\u00e4ikesepatareide kogumise efektiivsust v\u00f5rreldes sama jaotusega fotogalvaaniliste p\u00e4ikesepaneelidega, v\u00e4hendades p\u00e4ikesepaneelide tootmishinda ja l\u00f5ppmaksumust.<\/p>\n<p>See moodul sobib ideaalselt t\u00f6\u00f6stuslikeks omatarbeks p\u00e4ikesepaneelide paigaldamiseks. See on kvaliteetne ja vastupidav paneel, mis on valmistatud monokristallilisest r\u00e4nist anodeeritud alumiiniumraamiga. Tootele, valmistamisele ja materjalidele on 12-aastane garantii ning tootmisele 25 aastat.<\/p>\n<p>&nbsp;<\/p>\n<p>&nbsp;<\/p>\n<p><strong>Toote andmed:<\/strong><\/p>\n<ul>\n<li>Tippv\u00f5imsus (PMAX): 500 W<\/li>\n<li>Pinge maksimaalsel v\u00f5imsusel (VMPP): 38,38V<\/li>\n<li>Intensiivsus maksimaalsel v\u00f5imsusel (IMPP): 13,03A<\/li>\n<li>Avatud vooluahela pinge (VOC): 45,55 V<\/li>\n<li>L\u00fchisvool (ISC): 13,90A<\/li>\n<li>M\u00f5\u00f5dud: 2093 x 1134 x 35 mm<\/li>\n<li>Kaal: 25,3 kg<\/li>\n<li>Kaitseaste: IP68<\/li>\n<li>Tootekood: long500<\/li>\n<\/ul>\n<p>&nbsp;<\/p>\n<p><em>*Hind kehtib v\u00e4hemalt 1 aluse tellimisel<\/em><\/p>\n<p>&nbsp;<\/p>\n<p><a href=\"https:\/\/factory.sale\/wp-content\/uploads\/2023\/03\/Installation_Manual_for_LON_Gi_Solar_PV_Modules_V15_4b75a96278.pdf\" target=\"_blank\" rel=\"noopener\">Manual<\/a><\/p>\n<p><a href=\"https:\/\/factory.sale\/wp-content\/uploads\/2023\/03\/20220119_LONGi_Data_Sheet_LR5_66HIH_485_505M_DRAFT_V02_LowRes_EN.pdf\" target=\"_blank\" rel=\"noopener\">Data_sheet<\/a><\/p>\n","protected":false},"excerpt":{"rendered":"<p>P\u00e4ikesepaneel 500 W LONGI HIH p\u00e4rineb 2000. aastal asutatud tootjalt Longi Solar, mis on fotogalvaanilise sektori \u00fcks parimaid ettev\u00f5tteid. Longi on turul tegutsenud \u00fcle 20 aasta ja pakub sektoris tehnoloogiliselt juhtivaid tooteid. .<\/p>\n<p>&nbsp;<\/p>\n","protected":false},"featured_media":24550,"comment_status":"open","ping_status":"closed","template":"","meta":{"_acf_changed":false},"factory":[],"free-shipment":[],"product_brand":[],"product_cat":[961,965],"product_tag":[3002],"class_list":{"0":"post-24556","1":"product","2":"type-product","3":"status-publish","4":"has-post-thumbnail","6":"product_cat-paikesepaneelid","7":"product_cat-taastuv-energia","8":"product_tag-renewable-energy-et","10":"first","11":"instock","12":"sale","13":"taxable","14":"shipping-taxable","15":"purchasable","16":"product-type-simple"},"acf":[],"_links":{"self":[{"href":"https:\/\/factory.sale\/et\/wp-json\/wp\/v2\/product\/24556","targetHints":{"allow":["GET"]}}],"collection":[{"href":"https:\/\/factory.sale\/et\/wp-json\/wp\/v2\/product"}],"about":[{"href":"https:\/\/factory.sale\/et\/wp-json\/wp\/v2\/types\/product"}],"replies":[{"embeddable":true,"href":"https:\/\/factory.sale\/et\/wp-json\/wp\/v2\/comments?post=24556"}],"wp:featuredmedia":[{"embeddable":true,"href":"https:\/\/factory.sale\/et\/wp-json\/wp\/v2\/media\/24550"}],"wp:attachment":[{"href":"https:\/\/factory.sale\/et\/wp-json\/wp\/v2\/media?parent=24556"}],"wp:term":[{"taxonomy":"factory","embeddable":true,"href":"https:\/\/factory.sale\/et\/wp-json\/wp\/v2\/factory?post=24556"},{"taxonomy":"free-shipment","embeddable":true,"href":"https:\/\/factory.sale\/et\/wp-json\/wp\/v2\/free-shipment?post=24556"},{"taxonomy":"product_brand","embeddable":true,"href":"https:\/\/factory.sale\/et\/wp-json\/wp\/v2\/product_brand?post=24556"},{"taxonomy":"product_cat","embeddable":true,"href":"https:\/\/factory.sale\/et\/wp-json\/wp\/v2\/product_cat?post=24556"},{"taxonomy":"product_tag","embeddable":true,"href":"https:\/\/factory.sale\/et\/wp-json\/wp\/v2\/product_tag?post=24556"}],"curies":[{"name":"wp","href":"https:\/\/api.w.org\/{rel}","templated":true}]}}