{"id":24543,"date":"2023-03-08T13:24:55","date_gmt":"2023-03-08T13:29:33","guid":{"rendered":"https:\/\/factory.sale\/?post_type=product&#038;p=24543"},"modified":"2024-06-27T22:52:00","modified_gmt":"2024-06-27T22:52:00","slug":"longi-solar-fotogalvaaniline-moodul-495-w-hih-must","status":"publish","type":"product","link":"https:\/\/factory.sale\/et\/toode\/longi-solar-fotogalvaaniline-moodul-495-w-hih-must\/","title":{"rendered":"Longi Solar fotogalvaaniline moodul 495 W HIH (MUST)"},"content":{"rendered":"<p><strong>Longi 495W<\/strong> p\u00e4ikesepaneel on Longi Solari toode, mis on m\u00f5eldud p\u00e4ikesekiirgusest elektrienergia tootmiseks. Paneeli nimiv\u00f5imsus on 495W ja see on valmistatud monokristallilistest elementidest, mis v\u00f5imaldab p\u00e4ikeseenergia elektrienergiaks muundamise k\u00f5rget efektiivsust. Paneel on varustatud ka spetsiaalse peegeldusvastase kihiga, mis suurendab elektrienergiaks muundatava p\u00e4ikeseenergia hulka. Longi 495W paneel on ka ilmastikukindel, muutes selle vastupidavaks ja t\u00f6\u00f6kindlaks.<\/p>\n<p>&nbsp;<\/p>\n<p><strong>P\u00f5hilised tehnilised andmed LONGI 495W fotogalvaanilise paneeli:<\/strong><\/p>\n<ul>\n<li>Maksimaalne v\u00f5imsus (Pmax \/ W): 495<\/li>\n<li>Avatud vooluahela pinge (Voc \/ V): 45,4<\/li>\n<li>L\u00fchisvool (Isc \/ A): 11,65<\/li>\n<li>Pinge maksimaalsel v\u00f5imsusel (Vmp \/ V): 38,2<\/li>\n<li>Vooluvool maksimaalsel v\u00f5imsusel (Imp \/ A): 12,95<\/li>\n<li>Mooduli efektiivsus [%]: 21.1<\/li>\n<li>Kaal 25,1 kg<\/li>\n<li>M\u00f5\u00f5dud: 2073 X 1133 X 35 mm<\/li>\n<li>Klaas: 3,2 mm karastatud klaas<\/li>\n<li>V\u00e4ljundjuhe: 4 mm2, 1200 mm<\/li>\n<li>Tootekood:\u00a0long495<\/li>\n<\/ul>\n<p>&nbsp;<\/p>\n<p><em>*Hind kehtib v\u00e4hemalt 1 aluse tellimisel<\/em><\/p>\n<p>&nbsp;<\/p>\n<p>&nbsp;<\/p>\n<p><a href=\"https:\/\/factory.sale\/wp-content\/uploads\/2023\/03\/Installation_Manual_for_LON_Gi_Solar_PV_Modules_V15_4b75a96278.pdf\" target=\"_blank\" rel=\"noopener\">Manuaal<\/a><\/p>\n<p><a href=\"https:\/\/factory.sale\/wp-content\/uploads\/2023\/03\/Longi490W-510W.pdf\" target=\"_blank\" rel=\"noopener\">Andmete_leht<\/a><\/p>\n","protected":false},"excerpt":{"rendered":"<p><strong>Longi 495 W<\/strong> p\u00e4ikesepaneel on Longi Solari toode, mis on m\u00f5eldud p\u00e4ikesekiirgusest elektrienergia tootmiseks. Paneeli nimiv\u00f5imsus on 495 W ja see on valmistatud monokristallilistest elementidest, mis v\u00f5imaldab p\u00e4ikeseenergia elektrienergiaks muundamise k\u00f5rget efektiivsust. Paneel on varustatud ka spetsiaalse peegeldusvastase kihiga, mis suurendab elektrienergiaks muundatava p\u00e4ikeseenergia hulka. Longi 495 W paneel on ka ilmastikukindel, muutes selle vastupidavaks ja t\u00f6\u00f6kindlaks.<\/p>\n<p>&nbsp;<\/p>\n","protected":false},"featured_media":24541,"comment_status":"open","ping_status":"closed","template":"","meta":{"_acf_changed":false},"factory":[],"free-shipment":[],"product_brand":[],"product_cat":[961,965],"product_tag":[3002],"class_list":{"0":"post-24543","1":"product","2":"type-product","3":"status-publish","4":"has-post-thumbnail","6":"product_cat-paikesepaneelid","7":"product_cat-taastuv-energia","8":"product_tag-renewable-energy-et","10":"first","11":"instock","12":"sale","13":"taxable","14":"shipping-taxable","15":"purchasable","16":"product-type-simple"},"acf":[],"_links":{"self":[{"href":"https:\/\/factory.sale\/et\/wp-json\/wp\/v2\/product\/24543","targetHints":{"allow":["GET"]}}],"collection":[{"href":"https:\/\/factory.sale\/et\/wp-json\/wp\/v2\/product"}],"about":[{"href":"https:\/\/factory.sale\/et\/wp-json\/wp\/v2\/types\/product"}],"replies":[{"embeddable":true,"href":"https:\/\/factory.sale\/et\/wp-json\/wp\/v2\/comments?post=24543"}],"wp:featuredmedia":[{"embeddable":true,"href":"https:\/\/factory.sale\/et\/wp-json\/wp\/v2\/media\/24541"}],"wp:attachment":[{"href":"https:\/\/factory.sale\/et\/wp-json\/wp\/v2\/media?parent=24543"}],"wp:term":[{"taxonomy":"factory","embeddable":true,"href":"https:\/\/factory.sale\/et\/wp-json\/wp\/v2\/factory?post=24543"},{"taxonomy":"free-shipment","embeddable":true,"href":"https:\/\/factory.sale\/et\/wp-json\/wp\/v2\/free-shipment?post=24543"},{"taxonomy":"product_brand","embeddable":true,"href":"https:\/\/factory.sale\/et\/wp-json\/wp\/v2\/product_brand?post=24543"},{"taxonomy":"product_cat","embeddable":true,"href":"https:\/\/factory.sale\/et\/wp-json\/wp\/v2\/product_cat?post=24543"},{"taxonomy":"product_tag","embeddable":true,"href":"https:\/\/factory.sale\/et\/wp-json\/wp\/v2\/product_tag?post=24543"}],"curies":[{"name":"wp","href":"https:\/\/api.w.org\/{rel}","templated":true}]}}